{"id":110,"date":"2014-02-23T21:24:34","date_gmt":"2014-02-23T21:24:34","guid":{"rendered":"http:\/\/todoelderecho3.wordpress.com\/?page_id=110"},"modified":"2018-07-18T19:02:26","modified_gmt":"2018-07-18T19:02:26","slug":"newsletter","status":"publish","type":"page","link":"https:\/\/www.todoelderecho.com.ar\/campus\/newsletter\/","title":{"rendered":"Newsletter"},"content":{"rendered":"<h4><b><img decoding=\"async\" src=\"https:\/\/www.todoelderecho.com\/bases\/flecha_roja.gif\" alt=\"\" \/>\u00a0<\/b>Newsletter gratuito<\/h4>\n<p><strong>Todas las novedades jur\u00eddicas en tu E-Mail. Registrate aqu\u00ed:<\/strong><\/p>\n<p>[contact-form to=&#8217;info@todoelderecho.com&#8217; subject=&#8217;Suscripci\u00f3n al Newsletter&#8217;][contact-field label=&#8217;Nombre y Apellido&#8217; type=&#8217;name&#8217; required=&#8217;1&#8217;\/][contact-field label=&#8217;Email&#8217; type=&#8217;email&#8217; required=&#8217;1&#8217;\/][contact-field label=&#8217;Telef\u00f3no&#8217; type=&#8217;text&#8217;\/][contact-field label=&#8217;Profesi\u00f3n&#8217; type=&#8217;text&#8217;\/][contact-field label=&#8217;Pa\u00eds &#8211; Ciudad&#8217; type=&#8217;text&#8217;\/][contact-field label=&#8217;Website&#8217; type=&#8217;url&#8217;\/][contact-field label=&#8217;Comentarios&#8217; type=&#8217;textarea&#8217;\/][\/contact-form]<\/p>\n<p>IMPORTANTE: Direcciones de correo de HOTMAIL: Revise la casilla de correo no deseado y coloquenos como \u00abEste no es correo no deseado\u00bb. La falta de espacio o mantenimiento de las mismas producen rechazos de nuestros correos y puede perder informaci\u00f3n. Sugerimos proporcionar otra cuenta de correo.<\/p>\n","protected":false},"excerpt":{"rendered":"<p>\u00a0Newsletter gratuito Todas las novedades jur\u00eddicas en tu E-Mail. Registrate aqu\u00ed: [contact-form to=&#8217;info@todoelderecho.com&#8217; subject=&#8217;Suscripci\u00f3n al Newsletter&#8217;][contact-field label=&#8217;Nombre y Apellido&#8217; type=&#8217;name&#8217; required=&#8217;1&#8217;\/][contact-field label=&#8217;Email&#8217; type=&#8217;email&#8217; required=&#8217;1&#8217;\/][contact-field label=&#8217;Telef\u00f3no&#8217; type=&#8217;text&#8217;\/][contact-field label=&#8217;Profesi\u00f3n&#8217; type=&#8217;text&#8217;\/][contact-field label=&#8217;Pa\u00eds &#8211; Ciudad&#8217; type=&#8217;text&#8217;\/][contact-field label=&#8217;Website&#8217; type=&#8217;url&#8217;\/][contact-field label=&#8217;Comentarios&#8217; type=&#8217;textarea&#8217;\/][\/contact-form] IMPORTANTE: Direcciones de correo de HOTMAIL: Revise la casilla de correo no deseado y &hellip;<\/p>\n","protected":false},"author":1,"featured_media":0,"parent":0,"menu_order":0,"comment_status":"closed","ping_status":"closed","template":"sidebar-page.php","meta":{"footnotes":""},"class_list":["post-110","page","type-page","status-publish","hentry"],"_links":{"self":[{"href":"https:\/\/www.todoelderecho.com.ar\/campus\/wp-json\/wp\/v2\/pages\/110","targetHints":{"allow":["GET"]}}],"collection":[{"href":"https:\/\/www.todoelderecho.com.ar\/campus\/wp-json\/wp\/v2\/pages"}],"about":[{"href":"https:\/\/www.todoelderecho.com.ar\/campus\/wp-json\/wp\/v2\/types\/page"}],"author":[{"embeddable":true,"href":"https:\/\/www.todoelderecho.com.ar\/campus\/wp-json\/wp\/v2\/users\/1"}],"replies":[{"embeddable":true,"href":"https:\/\/www.todoelderecho.com.ar\/campus\/wp-json\/wp\/v2\/comments?post=110"}],"version-history":[{"count":0,"href":"https:\/\/www.todoelderecho.com.ar\/campus\/wp-json\/wp\/v2\/pages\/110\/revisions"}],"wp:attachment":[{"href":"https:\/\/www.todoelderecho.com.ar\/campus\/wp-json\/wp\/v2\/media?parent=110"}],"curies":[{"name":"wp","href":"https:\/\/api.w.org\/{rel}","templated":true}]}}