{"id":13,"date":"2014-02-23T09:19:58","date_gmt":"2014-02-23T09:19:58","guid":{"rendered":"http:\/\/todoelderecho3.wordpress.com\/?page_id=13"},"modified":"2019-08-18T04:25:35","modified_gmt":"2019-08-18T04:25:35","slug":"cursos-a-distancia","status":"publish","type":"page","link":"https:\/\/www.todoelderecho.com.ar\/campus\/cursos-a-distancia\/","title":{"rendered":"CURSOS A DISTANCIA"},"content":{"rendered":"<p style=\"text-align: justify;\"><img decoding=\"async\" src=\"https:\/\/www.todoelderecho.com\/bases\/flecha_roja2.gif\" alt=\"\" \/>\u00a0La Capacitaci\u00f3n a Distancia tiene entre tantas ventajas, la disponibilidad de estudiar las 24 horas, los 365 d\u00edas del a\u00f1o. Adaptaci\u00f3n del proceso educativo a la velocidad de aprendizaje de cada individuo. Medio ideal para la ense\u00f1anza cont\u00ednua. No posee barreras ni l\u00edmites en la informaci\u00f3n recibida.<\/p>\n<div style=\"text-align: justify;\"><\/div>\n<div style=\"text-align: justify;\"><img decoding=\"async\" src=\"https:\/\/www.todoelderecho.com\/bases\/flecha_roja2.gif\" alt=\"\" \/> Los cursos est\u00e1n estructurados en 4 m\u00f3dulos en formato texto. Asimismo, cada m\u00f3dulo tendr\u00e1 una Gu\u00eda de Repaso y\/o Actividades (no obligatorias).<\/p>\n<\/div>\n<p style=\"text-align: justify;\"><img decoding=\"async\" src=\"https:\/\/www.todoelderecho.com\/bases\/flecha_roja2.gif\" alt=\"\" \/>\u00a0A la finalizaci\u00f3n de todos los M\u00f3dulos, se realizar\u00e1 un examen final (no obligatorio) que el alumno podr\u00e1 entregar para su revisi\u00f3n. Una vez revisado\u00a0dicho ex\u00e1men, se enviar\u00e1 el correspondiente certificado de realizaci\u00f3n del curso.<\/p>\n<p style=\"text-align: justify;\"><img decoding=\"async\" src=\"https:\/\/www.todoelderecho.com\/bases\/flecha_roja2.gif\" alt=\"\" \/> El material de estudio y de consulta, est\u00e1 siempre disponible, en tiempo real, desde su hogar o su estudio, en cualquier computadora, sin l\u00edmites ni restricciones de acceso, por todo el tiempo de duraci\u00f3n del curso.<\/p>\n<p style=\"text-align: justify;\"><img decoding=\"async\" src=\"https:\/\/www.todoelderecho.com\/bases\/flecha_roja2.gif\" alt=\"\" \/>\u00a0El cursado es 100% por Internet. NO hay clases presenciales. Mediante una clave de usuario suscripto y un password se accede al Campus Virtual. El alumno podr\u00e1 realizar preguntas y despejar cualquier duda al tutor v\u00eda email.<\/p>\n<p style=\"text-align: justify;\"><strong>Caracter\u00edsticas de los cursos y\/o talleres con inicio Inmediato:<\/strong><br \/>\nLa inscripci\u00f3n y acceso no dependen de ninguna fecha de inicio estipulada previamente. Una vez inscripto, el alumno recibe el alta de su nombre de usuario y contrase\u00f1a para acceder al aula virtual y comenzar la cursada.<br \/>\nEl alumno tendr\u00e1 cuatro\u00a0meses para realizar el curso y\/o taller, a su propio ritmo, sin horarios fijos.<\/p>\n<p style=\"text-align: justify;\"><img decoding=\"async\" src=\"https:\/\/www.todoelderecho.com\/bases\/flecha_roja2.gif\" alt=\"\" \/>\u00a0INSCRIPCION y PAGO. Debe inscribirse completando el\u00a0formulario on-line del curso o taller con sus datos y la elecci\u00f3n de la forma de pago. Se considerar\u00e1 inscripto al curso una vez que el pago sea registrado. Una vez recepcionado el pago se \u00abDARA DE ALTA\u00bb para comenzar el curso, recibir\u00e1 por mail sus datos de acceso como as\u00ed tambi\u00e9n instrucciones que le servir\u00e1n para el desarrollo de la cursada.<\/p>\n<p style=\"text-align: justify;\">Puede abonar su inscripci\u00f3n (luego de completado el formulario) en el centro de pagos: <a href=\"https:\/\/www.todoelderecho.com.ar\/campus\/pagos\/\">https:\/\/www.todoelderecho.com.ar\/campus\/pagos\/<\/a><\/p>\n<table border=\"0\" width=\"98%\" cellspacing=\"0\" cellpadding=\"0\">\n<tbody>\n<tr>\n<td align=\"center\" valign=\"bottom\">\n<div>\n<div align=\"center\"><img decoding=\"async\" title=\"Visa\" src=\"https:\/\/todoelderecho.com\/bases\/visa_chi.gif\" alt=\"Visa\" width=\"29\" height=\"19\" align=\"absmiddle\" \/>\u00a0<img decoding=\"async\" title=\"Mastercard\" src=\"https:\/\/todoelderecho.com\/bases\/master.gif\" alt=\"Mastercard\" width=\"29\" height=\"19\" align=\"absmiddle\" hspace=\"0\" vspace=\"0\" \/>\u00a0<img decoding=\"async\" title=\"American Express\" src=\"https:\/\/todoelderecho.com\/bases\/amex.gif\" alt=\"American Express\" width=\"29\" height=\"19\" align=\"absmiddle\" hspace=\"0\" vspace=\"0\" \/>\u00a0<img decoding=\"async\" title=\"Tarjeta Naranja\" src=\"https:\/\/todoelderecho.com\/bases\/tarnaranja.gif\" alt=\"Tarjeta Naranja\" width=\"34\" height=\"20\" align=\"absmiddle\" \/>\u00a0<img decoding=\"async\" title=\"Argencard\" src=\"https:\/\/todoelderecho.com\/bases\/acard.gif\" alt=\"Argencard\" width=\"29\" height=\"28\" align=\"absmiddle\" \/>\u00a0<img decoding=\"async\" title=\"Pago F\u00e1cil\" src=\"https:\/\/todoelderecho.com\/bases\/pagofacil.gif\" alt=\"Pago F\u00e1cil\" width=\"25\" height=\"24\" align=\"absmiddle\" hspace=\"0\" vspace=\"0\" \/>\u00a0<img decoding=\"async\" title=\"Rapipago\" src=\"https:\/\/todoelderecho.com\/bases\/rapipago%20(1).gif\" alt=\"Rapipago\" width=\"51\" height=\"20\" align=\"absmiddle\" \/>\u00a0<img decoding=\"async\" src=\"https:\/\/todoelderecho.com\/bases\/cobroexlogochico.jpg\" alt=\"Pagar y cobrar mediante pagofacil, rapipago, bapropagos, ripsa, cobroexpress, prestaronline, secondlife, banco, bbva, pagomiscuentas, banelco, banelcomovil\" width=\"65\" height=\"37\" \/><img decoding=\"async\" src=\"https:\/\/todoelderecho.com\/bases\/ripsalogochico.jpg\" alt=\"Pagar y cobrar mediante pagofacil, rapipago, bapropagos, ripsa, cobroexpress, prestaronline, secondlife, banco, bbva, pagomiscuentas, banelco, banelcomovil\" width=\"58\" height=\"30\" \/><img decoding=\"async\" title=\"Bapro Pagos\" src=\"https:\/\/todoelderecho.com\/bases\/bapro.gif\" alt=\"Bapro Pagos\" width=\"58\" height=\"20\" align=\"absmiddle\" hspace=\"0\" vspace=\"0\" \/>\u00a0<img decoding=\"async\" title=\"Banelco\" src=\"https:\/\/todoelderecho.com\/bases\/banelco.gif\" alt=\"Banelco\" width=\"31\" height=\"20\" align=\"absmiddle\" hspace=\"0\" vspace=\"0\" \/>\u00a0<img decoding=\"async\" title=\"Red Link\" src=\"https:\/\/todoelderecho.com\/bases\/redlink.gif\" alt=\"Red Link\" width=\"25\" height=\"24\" align=\"absmiddle\" hspace=\"0\" vspace=\"0\" \/><img decoding=\"async\" title=\"Dep\u00f3sito Bancario\" src=\"https:\/\/todoelderecho.com\/bases\/dep_bancaria.gif\" alt=\"Dep\u00f3sito Bancario\" width=\"60\" height=\"25\" align=\"absmiddle\" hspace=\"0\" vspace=\"0\" \/>\u00a0<img decoding=\"async\" title=\"Transferencia bancaria\" src=\"https:\/\/todoelderecho.com\/bases\/trans_banc.gif\" alt=\"Transferencia bancaria\" width=\"82\" height=\"25\" align=\"absmiddle\" hspace=\"0\" vspace=\"0\" \/><br \/>\n<img decoding=\"async\" src=\"https:\/\/todoelderecho.com\/bases\/voucherlogochico.jpg\" alt=\"Pagar y cobrar mediante pagofacil, rapipago, bapropagos, ripsa, cobroexpress, prestaronline, secondlife, banco, bbva, pagomiscuentas, banelco, banelcomovil\" width=\"82\" height=\"43\" \/>\u00a0<img decoding=\"async\" src=\"https:\/\/todoelderecho.com\/bases\/cdlogochico.jpg\" alt=\"Pagar y cobrar mediante pagofacil, rapipago, bapropagos, ripsa, cobroexpress, prestaronline, secondlife, banco, bbva, pagomiscuentas, banelco, banelcomovil\" width=\"134\" height=\"43\" \/><img decoding=\"async\" src=\"https:\/\/todoelderecho.com\/bases\/banelcomovillogochico.jpg\" alt=\"Pagar y cobrar mediante pagofacil, rapipago, bapropagos, ripsa, cobroexpress, prestaronline, secondlife, banco, bbva, pagomiscuentas, banelco, banelcomovil\" width=\"111\" height=\"43\" \/>\u00a0<img decoding=\"async\" src=\"https:\/\/todoelderecho.com\/bases\/pmclogochico.jpg\" alt=\"Pagar y cobrar mediante pagofacil, rapipago, bapropagos, ripsa, cobroexpress, prestaronline, secondlife, banco, bbva, pagomiscuentas, banelco, banelcomovil\" width=\"150\" height=\"43\" \/><\/div>\n<\/div>\n<\/td>\n<\/tr>\n<\/tbody>\n<\/table>\n<p><a href=\"https:\/\/www.todoelderecho.com.ar\/campus\/shop\/cursos-y-talleres\/inscripcion-como-alumno-regular-anual\/\" target=\"_top\" rel=\"noopener noreferrer\"><img decoding=\"async\" title=\"Capacitaci\u00f3n Jur\u00eddica On Line - Cursos y Talleres\" src=\"https:\/\/www.todoelderecho.com\/publicidad3.png\" alt=\"\" width=\"691\" height=\"290\" border=\"0\" hspace=\"20\" \/><\/a><\/p>\n","protected":false},"excerpt":{"rendered":"<p>\u00a0La Capacitaci\u00f3n a Distancia tiene entre tantas ventajas, la disponibilidad de estudiar las 24 horas, los 365 d\u00edas del a\u00f1o. Adaptaci\u00f3n del proceso educativo a la velocidad de aprendizaje de cada individuo. Medio ideal para la ense\u00f1anza cont\u00ednua. No posee barreras ni l\u00edmites en la informaci\u00f3n recibida. Los cursos est\u00e1n &hellip;<\/p>\n","protected":false},"author":1,"featured_media":0,"parent":0,"menu_order":0,"comment_status":"closed","ping_status":"closed","template":"sidebar-page.php","meta":{"footnotes":""},"class_list":["post-13","page","type-page","status-publish","hentry"],"_links":{"self":[{"href":"https:\/\/www.todoelderecho.com.ar\/campus\/wp-json\/wp\/v2\/pages\/13","targetHints":{"allow":["GET"]}}],"collection":[{"href":"https:\/\/www.todoelderecho.com.ar\/campus\/wp-json\/wp\/v2\/pages"}],"about":[{"href":"https:\/\/www.todoelderecho.com.ar\/campus\/wp-json\/wp\/v2\/types\/page"}],"author":[{"embeddable":true,"href":"https:\/\/www.todoelderecho.com.ar\/campus\/wp-json\/wp\/v2\/users\/1"}],"replies":[{"embeddable":true,"href":"https:\/\/www.todoelderecho.com.ar\/campus\/wp-json\/wp\/v2\/comments?post=13"}],"version-history":[{"count":0,"href":"https:\/\/www.todoelderecho.com.ar\/campus\/wp-json\/wp\/v2\/pages\/13\/revisions"}],"wp:attachment":[{"href":"https:\/\/www.todoelderecho.com.ar\/campus\/wp-json\/wp\/v2\/media?parent=13"}],"curies":[{"name":"wp","href":"https:\/\/api.w.org\/{rel}","templated":true}]}}