{"id":25,"date":"2014-02-23T09:24:25","date_gmt":"2014-02-23T09:24:25","guid":{"rendered":"http:\/\/todoelderecho3.wordpress.com\/?page_id=25"},"modified":"2024-06-20T22:03:43","modified_gmt":"2024-06-20T22:03:43","slug":"metodologia","status":"publish","type":"page","link":"https:\/\/www.todoelderecho.com.ar\/campus\/metodologia\/","title":{"rendered":"METODOLOG\u00cdA"},"content":{"rendered":"<p style=\"text-align: justify;\"><img decoding=\"async\" src=\"https:\/\/www.todoelderecho.com\/bases\/flecha_roja2.gif\" alt=\"\" \/>\u00a0La Capacitaci\u00f3n a Distancia tiene entre tantas ventajas, la disponibilidad de estudiar las 24 horas, los 365 d\u00edas del a\u00f1o. Adaptaci\u00f3n del proceso educativo a la velocidad de aprendizaje de cada individuo. Medio ideal para la ense\u00f1anza cont\u00ednua. No posee barreras ni l\u00edmites en la informaci\u00f3n recibida.<br \/>\n<img decoding=\"async\" src=\"https:\/\/www.todoelderecho.com\/bases\/flecha_roja2.gif\" alt=\"\" \/>\u00a0Los cursos y talleres de autoaprendizaje est\u00e1n estructurados en m\u00f3dulos en formato texto.\u00a0Asimismo, cada m\u00f3dulo tendr\u00e1 una Gu\u00eda de Repaso y\/o Actividades (no obligatorias).<br \/>\n<img decoding=\"async\" src=\"https:\/\/www.todoelderecho.com\/bases\/flecha_roja2.gif\" alt=\"\" \/>\u00a0El material de estudio y de consulta, est\u00e1 siempre disponible, en tiempo real, desde su hogar o su estudio, en cualquier computadora, sin l\u00edmites ni restricciones de acceso, por todo el tiempo de duraci\u00f3n del curso.<br \/>\n<img decoding=\"async\" src=\"https:\/\/www.todoelderecho.com\/bases\/flecha_roja2.gif\" alt=\"\" \/>\u00a0El cursado es 100% por Internet. NO hay clases presenciales. Mediante\u00a0un\u00a0nombre de usuario y contrase\u00f1a se accede al Campus Virtual.<br \/>\n<img decoding=\"async\" src=\"https:\/\/www.todoelderecho.com\/bases\/flecha_roja2.gif\" alt=\"\" \/>\u00a0Los cursos y talleres son sin tutor\u00edas. Se realiza de manera autoevaluativa y las actividades se autocorrigen. Con la finalizaci\u00f3n del \u00faltimo m\u00f3dulo el alumno podr\u00e1 solicitar su certificado de participaci\u00f3n y lo recibir\u00e1 en formato digital por correo electr\u00f3nico.<\/p>\n<p style=\"text-align: justify;\"><strong>Caracter\u00edsticas de los cursos y\/o talleres con inicio Inmediato:<\/strong><br \/>\nLa inscripci\u00f3n y acceso no dependen de ninguna fecha de inicio estipulada previamente. Una vez inscripto, el alumno recibe el alta de su nombre de usuario y contrase\u00f1a para acceder al aula virtual y comenzar la cursada.<br \/>\nEl alumno tendr\u00e1 cuatro\u00a0meses para realizar el curso y\/o taller, a su propio ritmo, sin horarios fijos.<\/p>\n<p style=\"text-align: justify;\"><img decoding=\"async\" src=\"https:\/\/www.todoelderecho.com\/bases\/flecha_roja2.gif\" alt=\"\" \/> INSCRIPCION y PAGO. Debe inscribirse completando el\u00a0formulario on-line del curso o taller con sus datos y la elecci\u00f3n de la forma de pago. Se considerar\u00e1 inscripto al curso una vez que el pago sea registrado. Una vez recepcionado el pago se \u00abDARA DE ALTA\u00bb para comenzar el curso, recibir\u00e1 por mail sus datos de acceso como as\u00ed tambi\u00e9n instrucciones que le servir\u00e1n para el desarrollo de la cursada.<\/p>\n","protected":false},"excerpt":{"rendered":"<p>\u00a0La Capacitaci\u00f3n a Distancia tiene entre tantas ventajas, la disponibilidad de estudiar las 24 horas, los 365 d\u00edas del a\u00f1o. Adaptaci\u00f3n del proceso educativo a la velocidad de aprendizaje de cada individuo. Medio ideal para la ense\u00f1anza cont\u00ednua. No posee barreras ni l\u00edmites en la informaci\u00f3n recibida. \u00a0Los cursos y &hellip;<\/p>\n","protected":false},"author":1,"featured_media":0,"parent":0,"menu_order":0,"comment_status":"closed","ping_status":"closed","template":"sidebar-page.php","meta":{"footnotes":""},"class_list":["post-25","page","type-page","status-publish","hentry"],"_links":{"self":[{"href":"https:\/\/www.todoelderecho.com.ar\/campus\/wp-json\/wp\/v2\/pages\/25","targetHints":{"allow":["GET"]}}],"collection":[{"href":"https:\/\/www.todoelderecho.com.ar\/campus\/wp-json\/wp\/v2\/pages"}],"about":[{"href":"https:\/\/www.todoelderecho.com.ar\/campus\/wp-json\/wp\/v2\/types\/page"}],"author":[{"embeddable":true,"href":"https:\/\/www.todoelderecho.com.ar\/campus\/wp-json\/wp\/v2\/users\/1"}],"replies":[{"embeddable":true,"href":"https:\/\/www.todoelderecho.com.ar\/campus\/wp-json\/wp\/v2\/comments?post=25"}],"version-history":[{"count":0,"href":"https:\/\/www.todoelderecho.com.ar\/campus\/wp-json\/wp\/v2\/pages\/25\/revisions"}],"wp:attachment":[{"href":"https:\/\/www.todoelderecho.com.ar\/campus\/wp-json\/wp\/v2\/media?parent=25"}],"curies":[{"name":"wp","href":"https:\/\/api.w.org\/{rel}","templated":true}]}}