{"id":459,"date":"2014-08-26T08:15:54","date_gmt":"2014-08-26T08:15:54","guid":{"rendered":"http:\/\/www.todoelderecho.com.ar\/campus\/?page_id=459"},"modified":"2021-01-20T14:27:23","modified_gmt":"2021-01-20T14:27:23","slug":"curso-de-reclamos-por-accidentes-de-transito","status":"publish","type":"page","link":"https:\/\/www.todoelderecho.com.ar\/campus\/curso-de-reclamos-por-accidentes-de-transito\/","title":{"rendered":"Curso de Reclamos por Accidentes de Tr\u00e1nsito"},"content":{"rendered":"<p style=\"text-align: justify;\" align=\"JUSTIFY\">El curso est\u00e1 dirigido a profesionales, abogados, estudiantes de Derecho, profesiones a fines y p\u00fablico en general con inter\u00e9s en el Derecho de Da\u00f1os, especialmente ellos que quieran adquirir y profundizar conocimientos en la formulaci\u00f3n de la Demanda por Da\u00f1os y Perjuicios a causa de los Accidentes de Tr\u00e1nsito. Se abordar\u00e1 el tema de estudio en forma te\u00f3rica, pr\u00e1ctica y jurisprudencial. Trat\u00e1ndose de una formaci\u00f3n cursada online, el alumno podr\u00e1 adaptar los horarios de trabajo seg\u00fan le sea m\u00e1s eficaz. Podr\u00e1s acceder, descargar e imprimir tanto los contenidos del curso como el material de estudio complementario que ponemos a disposici\u00f3n de los alumnos las 24hs, desde cualquier computadora con conexi\u00f3n a internet.<\/p>\n<p style=\"text-align: justify;\">Modalidad:<br \/>\nOn-line mediante el uso de una plataforma tecnol\u00f3gica de \u00faltima generaci\u00f3n. El curso tiene 8 m\u00f3dulos en formato texto, es de autoaprendizaje y se realiza por internet. Los participantes podr\u00e1n conectarse cuando deseen sin restricciones de d\u00edas ni horarios. El alumno tendr\u00e1 acceso al material de estudio y a las actividades que podr\u00e1 utilizar desde su computadora, bajarlo o imprimirlo. La capacitaci\u00f3n se realiza de manera autoevaluativa y las actividades se autocorrigen. Con la finalizaci\u00f3n del \u00faltimo m\u00f3dulo el alumno podr\u00e1 solicitar su certificado de participaci\u00f3n y lo recibir\u00e1 en formato digital por correo electr\u00f3nico.<\/p>\n<p>Material de estudio:<br \/>\nPonemos a disposici\u00f3n de los alumnos fallos, legislaci\u00f3n y modelos de escritos para el ejercicio profesional.<\/p>\n<p style=\"text-align: justify;\" align=\"JUSTIFY\">Medios de pago:<br \/>\nArancel del curso completo: $3800 pesos finales<br \/>\nPagoFacil \u2013 Tarjeta de cr\u00e9dito y\/o d\u00e9bito \u2013 Transferencia electr\u00f3nica \u2013 Dep\u00f3sito bancario.<\/p>\n<p align=\"JUSTIFY\"><strong>PROGRAMA DEL CURSO<\/strong><\/p>\n<p>M\u00d3DULO I<\/p>\n<p>La Responsabilidad Civil.<br \/>\nIntroducci\u00f3n<br \/>\nLa Responsabilidad Civil<br \/>\nConcepto. Fundamento<br \/>\nPresupuestos de Responsabilidad Civil<br \/>\nDiversos Presupuestos de responsabilidad civil. Presupuesto por el riesgo o vicio de la cosa<br \/>\nFactores de atribuci\u00f3n de la responsabilidad civil<br \/>\nFactores Subjetivos. La Culpa<br \/>\nFactores Objetivos<br \/>\nPrincipios fundamentales en la responsabilidad por da\u00f1os<br \/>\nFunciones de la Responsabilidad Civil<br \/>\nDistintas funciones de la Responsabilidad Civil. Relevancia de la funci\u00f3n resarcitoria<br \/>\nConclusi\u00f3n<\/p>\n<p>M\u00d3DULO II<br \/>\nResponsabilidad Civil en los Accidentes de Tr\u00e1nsito.<br \/>\nIntroducci\u00f3n<br \/>\nAccidentes de tr\u00e1nsito<br \/>\nAccidente de Tr\u00e1nsito. Noci\u00f3n<br \/>\nAccidentes de Tr\u00e1nsito en Argentina<br \/>\nLa Responsabilidad Civil por accidentes de automotores<br \/>\nFactor de atribuci\u00f3n atribuible en materia de accidentes de automotores. Modificaciones introducidas con la sanci\u00f3n del nuevo C\u00f3digo Civil y Comercial de la Naci\u00f3n. Ley N\u00ba 26.994.<br \/>\nAn\u00e1lisis de diversos supuestos<br \/>\nIntervenci\u00f3n de dos o m\u00e1s veh\u00edculos<br \/>\nIntervenci\u00f3n de peatones<br \/>\nTransporte oneroso<br \/>\nTransporte Ben\u00e9volo<br \/>\nConclusi\u00f3n<\/p>\n<p>M\u00d3DULO III<br \/>\nR\u00e9gimen Legal.<br \/>\nIntroducci\u00f3n<br \/>\nC\u00f3digo Civil Argentino Derogado. Ausencia de normativa. Posturas doctrinarias y\/o jurisprudenciales<br \/>\nModificaciones introducidas con la sanci\u00f3n del nuevo C\u00f3digo Civil y Comercial de la Naci\u00f3n. Ley N\u00ba 26.994<br \/>\nAn\u00e1lisis particularizado del Art\u00edculo 1758 y 1769 CCCN<br \/>\nLey Nacional de Tr\u00e1nsito N\u00ba 24.449. Decreto Reglamentario N\u00ba 779\/95<br \/>\nLey de Tr\u00e1nsito N\u00ba 6684 de la Provincia de San Juan. Decretos reglamentarios N\u00ba 0071\/96 y N\u00ba 0326\/97<br \/>\nConclusi\u00f3n<\/p>\n<p>M\u00d3DULO IV<br \/>\nLegitimaci\u00f3n en los Accidentes de Tr\u00e1nsito.<br \/>\nIntroducci\u00f3n<br \/>\nLegitimaci\u00f3n Activa para reclamar indemnizaci\u00f3n en los accidentes de tr\u00e1nsito. Modificaciones introducidas con el nuevo C\u00f3digo Civil y Comercial de la Naci\u00f3n. Ley N\u00ba 26.994<br \/>\nDamnificado directo o v\u00edctima<br \/>\nDamnificado indirecto<br \/>\nLegitimaci\u00f3n pasiva en los accidentes de tr\u00e1nsito. Modificaciones introducidas con el nuevo C\u00f3digo Civil y Comercial de la Naci\u00f3n. Ley N\u00ba 26.994<br \/>\nDue\u00f1o<br \/>\nGuardi\u00e1n<br \/>\nCompa\u00f1\u00edas de Seguro. R\u00e9gimen vigente de seguro obligatorio en materia de accidentes de automotores. Ley de Tr\u00e1nsito N\u00ba 24.449. Ley de Contrato de Seguro N\u00ba 17.418<br \/>\nConclusi\u00f3n<\/p>\n<p>M\u00d3DULO V<br \/>\nEximentes de Responsabilidad Civil.<br \/>\nIntroducci\u00f3n<br \/>\nCausales de exoneraci\u00f3n de responsabilidad<br \/>\nHecho del Damnificado. An\u00e1lisis del Art.1729 CCCN<br \/>\nCaso Fortuito o Fuerza Mayor. An\u00e1lisis del Art. 1730 CCCN<br \/>\nHecho de un Tercero. An\u00e1lisis del Art.1731 CCCN<br \/>\nImposibilidad de cumplimiento. An\u00e1lisis del Art.1732 y 1733 CCCN<br \/>\nPrueba de las causales de excusaci\u00f3n. An\u00e1lisis del Art.1734 CCCN<br \/>\nConclusi\u00f3n<\/p>\n<p>M\u00d3DULO VI<br \/>\nIndemnizaci\u00f3n de los da\u00f1os causados por Accidentes de Automotores.<br \/>\nIntroducci\u00f3n<br \/>\nIndemnizaci\u00f3n de los da\u00f1os causados por accidentes de automotores<br \/>\nDa\u00f1o y su reparaci\u00f3n plena<br \/>\nDa\u00f1o en los accidentes de tr\u00e1nsito<br \/>\nDa\u00f1o indemnizables en el delito de homicidio<br \/>\nDa\u00f1o indemnizable en el delito de lesiones<br \/>\nDa\u00f1os causados al automotor<br \/>\nCriterios de cuantificaci\u00f3n<br \/>\nConclusi\u00f3n<br \/>\nCONCLUSI\u00d3N FINAL<\/p>\n<p>M\u00d3DULO VII<br \/>\nContrato de Seguro.<br \/>\nEl Contrato de Seguros<br \/>\nEl contrato de seguro como contrato por adhesi\u00f3n.<br \/>\nAccidentes de tr\u00e1nsito<br \/>\nPartes<br \/>\nResponsabilidad objetiva. Causales de exclusi\u00f3n de la misma.<\/p>\n<p>M\u00d3DULO VIII<br \/>\nExclusiones de cobertura. Generalidades.<br \/>\nExclusiones de cobertura. Introito<br \/>\nDelimitaciones causales subjetivas y objetivas<br \/>\nExclusi\u00f3n al tercero transportado<br \/>\nCulpa Grave en el seguro automotor<br \/>\nEbriedad<br \/>\nFalta de carnet habilitante<br \/>\nExceso de velocidad<br \/>\nDerecho comparado<br \/>\nConclusi\u00f3n<br \/>\nBibliograf\u00eda consultada<\/p>\n<p>PARTE PRACTICA<br \/>\nModelo Inicia demanda por da\u00f1os y perjuicios aplicando el C\u00f3digo Civil y Comercial<br \/>\nSe cita en garant\u00eda la compa\u00f1\u00eda de seguros<br \/>\nModelo Promueve demanda por accidente de tr\u00e1nsito aplicando el C\u00f3digo Civil y Comercial<br \/>\nModelo de demanda por accidente de tr\u00e1nsito en la provincia de Buenos Aires<br \/>\nModelo Promueve querella por accidente de tr\u00e1nsito<br \/>\nModelo Oficio de levantamiento de embargo de automotor<br \/>\nModelo de reclamo a aseguradora<br \/>\nConvenio indemnizatorio por da\u00f1os y perjuicios en accidente de tr\u00e1nsito<br \/>\nSolicitan homologaci\u00f3n por accidente de tr\u00e1nsito<\/p>\n<p><span style=\"color: #ff0000;\">*Al comprar la inscripci\u00f3n al Curso recibir\u00e1 en su email el link del curso o taller, nombre de usuario y contrase\u00f1a asignado para acceder a las aulas.<\/span><\/p>\n<p style=\"text-align: center;\"><strong><span style=\"color: #993366;\">Inscripci\u00f3n al Curso:<\/span><\/strong><\/p>\n<p><span style=\"font-weight: normal; color: #444444;\">        <script type=\"text\/javascript\">\n         function cp_contactformtoemail_pform_doValidate_1(form)\n         {\n            document.cp_contactformtoemail_pform_1.cp_ref_page.value = document.location;\n            $dexQuery = jQuery.noConflict();            {\n                var cpefb_error = 0;\n                $dexQuery(\"#cp_contactformtoemail_pform_1\").find(\".cpefb_error\").each(function(index){\n                    if ($dexQuery(this).css(\"display\")!=\"none\")\n                        cpefb_error++;\n                    });\n                if (cpefb_error) return false;\n                if (document.cp_contactformtoemail_pform_1.cp_contactformtoemail_pform_status.value != '0')\n                           return false;\n                document.getElementById(\"refpage_1\").value = document.location;\n                cfte_blink(\".pbSubmit\");\n                document.cp_contactformtoemail_pform_1.cp_contactformtoemail_pform_status.value = '2';return true;            }\n         }\n         function cfte_blink(selector){\n                 try {\n                     $dexQuery = jQuery.noConflict();\n                     $dexQuery(selector).fadeOut(700, function(){\n                         $dexQuery(this).fadeIn(700, function(){\n                             try {\n                                 if (document.cp_contactformtoemail_pform_1.cp_contactformtoemail_pform_status.value != '0')\n                                     cfte_blink(this);\n                             } catch (e) {}\n                         });\n                     });\n                 } catch (e) {}\n         }\n         function cp_contactformtoemail_cerror_1(){$dexQuery = jQuery.noConflict();$dexQuery(\"#hdcaptcha_error_1\").css('top',$dexQuery(\"#hdcaptcha_cp_contactformtoemail_post_1\").outerHeight());$dexQuery(\"#hdcaptcha_error_1\").css(\"display\",\"inline\");}\n        <\/script>\n        <div id=\"cftedialog\" style=\"display:none;\"><\/div>\n        <form class=\"cpp_form no-prefetch\" name=\"cp_contactformtoemail_pform_1\" id=\"cp_contactformtoemail_pform_1\" action=\"\/campus\/curso-de-reclamos-por-accidentes-de-transito\/?ahbnocache=143893\" method=\"post\" enctype=\"multipart\/form-data\" onsubmit=\"return cp_contactformtoemail_pform_doValidate_1(this);\"><input type=\"hidden\" name=\"cp_pform_psequence\" value=\"_1\" \/><input type=\"hidden\" name=\"cp_contactformtoemail_pform_process\" value=\"1\" \/><input type=\"hidden\" name=\"cp_contactformtoemail_id\" value=\"28\" \/><input type=\"hidden\" name=\"cp_ref_page\" value=\"\" \/><input type=\"hidden\" name=\"form_structure_1\" id=\"form_structure_1\" size=\"180\" value=\"[[{&quot;name&quot;:&quot;fieldname1&quot;,&quot;index&quot;:0,&quot;title&quot;:&quot;Nombre y Apellido&quot;,&quot;required&quot;:true,&quot;shortlabel&quot;:&quot;&quot;,&quot;ftype&quot;:&quot;ftext&quot;,&quot;userhelp&quot;:&quot;&quot;,&quot;userhelpTooltip&quot;:&quot;&quot;,&quot;csslayout&quot;:&quot;&quot;,&quot;predefined&quot;:&quot;&quot;,&quot;predefinedClick&quot;:false,&quot;size&quot;:&quot;medium&quot;,&quot;minlength&quot;:&quot;&quot;,&quot;maxlength&quot;:&quot;&quot;,&quot;equalTo&quot;:&quot;&quot;},{&quot;name&quot;:&quot;email&quot;,&quot;index&quot;:1,&quot;title&quot;:&quot;Email&quot;,&quot;ftype&quot;:&quot;femail&quot;,&quot;userhelp&quot;:&quot;&quot;,&quot;csslayout&quot;:&quot;&quot;,&quot;required&quot;:true,&quot;predefined&quot;:&quot;&quot;,&quot;size&quot;:&quot;medium&quot;,&quot;shortlabel&quot;:&quot;&quot;,&quot;userhelpTooltip&quot;:&quot;&quot;,&quot;predefinedClick&quot;:false,&quot;equalTo&quot;:&quot;&quot;},{&quot;name&quot;:&quot;subject&quot;,&quot;index&quot;:2,&quot;title&quot;:&quot;Tel\\u00e9fono&quot;,&quot;required&quot;:true,&quot;ftype&quot;:&quot;ftext&quot;,&quot;userhelp&quot;:&quot;&quot;,&quot;csslayout&quot;:&quot;&quot;,&quot;predefined&quot;:&quot;&quot;,&quot;size&quot;:&quot;medium&quot;,&quot;shortlabel&quot;:&quot;&quot;,&quot;userhelpTooltip&quot;:&quot;&quot;,&quot;predefinedClick&quot;:false,&quot;minlength&quot;:&quot;&quot;,&quot;maxlength&quot;:&quot;&quot;,&quot;equalTo&quot;:&quot;&quot;},{&quot;name&quot;:&quot;fieldname2&quot;,&quot;index&quot;:3,&quot;title&quot;:&quot;Domicilio&quot;,&quot;required&quot;:true,&quot;shortlabel&quot;:&quot;&quot;,&quot;ftype&quot;:&quot;ftext&quot;,&quot;userhelp&quot;:&quot;&quot;,&quot;userhelpTooltip&quot;:&quot;&quot;,&quot;csslayout&quot;:&quot;&quot;,&quot;predefined&quot;:&quot;&quot;,&quot;predefinedClick&quot;:false,&quot;size&quot;:&quot;medium&quot;,&quot;minlength&quot;:&quot;&quot;,&quot;maxlength&quot;:&quot;&quot;,&quot;equalTo&quot;:&quot;&quot;},{&quot;name&quot;:&quot;fieldname3&quot;,&quot;index&quot;:4,&quot;title&quot;:&quot;Provincia y Localidad&quot;,&quot;shortlabel&quot;:&quot;&quot;,&quot;ftype&quot;:&quot;ftext&quot;,&quot;userhelp&quot;:&quot;&quot;,&quot;userhelpTooltip&quot;:&quot;&quot;,&quot;csslayout&quot;:&quot;&quot;,&quot;predefined&quot;:&quot;&quot;,&quot;predefinedClick&quot;:false,&quot;required&quot;:false,&quot;size&quot;:&quot;medium&quot;,&quot;minlength&quot;:&quot;&quot;,&quot;maxlength&quot;:&quot;&quot;,&quot;equalTo&quot;:&quot;&quot;},{&quot;name&quot;:&quot;fieldname4&quot;,&quot;index&quot;:5,&quot;title&quot;:&quot;C\\u00f3digo Postal&quot;,&quot;shortlabel&quot;:&quot;&quot;,&quot;ftype&quot;:&quot;ftext&quot;,&quot;userhelp&quot;:&quot;&quot;,&quot;userhelpTooltip&quot;:&quot;&quot;,&quot;csslayout&quot;:&quot;&quot;,&quot;predefined&quot;:&quot;&quot;,&quot;predefinedClick&quot;:false,&quot;required&quot;:false,&quot;size&quot;:&quot;medium&quot;,&quot;minlength&quot;:&quot;&quot;,&quot;maxlength&quot;:&quot;&quot;,&quot;equalTo&quot;:&quot;&quot;},{&quot;name&quot;:&quot;fieldname5&quot;,&quot;index&quot;:6,&quot;title&quot;:&quot;Profesi\\u00f3n&quot;,&quot;shortlabel&quot;:&quot;&quot;,&quot;ftype&quot;:&quot;ftext&quot;,&quot;userhelp&quot;:&quot;&quot;,&quot;userhelpTooltip&quot;:&quot;&quot;,&quot;csslayout&quot;:&quot;&quot;,&quot;predefined&quot;:&quot;&quot;,&quot;predefinedClick&quot;:false,&quot;required&quot;:false,&quot;size&quot;:&quot;medium&quot;,&quot;minlength&quot;:&quot;&quot;,&quot;maxlength&quot;:&quot;&quot;,&quot;equalTo&quot;:&quot;&quot;},{&quot;name&quot;:&quot;fieldname6&quot;,&quot;index&quot;:7,&quot;title&quot;:&quot;Elija su nombre de usuario&quot;,&quot;required&quot;:true,&quot;shortlabel&quot;:&quot;&quot;,&quot;ftype&quot;:&quot;ftext&quot;,&quot;userhelp&quot;:&quot;&quot;,&quot;userhelpTooltip&quot;:&quot;&quot;,&quot;csslayout&quot;:&quot;&quot;,&quot;predefined&quot;:&quot;&quot;,&quot;predefinedClick&quot;:false,&quot;size&quot;:&quot;medium&quot;,&quot;minlength&quot;:&quot;&quot;,&quot;maxlength&quot;:&quot;&quot;,&quot;equalTo&quot;:&quot;&quot;},{&quot;name&quot;:&quot;fieldname7&quot;,&quot;index&quot;:8,&quot;title&quot;:&quot;Elija su contrase\\u00f1a&quot;,&quot;required&quot;:true,&quot;shortlabel&quot;:&quot;&quot;,&quot;ftype&quot;:&quot;ftext&quot;,&quot;userhelp&quot;:&quot;&quot;,&quot;userhelpTooltip&quot;:&quot;&quot;,&quot;csslayout&quot;:&quot;&quot;,&quot;predefined&quot;:&quot;&quot;,&quot;predefinedClick&quot;:false,&quot;size&quot;:&quot;medium&quot;,&quot;minlength&quot;:&quot;&quot;,&quot;maxlength&quot;:&quot;&quot;,&quot;equalTo&quot;:&quot;&quot;},{&quot;name&quot;:&quot;message&quot;,&quot;index&quot;:9,&quot;size&quot;:&quot;large&quot;,&quot;required&quot;:false,&quot;title&quot;:&quot;Detalle de su inscripci\\u00f3n:&quot;,&quot;ftype&quot;:&quot;ftextarea&quot;,&quot;userhelp&quot;:&quot;&quot;,&quot;csslayout&quot;:&quot;&quot;,&quot;predefined&quot;:&quot;Inscripci\\u00f3n al curso on line - Reclamos por Accidentes de Tr\\u00e1nsito. Precio: $3800 pesos (\\u00fanico pago)&quot;,&quot;shortlabel&quot;:&quot;&quot;,&quot;userhelpTooltip&quot;:&quot;&quot;,&quot;predefinedClick&quot;:false,&quot;minlength&quot;:&quot;&quot;,&quot;maxlength&quot;:&quot;&quot;}],[{&quot;title&quot;:&quot;&quot;,&quot;description&quot;:&quot;&quot;,&quot;formlayout&quot;:&quot;top_aligned&quot;}]]\" \/><input type=\"hidden\" name=\"refpage_1\" id=\"refpage_1\" value=\"\"><input type=\"hidden\" name=\"cp_contactformtoemail_pform_status\" value=\"0\" \/><input name=\"anonce\" type=\"hidden\" value=\"c0a69f9a73\"\/><input name=\"cftehp\" id=\"cftehp_1\" type=\"hidden\" value=\"1\"\/>\r\n<div id=\"fbuilder\">    \r\n    <div id=\"fbuilder_1\">\r\n        <div id=\"formheader_1\"><\/div>\r\n        <div id=\"fieldlist_1\"><\/div>\r\n    <\/div>\r\n<\/div>    \r\n<div style=\"display:none\">\r\n<input name=\"cftecontrolmessage\" type=\"text\" value=\"\"\/> \r\n<div id=\"cpcaptchalayer_1\" class=\"cpcaptchalayer\">\r\n<\/div>\r\n<\/div>\r\n<div id=\"cp_subbtn_1\" class=\"cp_subbtn\">Inscribirme al curso<\/div>\r\n<\/form>\r\n<script>\r\ntry{document.getElementById(\"cftehp_1\").value=\"25\";}catch(e){}\r\n<\/script>\r\n                                  <link href=\"https:\/\/www.todoelderecho.com.ar\/campus\/wp-content\/plugins\/contact-form-to-email\/css\/stylepublic.css\" type=\"text\/css\" rel=\"stylesheet\" \/>\n                 <link href=\"https:\/\/www.todoelderecho.com.ar\/campus\/wp-content\/plugins\/contact-form-to-email\/css\/cupertino\/jquery-ui-1.8.20.custom.css\" type=\"text\/css\" rel=\"stylesheet\" \/>\n                 <script type='text\/javascript' src='https:\/\/www.todoelderecho.com.ar\/campus\/wp-content\/plugins\/contact-form-to-email\/..\/..\/..\/wp-includes\/js\/jquery\/jquery.js'><\/script>\n                 <script type='text\/javascript' src='https:\/\/www.todoelderecho.com.ar\/campus\/wp-content\/plugins\/contact-form-to-email\/..\/..\/..\/wp-includes\/js\/jquery\/ui\/core.min.js'><\/script>\n                 <script type='text\/javascript' src='https:\/\/www.todoelderecho.com.ar\/campus\/wp-content\/plugins\/contact-form-to-email\/..\/..\/..\/wp-includes\/js\/jquery\/ui\/datepicker.min.js'><\/script>\n                 <script type='text\/javascript' src='https:\/\/www.todoelderecho.com.ar\/campus\/wp-content\/plugins\/contact-form-to-email\/..\/..\/..\/wp-includes\/js\/jquery\/ui\/tooltip.min.js'><\/script>                 \n                 <script type='text\/javascript' src='https:\/\/www.todoelderecho.com.ar\/campus\/wp-content\/plugins\/contact-form-to-email\/js\/jquery.validate.js'><\/script>\n                 <script type='text\/javascript'>\n                 \/* <![CDATA[ *\/\n                 var cp_contactformtoemail_fbuilder_config_1 = {\"obj\":\"{\\\"pub\\\":true,\\\"identifier\\\":\\\"_1\\\",\\\"messages\\\": {\\n    \\t                \\t\\\"required\\\": \\\"es requerido.\\\",\\n    \\t                \\t\\\"email\\\": \\\"Ingrese su direcci\u00f3n de correo electr\u00f3nico.\\\",\\n    \\t                \\t\\\"datemmddyyyy\\\": \\\"Please enter a valid date with this format(mm\/dd\/yyyy)\\\",\\n    \\t                \\t\\\"dateddmmyyyy\\\": \\\"Please enter a valid date with this format(dd\/mm\/yyyy)\\\",\\n    \\t                \\t\\\"number\\\": \\\"Please enter a valid number.\\\",\\n    \\t                \\t\\\"digits\\\": \\\"Please enter only digits.\\\",\\n    \\t                \\t\\\"max\\\": \\\"Please enter a value less than or equal to %0%.\\\",\\n    \\t                \\t\\\"min\\\": \\\"Please enter a value greater than or equal to %0%.\\\",\\\"previous\\\": \\\"anterior\\\",\\\"next\\\": \\\"siguiente\\\"\\n    \\t                }}\"};\n                 \/* ]]> *\/\n                 <\/script>\n                 <script type='text\/javascript' src='https:\/\/www.todoelderecho.com.ar\/campus\/wp-content\/plugins\/contact-form-to-email\/js\/fbuilderf.jquery.js?nc=3'><\/script>\n                 <script type='text\/javascript' src='\/campus?cp_cfte_resources=customjs'><\/script>\n            <\/span><\/p>\n<p>&nbsp;<\/p>\n<h6 style=\"color: #555555; text-align: justify;\"><span style=\"color: #373737;\"><span style=\"color: #000080;\"><strong>Formas de Pago:<\/strong><\/span>\u00a0Puede abonar su inscripci\u00f3n mediante Tarjeta de D\u00e9bito y\/o Cr\u00e9dito, en cualquier sucursal de PagoFacil y\/o RapiPago, como as\u00ed tambi\u00e9n obtener los datos necesarios para realizar una Transferencia Electr\u00f3nica o Dep\u00f3sito Bancario.<\/span><\/h6>\n<p>&nbsp;<\/p>\n<h1 style=\"padding-left: 30px;\">Elija la forma de pago para\u00a0abonar su inscripci\u00f3n:<\/h1>\n<h1 style=\"padding-left: 30px;\"><a href=\"http:\/\/www.libreriajuridica.com.ar\/producto\/suscripcion-anual-a-bases-de-datos-de-derecho-argentino\/?add-to-cart=241\"><img decoding=\"async\" src=\"https:\/\/i0.wp.com\/www.todoelderecho.com\/bases\/flecha_roja.gif?resize=11%2C11\" alt=\"\" \/><\/a><span style=\"color: #ffffff;\">\u00a0<\/span><a title=\"Haga click aqu\u00ed para obtener e imprimir el cup\u00f3n de pago para abonar en cualquier sucursal del pa\u00eds.\" href=\"http:\/\/cuentadigital.com\/string.php?id=3152&amp;precio=3200&amp;concepto=Curso+de+Reclamos+por+Accidentes+de+Transito&amp;site=TodoelDerecho.com\" target=\"_blank\" rel=\"noopener noreferrer\">PagoFacil y\/o RapiPago<\/a><\/h1>\n<h1 style=\"padding-left: 30px;\"><a href=\"http:\/\/www.libreriajuridica.com.ar\/producto\/suscripcion-anual-a-bases-de-datos-de-derecho-argentino\/?add-to-cart=241\"><img decoding=\"async\" src=\"https:\/\/i0.wp.com\/www.todoelderecho.com\/bases\/flecha_roja.gif?resize=11%2C11\" alt=\"\" \/><\/a><span style=\"color: #ffffff;\">\u00a0<\/span><a title=\"Haga click aqu\u00ed para abonar con tarjeta de cr\u00e9dito hasta en 12 cuotas.\" href=\"https:\/\/biz.payulatam.com\/L08d1b6AA6DB187\">Tarjeta de D\u00e9bito y\/o Cr\u00e9dito<\/a><\/h1>\n<h1 style=\"padding-left: 30px;\"><a href=\"http:\/\/www.libreriajuridica.com.ar\/producto\/suscripcion-anual-a-bases-de-datos-de-derecho-argentino\/?add-to-cart=241\"><img decoding=\"async\" src=\"https:\/\/i0.wp.com\/www.todoelderecho.com\/bases\/flecha_roja.gif?resize=11%2C11\" alt=\"\" \/><\/a><span style=\"color: #ffffff;\">\u00a0<\/span><a title=\"Recibir\u00e1 un email con los datos necesarios para realizar una transferencia electr\u00f3nica o dep\u00f3sito bancario.\" href=\"#\">Transferencia electr\u00f3nica &#8211; Dep\u00f3sito bancario<\/a><\/h1>\n<h1 style=\"padding-left: 30px;\"><a href=\"http:\/\/www.libreriajuridica.com.ar\/producto\/suscripcion-anual-a-bases-de-datos-de-derecho-argentino\/?add-to-cart=241\"><img decoding=\"async\" src=\"https:\/\/i0.wp.com\/www.todoelderecho.com\/bases\/flecha_roja.gif?resize=11%2C11\" alt=\"\" \/><\/a><span style=\"color: #ffffff;\">\u00a0<\/span><a title=\"Puede abonar con Tarjeta de D\u00e9bito y\/o Cr\u00e9dito, PagoFacil y\/o RapiPago, Transferencia Electr\u00f3nica o Dep\u00f3sito Bancario desde nuestra tienda virtual.\" href=\"http:\/\/www.libreriajuridica.com.ar\/?add-to-cart=135\">Desde nuestra tienda virtual<\/a><\/h1>\n<h1 style=\"padding-left: 30px;\"><a href=\"http:\/\/www.libreriajuridica.com.ar\/producto\/suscripcion-anual-a-bases-de-datos-de-derecho-argentino\/?add-to-cart=241\"><\/a><\/h1>\n<p style=\"color: #444444;\"><img decoding=\"async\" src=\"https:\/\/i0.wp.com\/www.campusjuridico.com\/todas_formas2.png?w=750\" alt=\"\" width=\"550\" height=\"131\" \/><\/p>\n","protected":false},"excerpt":{"rendered":"<p>El curso est\u00e1 dirigido a profesionales, abogados, estudiantes de Derecho, profesiones a fines y p\u00fablico en general con inter\u00e9s en el Derecho de Da\u00f1os, especialmente ellos que quieran adquirir y profundizar conocimientos en la formulaci\u00f3n de la Demanda por Da\u00f1os y Perjuicios a causa de los Accidentes de Tr\u00e1nsito. Se &hellip;<\/p>\n","protected":false},"author":1,"featured_media":9543,"parent":0,"menu_order":0,"comment_status":"closed","ping_status":"closed","template":"sidebar-page.php","meta":{"footnotes":""},"class_list":["post-459","page","type-page","status-publish","has-post-thumbnail","hentry"],"_links":{"self":[{"href":"https:\/\/www.todoelderecho.com.ar\/campus\/wp-json\/wp\/v2\/pages\/459","targetHints":{"allow":["GET"]}}],"collection":[{"href":"https:\/\/www.todoelderecho.com.ar\/campus\/wp-json\/wp\/v2\/pages"}],"about":[{"href":"https:\/\/www.todoelderecho.com.ar\/campus\/wp-json\/wp\/v2\/types\/page"}],"author":[{"embeddable":true,"href":"https:\/\/www.todoelderecho.com.ar\/campus\/wp-json\/wp\/v2\/users\/1"}],"replies":[{"embeddable":true,"href":"https:\/\/www.todoelderecho.com.ar\/campus\/wp-json\/wp\/v2\/comments?post=459"}],"version-history":[{"count":0,"href":"https:\/\/www.todoelderecho.com.ar\/campus\/wp-json\/wp\/v2\/pages\/459\/revisions"}],"wp:featuredmedia":[{"embeddable":true,"href":"https:\/\/www.todoelderecho.com.ar\/campus\/wp-json\/wp\/v2\/media\/9543"}],"wp:attachment":[{"href":"https:\/\/www.todoelderecho.com.ar\/campus\/wp-json\/wp\/v2\/media?parent=459"}],"curies":[{"name":"wp","href":"https:\/\/api.w.org\/{rel}","templated":true}]}}