{"id":529,"date":"2014-08-26T10:26:31","date_gmt":"2014-08-26T10:26:31","guid":{"rendered":"http:\/\/www.todoelderecho.com.ar\/campus\/?page_id=529"},"modified":"2021-01-20T14:17:22","modified_gmt":"2021-01-20T14:17:22","slug":"curso-de-practica-procesal-ii-contestacion-de-la-demanda-aspectos-teoricos-y-practicos","status":"publish","type":"page","link":"https:\/\/www.todoelderecho.com.ar\/campus\/curso-de-practica-procesal-ii-contestacion-de-la-demanda-aspectos-teoricos-y-practicos\/","title":{"rendered":"Curso de Pr\u00e1ctica Procesal II. Contestaci\u00f3n de la Demanda. Aspectos Te\u00f3ricos y Pr\u00e1cticos"},"content":{"rendered":"<p style=\"text-align: justify;\">El curso est\u00e1 dirigido a profesionales, j\u00f3venes abogados, estudiantes de Derecho, procuradores, auxiliares de estudios jur\u00eddicos, profesiones a fines y p\u00fablico en general con inter\u00e9s en la Pr\u00e1ctica de la Abogac\u00eda, especialmente ellos que quieran adquirir y profundizar conocimientos en la confecci\u00f3n y redacci\u00f3n de una Demanda para iniciar un proceso judicial. Se abordar\u00e1n los temas de estudio propuestos en forma te\u00f3rica y pr\u00e1ctica. Trat\u00e1ndose de una formaci\u00f3n cursada online, el alumno podr\u00e1 adaptar los horarios de trabajo seg\u00fan le sea m\u00e1s eficaz. Podr\u00e1s acceder, descargar e imprimir tanto los contenidos del curso como el material de estudio complementario que ponemos a disposici\u00f3n de los alumnos las 24hs, desde cualquier computadora con conexi\u00f3n a internet.<\/p>\n<p style=\"text-align: justify;\">Modalidad:<br \/>\nOn-line mediante el uso de una plataforma tecnol\u00f3gica de \u00faltima generaci\u00f3n. El curso tiene 4 m\u00f3dulos en formato texto, es de autoaprendizaje y se realiza por internet. Los participantes podr\u00e1n conectarse cuando deseen sin restricciones de d\u00edas ni horarios. El alumno tendr\u00e1 acceso al material de estudio y a las actividades que podr\u00e1 utilizar desde su computadora, bajarlo o imprimirlo. La capacitaci\u00f3n se realiza de manera autoevaluativa y las actividades se autocorrigen. Con la finalizaci\u00f3n del \u00faltimo m\u00f3dulo el alumno podr\u00e1 solicitar su certificado de participaci\u00f3n y lo recibir\u00e1 en formato digital por correo electr\u00f3nico.<\/p>\n<p style=\"text-align: justify;\">Material de estudio:<br \/>\nPonemos a disposici\u00f3n de los alumnos fallos, legislaci\u00f3n y modelos de escritos para el ejercicio profesional.<\/p>\n<p style=\"text-align: justify;\" align=\"JUSTIFY\">Medios de pago:<br \/>\nArancel del curso\u00a0completo: $3800 pesos finales<br \/>\nPagoFacil \u2013 Tarjeta de cr\u00e9dito y\/o d\u00e9bito \u2013 Transferencia electr\u00f3nica \u2013 Dep\u00f3sito bancario.<\/p>\n<div style=\"text-align: justify;\">\n<div align=\"left\">\n<div align=\"center\">\n<div align=\"left\"><b>Curso de Pr\u00e1ctica Procesal II.\u00a0<\/b><\/div>\n<\/div>\n<\/div>\n<\/div>\n<p style=\"text-align: justify;\"><b>Programa:<\/b><\/p>\n<p style=\"text-align: justify;\">Introducci\u00f3n. Aspectos previos. Contestar una demanda. La actitud del demandado y el tipo de juicio. La defensa del demandado. Las excepciones. Otros aspectos previos. Trato con el cliente. Lectura e interrogatorio. Contestaci\u00f3n . La estructura general. Adelanto de gastos. Sumario, tribunal y encabezamiento. El planteo de las cuestiones previas (caducidad De instancia, nulidad del procedimiento, beneficio de litigar sin gastos) Cuestiones relativas a la notificaci\u00f3n. La prescripci\u00f3n. La oposici\u00f3n de excepciones previas . Objeto y efectos. Los casos de los procesos sumarios y sumar\u00edsimo. La oposici\u00f3n de excepciones previas. Objeto y efectos. Los casos de los procesos sumarios y sumar\u00edsimos. El escrito de oposici\u00f3n de excepciones. Negaci\u00f3n o reconocimiento de hechos expuestos en la demanda. Contestaci\u00f3n de los documentos acompa\u00f1ados por el actor. Las fuentes de la prueba. La contestaci\u00f3n con reserva. Contestaci\u00f3n de la prueba ofrecida por el actor. Excepciones y defensas que no tuviesen car\u00e1cter previo Hechos fundantes y hechos no invocados. Documentos y ofrecimiento de la prueba restante. Cuestiones y consideraciones especiales. Petitorio y firmas. Casos especiales en que no hay contestaci\u00f3n de demanda. Borrador control. Cuesti\u00f3n de puro derecho. Negociaci\u00f3n, acuerdo y acercamiento a la contraria. La mediaci\u00f3n. Redacci\u00f3n final. Integraci\u00f3n de la contestaci\u00f3n. Modelos.<\/p>\n<p><span style=\"color: #ff0000;\">*Al comprar la inscripci\u00f3n al Curso recibir\u00e1 en su email el link del curso o taller, nombre de usuario y contrase\u00f1a asignado para acceder a las aulas.<\/span><\/p>\n<p style=\"text-align: left;\"><strong><span style=\"color: #993366;\">Inscripci\u00f3n al Curso:<\/span><\/strong><\/p>\n<p style=\"color: #333333;\"><span style=\"font-weight: normal; color: #444444;\">        <script type=\"text\/javascript\">\n         function cp_contactformtoemail_pform_doValidate_1(form)\n         {\n            document.cp_contactformtoemail_pform_1.cp_ref_page.value = document.location;\n            $dexQuery = jQuery.noConflict();            {\n                var cpefb_error = 0;\n                $dexQuery(\"#cp_contactformtoemail_pform_1\").find(\".cpefb_error\").each(function(index){\n                    if ($dexQuery(this).css(\"display\")!=\"none\")\n                        cpefb_error++;\n                    });\n                if (cpefb_error) return false;\n                if (document.cp_contactformtoemail_pform_1.cp_contactformtoemail_pform_status.value != '0')\n                           return false;\n                document.getElementById(\"refpage_1\").value = document.location;\n                cfte_blink(\".pbSubmit\");\n                document.cp_contactformtoemail_pform_1.cp_contactformtoemail_pform_status.value = '2';return true;            }\n         }\n         function cfte_blink(selector){\n                 try {\n                     $dexQuery = jQuery.noConflict();\n                     $dexQuery(selector).fadeOut(700, function(){\n                         $dexQuery(this).fadeIn(700, function(){\n                             try {\n                                 if (document.cp_contactformtoemail_pform_1.cp_contactformtoemail_pform_status.value != '0')\n                                     cfte_blink(this);\n                             } catch (e) {}\n                         });\n                     });\n                 } catch (e) {}\n         }\n         function cp_contactformtoemail_cerror_1(){$dexQuery = jQuery.noConflict();$dexQuery(\"#hdcaptcha_error_1\").css('top',$dexQuery(\"#hdcaptcha_cp_contactformtoemail_post_1\").outerHeight());$dexQuery(\"#hdcaptcha_error_1\").css(\"display\",\"inline\");}\n        <\/script>\n        <div id=\"cftedialog\" style=\"display:none;\"><\/div>\n        <form class=\"cpp_form no-prefetch\" name=\"cp_contactformtoemail_pform_1\" id=\"cp_contactformtoemail_pform_1\" action=\"\/campus\/curso-de-practica-procesal-ii-contestacion-de-la-demanda-aspectos-teoricos-y-practicos\/?ahbnocache=686215\" method=\"post\" enctype=\"multipart\/form-data\" onsubmit=\"return cp_contactformtoemail_pform_doValidate_1(this);\"><input type=\"hidden\" name=\"cp_pform_psequence\" value=\"_1\" \/><input type=\"hidden\" name=\"cp_contactformtoemail_pform_process\" value=\"1\" \/><input type=\"hidden\" name=\"cp_contactformtoemail_id\" value=\"7\" \/><input type=\"hidden\" name=\"cp_ref_page\" value=\"\" \/><input type=\"hidden\" name=\"form_structure_1\" id=\"form_structure_1\" size=\"180\" value=\"[[{&quot;name&quot;:&quot;fieldname1&quot;,&quot;index&quot;:0,&quot;title&quot;:&quot;Nombre y Apellido&quot;,&quot;required&quot;:true,&quot;shortlabel&quot;:&quot;&quot;,&quot;ftype&quot;:&quot;ftext&quot;,&quot;userhelp&quot;:&quot;&quot;,&quot;userhelpTooltip&quot;:&quot;&quot;,&quot;csslayout&quot;:&quot;&quot;,&quot;predefined&quot;:&quot;&quot;,&quot;predefinedClick&quot;:false,&quot;size&quot;:&quot;medium&quot;,&quot;minlength&quot;:&quot;&quot;,&quot;maxlength&quot;:&quot;&quot;,&quot;equalTo&quot;:&quot;&quot;},{&quot;name&quot;:&quot;email&quot;,&quot;index&quot;:1,&quot;title&quot;:&quot;Email&quot;,&quot;ftype&quot;:&quot;femail&quot;,&quot;userhelp&quot;:&quot;&quot;,&quot;csslayout&quot;:&quot;&quot;,&quot;required&quot;:true,&quot;predefined&quot;:&quot;&quot;,&quot;size&quot;:&quot;medium&quot;,&quot;shortlabel&quot;:&quot;&quot;,&quot;userhelpTooltip&quot;:&quot;&quot;,&quot;predefinedClick&quot;:false,&quot;equalTo&quot;:&quot;&quot;},{&quot;name&quot;:&quot;subject&quot;,&quot;index&quot;:2,&quot;title&quot;:&quot;Tel\\u00e9fono&quot;,&quot;required&quot;:true,&quot;ftype&quot;:&quot;ftext&quot;,&quot;userhelp&quot;:&quot;&quot;,&quot;csslayout&quot;:&quot;&quot;,&quot;predefined&quot;:&quot;&quot;,&quot;size&quot;:&quot;medium&quot;,&quot;shortlabel&quot;:&quot;&quot;,&quot;userhelpTooltip&quot;:&quot;&quot;,&quot;predefinedClick&quot;:false,&quot;minlength&quot;:&quot;&quot;,&quot;maxlength&quot;:&quot;&quot;,&quot;equalTo&quot;:&quot;&quot;},{&quot;name&quot;:&quot;fieldname2&quot;,&quot;index&quot;:3,&quot;title&quot;:&quot;Domicilio&quot;,&quot;required&quot;:true,&quot;shortlabel&quot;:&quot;&quot;,&quot;ftype&quot;:&quot;ftext&quot;,&quot;userhelp&quot;:&quot;&quot;,&quot;userhelpTooltip&quot;:&quot;&quot;,&quot;csslayout&quot;:&quot;&quot;,&quot;predefined&quot;:&quot;&quot;,&quot;predefinedClick&quot;:false,&quot;size&quot;:&quot;medium&quot;,&quot;minlength&quot;:&quot;&quot;,&quot;maxlength&quot;:&quot;&quot;,&quot;equalTo&quot;:&quot;&quot;},{&quot;name&quot;:&quot;fieldname3&quot;,&quot;index&quot;:4,&quot;title&quot;:&quot;Provincia y Localidad&quot;,&quot;shortlabel&quot;:&quot;&quot;,&quot;ftype&quot;:&quot;ftext&quot;,&quot;userhelp&quot;:&quot;&quot;,&quot;userhelpTooltip&quot;:&quot;&quot;,&quot;csslayout&quot;:&quot;&quot;,&quot;predefined&quot;:&quot;&quot;,&quot;predefinedClick&quot;:false,&quot;required&quot;:false,&quot;size&quot;:&quot;medium&quot;,&quot;minlength&quot;:&quot;&quot;,&quot;maxlength&quot;:&quot;&quot;,&quot;equalTo&quot;:&quot;&quot;},{&quot;name&quot;:&quot;fieldname4&quot;,&quot;index&quot;:5,&quot;title&quot;:&quot;C\\u00f3digo Postal&quot;,&quot;shortlabel&quot;:&quot;&quot;,&quot;ftype&quot;:&quot;ftext&quot;,&quot;userhelp&quot;:&quot;&quot;,&quot;userhelpTooltip&quot;:&quot;&quot;,&quot;csslayout&quot;:&quot;&quot;,&quot;predefined&quot;:&quot;&quot;,&quot;predefinedClick&quot;:false,&quot;required&quot;:false,&quot;size&quot;:&quot;medium&quot;,&quot;minlength&quot;:&quot;&quot;,&quot;maxlength&quot;:&quot;&quot;,&quot;equalTo&quot;:&quot;&quot;},{&quot;name&quot;:&quot;fieldname5&quot;,&quot;index&quot;:6,&quot;title&quot;:&quot;Profesi\\u00f3n&quot;,&quot;shortlabel&quot;:&quot;&quot;,&quot;ftype&quot;:&quot;ftext&quot;,&quot;userhelp&quot;:&quot;&quot;,&quot;userhelpTooltip&quot;:&quot;&quot;,&quot;csslayout&quot;:&quot;&quot;,&quot;predefined&quot;:&quot;&quot;,&quot;predefinedClick&quot;:false,&quot;required&quot;:false,&quot;size&quot;:&quot;medium&quot;,&quot;minlength&quot;:&quot;&quot;,&quot;maxlength&quot;:&quot;&quot;,&quot;equalTo&quot;:&quot;&quot;},{&quot;name&quot;:&quot;fieldname6&quot;,&quot;index&quot;:7,&quot;title&quot;:&quot;Elija su nombre de usuario&quot;,&quot;required&quot;:true,&quot;shortlabel&quot;:&quot;&quot;,&quot;ftype&quot;:&quot;ftext&quot;,&quot;userhelp&quot;:&quot;&quot;,&quot;userhelpTooltip&quot;:&quot;&quot;,&quot;csslayout&quot;:&quot;&quot;,&quot;predefined&quot;:&quot;&quot;,&quot;predefinedClick&quot;:false,&quot;size&quot;:&quot;medium&quot;,&quot;minlength&quot;:&quot;&quot;,&quot;maxlength&quot;:&quot;&quot;,&quot;equalTo&quot;:&quot;&quot;},{&quot;name&quot;:&quot;fieldname7&quot;,&quot;index&quot;:8,&quot;title&quot;:&quot;Elija su contrase\\u00f1a&quot;,&quot;required&quot;:true,&quot;shortlabel&quot;:&quot;&quot;,&quot;ftype&quot;:&quot;ftext&quot;,&quot;userhelp&quot;:&quot;&quot;,&quot;userhelpTooltip&quot;:&quot;&quot;,&quot;csslayout&quot;:&quot;&quot;,&quot;predefined&quot;:&quot;&quot;,&quot;predefinedClick&quot;:false,&quot;size&quot;:&quot;medium&quot;,&quot;minlength&quot;:&quot;&quot;,&quot;maxlength&quot;:&quot;&quot;,&quot;equalTo&quot;:&quot;&quot;},{&quot;name&quot;:&quot;message&quot;,&quot;index&quot;:9,&quot;size&quot;:&quot;large&quot;,&quot;required&quot;:false,&quot;title&quot;:&quot;Detalle de su inscripci\\u00f3n:&quot;,&quot;ftype&quot;:&quot;ftextarea&quot;,&quot;userhelp&quot;:&quot;&quot;,&quot;csslayout&quot;:&quot;&quot;,&quot;predefined&quot;:&quot;Inscripci\\u00f3n al curso on line - Pr\\u00e1ctica Procesal II. Contestaci\\u00f3n de la Demanda. Precio: $3800 pesos (\\u00fanico pago)&quot;,&quot;shortlabel&quot;:&quot;&quot;,&quot;userhelpTooltip&quot;:&quot;&quot;,&quot;predefinedClick&quot;:false,&quot;minlength&quot;:&quot;&quot;,&quot;maxlength&quot;:&quot;&quot;}],[{&quot;title&quot;:&quot;&quot;,&quot;description&quot;:&quot;&quot;,&quot;formlayout&quot;:&quot;top_aligned&quot;}]]\" \/><input type=\"hidden\" name=\"refpage_1\" id=\"refpage_1\" value=\"\"><input type=\"hidden\" name=\"cp_contactformtoemail_pform_status\" value=\"0\" \/><input name=\"anonce\" type=\"hidden\" value=\"b697ab3ecd\"\/><input name=\"cftehp\" id=\"cftehp_1\" type=\"hidden\" value=\"1\"\/>\r\n<div id=\"fbuilder\">    \r\n    <div id=\"fbuilder_1\">\r\n        <div id=\"formheader_1\"><\/div>\r\n        <div id=\"fieldlist_1\"><\/div>\r\n    <\/div>\r\n<\/div>    \r\n<div style=\"display:none\">\r\n<input name=\"cftecontrolmessage\" type=\"text\" value=\"\"\/> \r\n<div id=\"cpcaptchalayer_1\" class=\"cpcaptchalayer\">\r\n<\/div>\r\n<\/div>\r\n<div id=\"cp_subbtn_1\" class=\"cp_subbtn\">Inscribirme al curso<\/div>\r\n<\/form>\r\n<script>\r\ntry{document.getElementById(\"cftehp_1\").value=\"25\";}catch(e){}\r\n<\/script>\r\n                                  <link href=\"https:\/\/www.todoelderecho.com.ar\/campus\/wp-content\/plugins\/contact-form-to-email\/css\/stylepublic.css\" type=\"text\/css\" rel=\"stylesheet\" \/>\n                 <link href=\"https:\/\/www.todoelderecho.com.ar\/campus\/wp-content\/plugins\/contact-form-to-email\/css\/cupertino\/jquery-ui-1.8.20.custom.css\" type=\"text\/css\" rel=\"stylesheet\" \/>\n                 <script type='text\/javascript' src='https:\/\/www.todoelderecho.com.ar\/campus\/wp-content\/plugins\/contact-form-to-email\/..\/..\/..\/wp-includes\/js\/jquery\/jquery.js'><\/script>\n                 <script type='text\/javascript' src='https:\/\/www.todoelderecho.com.ar\/campus\/wp-content\/plugins\/contact-form-to-email\/..\/..\/..\/wp-includes\/js\/jquery\/ui\/core.min.js'><\/script>\n                 <script type='text\/javascript' src='https:\/\/www.todoelderecho.com.ar\/campus\/wp-content\/plugins\/contact-form-to-email\/..\/..\/..\/wp-includes\/js\/jquery\/ui\/datepicker.min.js'><\/script>\n                 <script type='text\/javascript' src='https:\/\/www.todoelderecho.com.ar\/campus\/wp-content\/plugins\/contact-form-to-email\/..\/..\/..\/wp-includes\/js\/jquery\/ui\/tooltip.min.js'><\/script>                 \n                 <script type='text\/javascript' src='https:\/\/www.todoelderecho.com.ar\/campus\/wp-content\/plugins\/contact-form-to-email\/js\/jquery.validate.js'><\/script>\n                 <script type='text\/javascript'>\n                 \/* <![CDATA[ *\/\n                 var cp_contactformtoemail_fbuilder_config_1 = {\"obj\":\"{\\\"pub\\\":true,\\\"identifier\\\":\\\"_1\\\",\\\"messages\\\": {\\n    \\t                \\t\\\"required\\\": \\\"es requerido.\\\",\\n    \\t                \\t\\\"email\\\": \\\"Ingrese su direcci\u00f3n de correo electr\u00f3nico.\\\",\\n    \\t                \\t\\\"datemmddyyyy\\\": \\\"Please enter a valid date with this format(mm\/dd\/yyyy)\\\",\\n    \\t                \\t\\\"dateddmmyyyy\\\": \\\"Please enter a valid date with this format(dd\/mm\/yyyy)\\\",\\n    \\t                \\t\\\"number\\\": \\\"Please enter a valid number.\\\",\\n    \\t                \\t\\\"digits\\\": \\\"Please enter only digits.\\\",\\n    \\t                \\t\\\"max\\\": \\\"Please enter a value less than or equal to %0%.\\\",\\n    \\t                \\t\\\"min\\\": \\\"Please enter a value greater than or equal to %0%.\\\",\\\"previous\\\": \\\"anterior\\\",\\\"next\\\": \\\"siguiente\\\"\\n    \\t                }}\"};\n                 \/* ]]> *\/\n                 <\/script>\n                 <script type='text\/javascript' src='https:\/\/www.todoelderecho.com.ar\/campus\/wp-content\/plugins\/contact-form-to-email\/js\/fbuilderf.jquery.js?nc=3'><\/script>\n                 <script type='text\/javascript' src='\/campus?cp_cfte_resources=customjs'><\/script>\n            <\/span><\/p>\n<h6 style=\"color: #555555; text-align: justify;\"><span style=\"color: #000080;\"><strong> Formas de Pago:<\/strong><\/span>\u00a0Puede abonar su inscripci\u00f3n mediante Tarjeta de D\u00e9bito y\/o Cr\u00e9dito, en cualquier sucursal de PagoFacil y\/o RapiPago, como as\u00ed tambi\u00e9n obtener los datos necesarios para realizar una Transferencia Electr\u00f3nica o Dep\u00f3sito Bancario.<\/h6>\n<h6 style=\"color: #555555;\"><\/h6>\n<h1 style=\"padding-left: 30px;\">Elija la forma de pago para\u00a0abonar su inscripci\u00f3n:<\/h1>\n<h1 style=\"padding-left: 30px;\"><a href=\"http:\/\/www.libreriajuridica.com.ar\/producto\/suscripcion-anual-a-bases-de-datos-de-derecho-argentino\/?add-to-cart=241\"><img decoding=\"async\" src=\"https:\/\/i0.wp.com\/www.todoelderecho.com\/bases\/flecha_roja.gif?resize=11%2C11\" alt=\"\" \/><\/a><span style=\"color: #ffffff;\">\u00a0<\/span><a title=\"Haga click aqu\u00ed para obtener e imprimir el cup\u00f3n de pago para abonar en cualquier sucursal del pa\u00eds.\" href=\"http:\/\/cuentadigital.com\/string.php?id=3152&amp;precio=3200&amp;concepto=Curso+de+Practica+Procesal+II&amp;site=TodoelDerecho.com\" target=\"_blank\" rel=\"noopener noreferrer\">PagoFacil y\/o RapiPago<\/a><\/h1>\n<h1 style=\"padding-left: 30px;\"><a href=\"http:\/\/www.libreriajuridica.com.ar\/producto\/suscripcion-anual-a-bases-de-datos-de-derecho-argentino\/?add-to-cart=241\"><img decoding=\"async\" src=\"https:\/\/i0.wp.com\/www.todoelderecho.com\/bases\/flecha_roja.gif?resize=11%2C11\" alt=\"\" \/><\/a><span style=\"color: #ffffff;\">\u00a0<\/span><a title=\"Haga click aqu\u00ed para abonar con tarjeta de cr\u00e9dito hasta en 12 cuotas.\" href=\"https:\/\/biz.payulatam.com\/L08d1b60927DB6A\">Tarjeta de D\u00e9bito y\/o Cr\u00e9dito<\/a><\/h1>\n<h1 style=\"padding-left: 30px;\"><a href=\"http:\/\/www.libreriajuridica.com.ar\/producto\/suscripcion-anual-a-bases-de-datos-de-derecho-argentino\/?add-to-cart=241\"><img decoding=\"async\" src=\"https:\/\/i0.wp.com\/www.todoelderecho.com\/bases\/flecha_roja.gif?resize=11%2C11\" alt=\"\" \/><\/a><span style=\"color: #ffffff;\">\u00a0<\/span><a title=\"Recibir\u00e1 un email con los datos necesarios para realizar una transferencia electr\u00f3nica o dep\u00f3sito bancario.\" href=\"#\">Transferencia electr\u00f3nica &#8211; Dep\u00f3sito bancario<\/a><\/h1>\n<h1 style=\"padding-left: 30px;\"><a href=\"http:\/\/www.libreriajuridica.com.ar\/producto\/suscripcion-anual-a-bases-de-datos-de-derecho-argentino\/?add-to-cart=241\"><img decoding=\"async\" src=\"https:\/\/i0.wp.com\/www.todoelderecho.com\/bases\/flecha_roja.gif?resize=11%2C11\" alt=\"\" \/><\/a><span style=\"color: #ffffff;\">\u00a0<\/span><a title=\"Puede abonar con Tarjeta de D\u00e9bito y\/o Cr\u00e9dito, PagoFacil y\/o RapiPago, Transferencia Electr\u00f3nica o Dep\u00f3sito Bancario desde nuestra tienda virtual.\" href=\"http:\/\/www.libreriajuridica.com.ar\/?add-to-cart=1227\">Desde nuestra tienda virtual<\/a><\/h1>\n<h1 style=\"padding-left: 30px;\"><a href=\"http:\/\/www.libreriajuridica.com.ar\/producto\/suscripcion-anual-a-bases-de-datos-de-derecho-argentino\/?add-to-cart=241\"><\/a><\/h1>\n<p style=\"color: #444444;\"><a href=\"https:\/\/www.todoelderecho.com.ar\/campus\/shop\/cursos-y-talleres\/inscripcion-como-alumno-regular-anual\/\" target=\"_top\" rel=\"noopener noreferrer\"><img decoding=\"async\" title=\"Capacitaci\u00f3n Jur\u00eddica On Line - Cursos y Talleres\" src=\"https:\/\/www.todoelderecho.com\/publicidad3.png\" alt=\"\" width=\"691\" height=\"290\" border=\"0\" hspace=\"20\" \/><\/a><\/p>\n<p style=\"color: #444444;\"><img decoding=\"async\" src=\"https:\/\/i0.wp.com\/www.campusjuridico.com\/todas_formas2.png?w=750\" alt=\"\" width=\"550\" height=\"131\" \/><\/p>\n<p>&nbsp;<\/p>\n","protected":false},"excerpt":{"rendered":"<p>El curso est\u00e1 dirigido a profesionales, j\u00f3venes abogados, estudiantes de Derecho, procuradores, auxiliares de estudios jur\u00eddicos, profesiones a fines y p\u00fablico en general con inter\u00e9s en la Pr\u00e1ctica de la Abogac\u00eda, especialmente ellos que quieran adquirir y profundizar conocimientos en la confecci\u00f3n y redacci\u00f3n de una Demanda para iniciar un &hellip;<\/p>\n","protected":false},"author":1,"featured_media":0,"parent":0,"menu_order":0,"comment_status":"closed","ping_status":"closed","template":"sidebar-page.php","meta":{"footnotes":""},"class_list":["post-529","page","type-page","status-publish","hentry"],"_links":{"self":[{"href":"https:\/\/www.todoelderecho.com.ar\/campus\/wp-json\/wp\/v2\/pages\/529","targetHints":{"allow":["GET"]}}],"collection":[{"href":"https:\/\/www.todoelderecho.com.ar\/campus\/wp-json\/wp\/v2\/pages"}],"about":[{"href":"https:\/\/www.todoelderecho.com.ar\/campus\/wp-json\/wp\/v2\/types\/page"}],"author":[{"embeddable":true,"href":"https:\/\/www.todoelderecho.com.ar\/campus\/wp-json\/wp\/v2\/users\/1"}],"replies":[{"embeddable":true,"href":"https:\/\/www.todoelderecho.com.ar\/campus\/wp-json\/wp\/v2\/comments?post=529"}],"version-history":[{"count":0,"href":"https:\/\/www.todoelderecho.com.ar\/campus\/wp-json\/wp\/v2\/pages\/529\/revisions"}],"wp:attachment":[{"href":"https:\/\/www.todoelderecho.com.ar\/campus\/wp-json\/wp\/v2\/media?parent=529"}],"curies":[{"name":"wp","href":"https:\/\/api.w.org\/{rel}","templated":true}]}}