{"id":54,"date":"2014-02-23T18:39:43","date_gmt":"2014-02-23T18:39:43","guid":{"rendered":"http:\/\/todoelderecho3.wordpress.com\/?page_id=54"},"modified":"2015-06-05T18:12:41","modified_gmt":"2015-06-05T18:12:41","slug":"preguntas-frecuentes","status":"publish","type":"page","link":"https:\/\/www.todoelderecho.com.ar\/campus\/preguntas-frecuentes\/","title":{"rendered":"Preguntas Frecuentes"},"content":{"rendered":"<p style=\"text-align: justify;\">Cada clase o m\u00f3dulo se compone del siguiente material:<br \/>\n-Unidades conceptuales (M\u00f3dulos o Clases): Textos donde se tratan los distintos temas del curso y\/o taller.<br \/>\n-Material complementario: Lecturas optativas, Ebooks, Art\u00edculos de Doctrina, Fallos, Legislaci\u00f3n, etc.<br \/>\n-Actividades: Ejercicios o cuestionarios optativos que el alumno realiza bajo las indicaciones del docente\/tutor.<\/p>\n<p style=\"text-align: justify;\"><strong>Caracter\u00edsticas de los cursos y\/o talleres a distancia:<\/strong><br \/>\nUna vez inscripto al Curso o taller, el d\u00eda de comienzo del\u00a0mismo, el alumno\u00a0recibe por email\u00a0la habilitaci\u00f3n de su clave de\u00a0acceso al \u201caula virtual\u201d donde se desarrollar\u00e1n las actividades. Iniciado el curso, el tutor, junto con un mensaje\u00a0de bienvenida, le indicar\u00e1 el cronograma, es decir, los plazos en que se desarrollar\u00e1n los distintos temas a tratar.<br \/>\nDe este modo, podr\u00e1 comenzar\u00a0a trabajar con los contenidos.<br \/>\nLa clase a distancia se diferencia de la tradicional, entre otras cosas, en que el alumno organiza individualmente\u00a0el tiempo que le dedica. \u00c9l dispone, por ejemplo, si leer\u00e1 todo el material \u201cde una sola vez\u201d o un poco cada d\u00eda.<br \/>\nEstimamos que cada \u201cm\u00f3dulo\u201d, le requerir\u00e1 al alumno disponer de cinco a siete horas semanales.<\/p>\n<p style=\"text-align: justify;\"><strong>Ventajas:<br \/>\n<\/strong>Los cursos y talleres a distancia presentan las siguientes ventajas para el alumno:<\/p>\n<p style=\"text-align: justify;\">1) Contar con materiales de apoyo en abundancia (jurisprudencia, doctrina, leyes, etc.)<br \/>\n2) Adaptar el tiempo y frecuencia del aprendizaje de acuerdo a sus posibilidades individuales.<br \/>\n3) Realizar consultas directas y personalizadas al equipo docente, v\u00eda correo electr\u00f3nico.<\/p>\n<p style=\"text-align: justify;\"><strong>Caracter\u00edsticas de los cursos y\/o talleres con inicio\u00a0Inmediato:<br \/>\n<\/strong>La inscripci\u00f3n y acceso no dependen de ninguna fecha de inicio estipulada previamente. Una vez inscripto, el alumno recibe el alta de su nombre de usuario y contrase\u00f1a para acceder al aula virtual y comenzar la cursada.<br \/>\nEl alumno tendr\u00e1 cuatro\u00a0meses para realizar el curso y\/o taller, a su propio ritmo, sin horarios fijos.<\/p>\n<p style=\"text-align: justify;\"><strong>Certificados:<br \/>\n<\/strong>En todos los cursos y\/o talleres se entregar\u00e1n certificados de participaci\u00f3n en formato digital, sin obligaci\u00f3n de entrega de examen.<\/p>\n<p style=\"text-align: justify;\"><strong>\u00bfA quien est\u00e1n\u00a0destinados los cursos y\/o talleres a distancia?<br \/>\n<\/strong>Principalmente est\u00e1n pensados para Abogados, Estudiantes de Derecho, carreras afines, Empresarios, Procuradores, Martilleros, y profesionales afines. No hay requisitos establecidos para realizar nuestros cursos o talleres.<\/p>\n<p style=\"text-align: justify;\"><strong>Requerimientos t\u00e9cnicos:<\/strong><br \/>\nEl alumno puede acceder a todos estos materiales desde su propia PC, un Locutorio, etc. Solo debe contar con\u00a0una conexi\u00f3n a Internet.<br \/>\nNo necesita banda ancha, sino que basta con una conexi\u00f3n telef\u00f3nica v\u00eda modem, ya que puede descargar los\u00a0materiales y luego trabajar desconectado.<br \/>\nTampoco tendr\u00e1 que estar \u201cconectado\u201d un d\u00eda y hora en especial, sino que accede al \u201caula virtual\u201d cuando lo\u00a0desee, dentro de los plazos fijados por el tutor del curso. Se comunicar\u00e1 con el tutor a trav\u00e9s del correo\u00a0electr\u00f3nico.<\/p>\n<p style=\"text-align: justify;\"><a href=\"https:\/\/www.todoelderecho.com.ar\/campus\/shop\/cursos-y-talleres\/inscripcion-como-alumno-regular-anual\/\" target=\"_top\"><img decoding=\"async\" title=\"Capacitaci\u00f3n Jur\u00eddica On Line - Cursos y Talleres\" src=\"https:\/\/www.todoelderecho.com\/publicidad3.png\" alt=\"\" width=\"691\" height=\"290\" border=\"0\" hspace=\"20\" \/><\/a><\/p>\n","protected":false},"excerpt":{"rendered":"<p>Cada clase o m\u00f3dulo se compone del siguiente material: -Unidades conceptuales (M\u00f3dulos o Clases): Textos donde se tratan los distintos temas del curso y\/o taller. -Material complementario: Lecturas optativas, Ebooks, Art\u00edculos de Doctrina, Fallos, Legislaci\u00f3n, etc. -Actividades: Ejercicios o cuestionarios optativos que el alumno realiza bajo las indicaciones del docente\/tutor. &hellip;<\/p>\n","protected":false},"author":1,"featured_media":0,"parent":0,"menu_order":0,"comment_status":"closed","ping_status":"closed","template":"sidebar-page.php","meta":{"footnotes":""},"class_list":["post-54","page","type-page","status-publish","hentry"],"_links":{"self":[{"href":"https:\/\/www.todoelderecho.com.ar\/campus\/wp-json\/wp\/v2\/pages\/54","targetHints":{"allow":["GET"]}}],"collection":[{"href":"https:\/\/www.todoelderecho.com.ar\/campus\/wp-json\/wp\/v2\/pages"}],"about":[{"href":"https:\/\/www.todoelderecho.com.ar\/campus\/wp-json\/wp\/v2\/types\/page"}],"author":[{"embeddable":true,"href":"https:\/\/www.todoelderecho.com.ar\/campus\/wp-json\/wp\/v2\/users\/1"}],"replies":[{"embeddable":true,"href":"https:\/\/www.todoelderecho.com.ar\/campus\/wp-json\/wp\/v2\/comments?post=54"}],"version-history":[{"count":0,"href":"https:\/\/www.todoelderecho.com.ar\/campus\/wp-json\/wp\/v2\/pages\/54\/revisions"}],"wp:attachment":[{"href":"https:\/\/www.todoelderecho.com.ar\/campus\/wp-json\/wp\/v2\/media?parent=54"}],"curies":[{"name":"wp","href":"https:\/\/api.w.org\/{rel}","templated":true}]}}