{"id":56,"date":"2014-02-23T18:46:13","date_gmt":"2014-02-23T18:46:13","guid":{"rendered":"http:\/\/todoelderecho3.wordpress.com\/?page_id=56"},"modified":"2015-06-05T17:59:58","modified_gmt":"2015-06-05T17:59:58","slug":"beneficios","status":"publish","type":"page","link":"https:\/\/www.todoelderecho.com.ar\/campus\/beneficios\/","title":{"rendered":"Beneficios"},"content":{"rendered":"<p style=\"text-align: justify;\"><span style=\"color: #0000ff;\"><strong>30% de Descuento:<\/strong><\/span><br \/>\nPara los alumnos que ya hayan realizado un curso y\/o taller, le ofrecemos un 30% de descuento en la totalidad de los cursos que desee realizar.<br \/>\nPara hacer efectivo el descuento,\u00a0inscrib\u00edte desde nuestra tienda virtual e ingres\u00e1 el c\u00f3digo de descuento para alumnos.<br \/>\n<a href=\"http:\/\/tienda.todoelderecho.com\/cursos\/\" target=\"_top\">http:\/\/tienda.todoelderecho.com\/cursos\/<\/a><\/p>\n<p style=\"text-align: justify;\"><strong><span style=\"color: #0000ff;\">Bases de Datos de Derecho Argentino:<\/span><\/strong><br \/>\nTodos los alumnos que realicen uno de nuestros cursos y\/o talleres, recibir\u00e1n una suscripci\u00f3n anual (12 MESES CORRIDOS) a las Bases de Datos de Derecho Argentino GRATIS. <a href=\"http:\/\/bases.todoelderecho.com\" target=\"_blank\">http:\/\/bases.todoelderecho.com<\/a><\/p>\n<p style=\"text-align: center;\"><a href=\"https:\/\/www.todoelderecho.com.ar\/campus\/shop\/cursos-y-talleres\/inscripcion-como-alumno-regular-anual\/\" target=\"_top\"><img decoding=\"async\" title=\"Capacitaci\u00f3n Jur\u00eddica On Line - Cursos y Talleres\" src=\"https:\/\/www.todoelderecho.com\/publicidad3.png\" alt=\"\" width=\"691\" height=\"290\" border=\"0\" hspace=\"20\" \/><\/a><\/p>\n","protected":false},"excerpt":{"rendered":"<p>30% de Descuento: Para los alumnos que ya hayan realizado un curso y\/o taller, le ofrecemos un 30% de descuento en la totalidad de los cursos que desee realizar. Para hacer efectivo el descuento,\u00a0inscrib\u00edte desde nuestra tienda virtual e ingres\u00e1 el c\u00f3digo de descuento para alumnos. http:\/\/tienda.todoelderecho.com\/cursos\/ Bases de Datos &hellip;<\/p>\n","protected":false},"author":1,"featured_media":0,"parent":0,"menu_order":0,"comment_status":"closed","ping_status":"closed","template":"sidebar-page.php","meta":{"footnotes":""},"class_list":["post-56","page","type-page","status-publish","hentry"],"_links":{"self":[{"href":"https:\/\/www.todoelderecho.com.ar\/campus\/wp-json\/wp\/v2\/pages\/56","targetHints":{"allow":["GET"]}}],"collection":[{"href":"https:\/\/www.todoelderecho.com.ar\/campus\/wp-json\/wp\/v2\/pages"}],"about":[{"href":"https:\/\/www.todoelderecho.com.ar\/campus\/wp-json\/wp\/v2\/types\/page"}],"author":[{"embeddable":true,"href":"https:\/\/www.todoelderecho.com.ar\/campus\/wp-json\/wp\/v2\/users\/1"}],"replies":[{"embeddable":true,"href":"https:\/\/www.todoelderecho.com.ar\/campus\/wp-json\/wp\/v2\/comments?post=56"}],"version-history":[{"count":0,"href":"https:\/\/www.todoelderecho.com.ar\/campus\/wp-json\/wp\/v2\/pages\/56\/revisions"}],"wp:attachment":[{"href":"https:\/\/www.todoelderecho.com.ar\/campus\/wp-json\/wp\/v2\/media?parent=56"}],"curies":[{"name":"wp","href":"https:\/\/api.w.org\/{rel}","templated":true}]}}