{"id":6783,"date":"2016-05-29T15:29:33","date_gmt":"2016-05-29T15:29:33","guid":{"rendered":"http:\/\/www.todoelderecho.com.ar\/campus\/?page_id=6783"},"modified":"2022-04-17T21:07:34","modified_gmt":"2022-04-17T21:07:34","slug":"curso-de-danos-y-perjucios-inscripcion-exitosa","status":"publish","type":"page","link":"https:\/\/www.todoelderecho.com.ar\/campus\/curso-de-danos-y-perjucios-inscripcion-exitosa\/","title":{"rendered":"Curso de Da\u00f1os y Perjucios &#8211; Inscripci\u00f3n exitosa"},"content":{"rendered":"<p>Hemos recibido exitosamente su solicitud de INSCRIPCI\u00d3N AL CURSO DE DA\u00d1OS Y PERJUICIOS.<\/p>\n<p>Elija la forma de pago para abonar su inscripci\u00f3n:<\/p>\n<ul>\n<li><a href=\"https:\/\/todoelderecho.autogestion.io\/paymentButton?pKey=@gHcUJEYSPJ$ka8\"><strong>Pagar con todas las formas de pago \u2013 Pagos360.com<\/strong><\/a><br \/>\nPago con Tarjeta de Cr\u00e9dito en cuotas, con tarjeta de D\u00e9bito.<br \/>\nHome Banking, DEBIN, PEI, PagoMisCuentas, Link Pagos.<br \/>\nEn efectivo por PagoFacil, ProvinciaNet, CobroExpress y\/o RapiPago.<\/li>\n<\/ul>\n<ul>\n<li><strong><a href=\"#null\">Transferencia electr\u00f3nica &#8211; Dep\u00f3sito bancario<\/a><\/strong> CBU: 0110009930000904843197 &#8211;\u00a0Nro de Cuenta 00420090484319 &#8211; CUIT: 27052943251 &#8211; Banco de la Naci\u00f3n Argentina &#8211; importe: $3800 pesos<\/li>\n<\/ul>\n<ul>\n<li><strong><strong><strong><a title=\"Puede abonar con Tarjeta de D\u00e9bito y\/o Cr\u00e9dito, PagoFacil y\/o RapiPago, Transferencia Electr\u00f3nica o Dep\u00f3sito Bancario desde nuestra tienda virtual.\" href=\"http:\/\/www.libreriajuridica.com.ar\/?add-to-cart=119\">Desde nuestra tienda virtual<\/a><\/strong><\/strong><\/strong><\/li>\n<\/ul>\n<ul>\n<li>Luego de efectuado el pago env\u00edenos un e-mail a pagos@todoelderecho.com.ar que contenga en el asunto \u00abPago Realizado\u00bb con sus datos para proceder a la habilitaci\u00f3n de su cuenta en el aula virtual. \u00a0 El alumno quedar\u00e1 definitivamente dado de alta una vez que el pago sea acreditado. Ante cualquier consulta comun\u00edquese con nuestro soporte t\u00e9cnico:<\/li>\n<\/ul>\n<ul>\n<li>por e-mail:\u00a0<strong><a style=\"font-style: normal; font-weight: normal;\" href=\"mailto:info@todoelderecho.com.ar\">info@todoelderecho.com.ar<\/a><\/strong><\/li>\n<li>por chat:\u00a0<a href=\"https:\/\/chatserver.comm100.com\/ChatWindow.aspx?siteId=113877&amp;planId=1527&amp;partnerId=-1&amp;visitType=1&amp;byHref=1\">Chat con un operador<\/a><\/li>\n<li>por WhatsApp: <a href=\"https:\/\/wa.me\/5491163075969\" target=\"_blank\" rel=\"noopener\">https:\/\/wa.me\/5491163075969<\/a><\/li>\n<\/ul>\n","protected":false},"excerpt":{"rendered":"<p>Hemos recibido exitosamente su solicitud de INSCRIPCI\u00d3N AL CURSO DE DA\u00d1OS Y PERJUICIOS. Elija la forma de pago para abonar su inscripci\u00f3n: Pagar con todas las formas de pago \u2013 Pagos360.com Pago con Tarjeta de Cr\u00e9dito en cuotas, con tarjeta de D\u00e9bito. Home Banking, DEBIN, PEI, PagoMisCuentas, Link Pagos. En &hellip;<\/p>\n","protected":false},"author":1,"featured_media":0,"parent":0,"menu_order":0,"comment_status":"closed","ping_status":"closed","template":"sidebar-page.php","meta":{"footnotes":""},"class_list":["post-6783","page","type-page","status-publish","hentry"],"_links":{"self":[{"href":"https:\/\/www.todoelderecho.com.ar\/campus\/wp-json\/wp\/v2\/pages\/6783","targetHints":{"allow":["GET"]}}],"collection":[{"href":"https:\/\/www.todoelderecho.com.ar\/campus\/wp-json\/wp\/v2\/pages"}],"about":[{"href":"https:\/\/www.todoelderecho.com.ar\/campus\/wp-json\/wp\/v2\/types\/page"}],"author":[{"embeddable":true,"href":"https:\/\/www.todoelderecho.com.ar\/campus\/wp-json\/wp\/v2\/users\/1"}],"replies":[{"embeddable":true,"href":"https:\/\/www.todoelderecho.com.ar\/campus\/wp-json\/wp\/v2\/comments?post=6783"}],"version-history":[{"count":0,"href":"https:\/\/www.todoelderecho.com.ar\/campus\/wp-json\/wp\/v2\/pages\/6783\/revisions"}],"wp:attachment":[{"href":"https:\/\/www.todoelderecho.com.ar\/campus\/wp-json\/wp\/v2\/media?parent=6783"}],"curies":[{"name":"wp","href":"https:\/\/api.w.org\/{rel}","templated":true}]}}