{"id":71970,"date":"2024-03-08T12:24:51","date_gmt":"2024-03-08T12:24:51","guid":{"rendered":"https:\/\/www.todoelderecho.com.ar\/campus\/?page_id=71970"},"modified":"2024-10-14T16:28:57","modified_gmt":"2024-10-14T16:28:57","slug":"aula-virtual","status":"publish","type":"page","link":"https:\/\/www.todoelderecho.com.ar\/campus\/aula-virtual\/","title":{"rendered":"AULA VIRTUAL"},"content":{"rendered":"<p style=\"text-align: justify;\">Para ingresar al aula virtual, seleccione el curso o taller al que quiera acceder y luego ingrese el nombre de usuario y contrase\u00f1a que le fueron asignados:<\/p>\n<p style=\"text-align: justify;\"><span style=\"text-decoration: underline;\"><strong>Cursos:<\/strong><\/span><\/p>\n<ul style=\"text-align: justify;\">\n<li><a href=\"https:\/\/www.todoelderecho.com.ar\/cursos\/abogado_del_nino\/\">Abogado del Ni\u00f1o<\/a><\/li>\n<li><a title=\"Curso de Asistente Jur\u00c3\u00addico\" href=\"https:\/\/www.todoelderecho.com.ar\/cursos\/asistente_juridico_n\/\">Asistente jur\u00eddico<\/a><\/li>\n<li><a title=\"Curso de Asistente Jur\u00c3\u00addico\" href=\"https:\/\/www.todoelderecho.com.ar\/cursos\/bullying_grooming\/\">Bullying y el delito de Grooming<\/a><\/li>\n<li><a title=\"Defensa del Consumidor y del Usuario\" href=\"https:\/\/www.todoelderecho.com.ar\/cursos\/defensa_consumidor_n\">Defensa del Consumidor y del Usuario<\/a><\/li>\n<li><a href=\"https:\/\/www.todoelderecho.com.ar\/cursos\/delitos_informaticos\/\">Delitos Inform\u00e1ticos<\/a><\/li>\n<li><a style=\"font-style: normal; text-align: justify;\" href=\"https:\/\/www.todoelderecho.com.ar\/cursos\/nuevo_codigo_aspectos_n\/\">Derecho Procesal &#8211; Aspectos Procesales en el C\u00f3digo Civil y Comercial<\/a><\/li>\n<li><a href=\"https:\/\/www.todoelderecho.com.ar\/cursos\/nuevo_codigo_sucesorio_n\/\">Derecho Sucesorio en el C\u00f3digo Civil y Comercial<\/a><\/li>\n<li><a href=\"https:\/\/www.todoelderecho.com.ar\/cursos\/nuevo_codigo_reales_n\/\">Derechos Reales en el C\u00f3digo Civil y Comercial<\/a><\/li>\n<li><a href=\"https:\/\/www.todoelderecho.com.ar\/cursos\/nuevo_codigo_dyp_n\/\">Da\u00f1os y Perjuicios en el C\u00f3digo Civil y Comercial<\/a><\/li>\n<li><a href=\"https:\/\/www.todoelderecho.com.ar\/cursos\/practica_contratos_n\/\" target=\"_blank\" rel=\"noopener noreferrer\">Pr\u00e1ctica en Contratos Civiles y Comerciales<\/a><\/li>\n<li><a href=\"https:\/\/www.todoelderecho.com.ar\/cursos\/practica_familia_n\/\" target=\"_blank\" rel=\"noopener noreferrer\">Pr\u00e1ctica en Derecho de Familia<\/a><\/li>\n<li><a href=\"https:\/\/www.todoelderecho.com.ar\/cursos\/practica_laboral_n\/\" target=\"_blank\" rel=\"noopener noreferrer\">Pr\u00e1ctica en Derecho Laboral<\/a><\/li>\n<li><a href=\"https:\/\/www.todoelderecho.com.ar\/cursos\/jubilaciones_y_pensiones_n\/\" target=\"_blank\" rel=\"noopener noreferrer\">Pr\u00e1ctica en Jubilaciones y Pensiones<\/a><\/li>\n<li><a href=\"https:\/\/www.todoelderecho.com.ar\/cursos\/practica_responsabilidad_civil_n\/\" target=\"_blank\" rel=\"noopener noreferrer\">Pr\u00e1ctica en Responsabilidad Civil<\/a><\/li>\n<li><a href=\"https:\/\/www.todoelderecho.com.ar\/cursos\/practica_sucesiones_n\/\" target=\"_blank\" rel=\"noopener noreferrer\">Pr\u00e1ctica en Sucesiones<\/a><\/li>\n<li><a style=\"font-style: normal; text-align: justify;\" href=\"https:\/\/www.todoelderecho.com.ar\/cursos\/accidentes_transito_n\/\" rel=\"noopener noreferrer\">Reclamos por Accidentes de Tr\u00e1nsito<\/a><\/li>\n<li><a style=\"font-style: normal; text-align: justify;\" href=\"https:\/\/www.todoelderecho.com.ar\/cursos\/reforma-laboral\/\" rel=\"noopener noreferrer\">Reforma Laboral &#8211; Ley Bases (Ley 27.742)<\/a><\/li>\n<li><a style=\"font-style: normal;\" href=\"https:\/\/www.todoelderecho.com.ar\/cursos\/riesgos_del_trabajo_n\/\" target=\"_blank\" rel=\"noopener noreferrer\">Riesgos del Trabajo &#8211; Comisiones M\u00e9dicas<\/a><\/li>\n<li><a href=\"https:\/\/www.todoelderecho.com.ar\/cursos\/practica_usucapion_n\/\" rel=\"noopener noreferrer\">Pr\u00e1ctica de la Usucapi\u00f3n<\/a><\/li>\n<li><a href=\"https:\/\/www.todoelderecho.com.ar\/cursos\/uniones_convivenciales\/\">Uniones Convivenciales<\/a><\/li>\n<\/ul>\n<p><span style=\"text-decoration: underline;\"><strong>Talleres:<\/strong><\/span><\/p>\n<ul>\n<li><a href=\"https:\/\/www.todoelderecho.com.ar\/cursos\/mobbing_n\/\">Mobbing. Discriminaci\u00f3n y Violencia en el Trabajo<\/a><\/li>\n<li style=\"text-align: justify;\"><a href=\"https:\/\/www.todoelderecho.com.ar\/cursos\/nueva_moratoria_previsional_n\/\">Moratoria Previsional &#8211; Ley 26.970<\/a><\/li>\n<li style=\"text-align: justify;\"><a href=\"https:\/\/www.todoelderecho.com.ar\/cursos\/redaccion_n\/\">Redacci\u00f3n Jur\u00eddica<\/a><\/li>\n<li style=\"text-align: justify;\"><a href=\"https:\/\/www.todoelderecho.com.ar\/cursos\/reajuste_haberes_n\/\">Juicio por Reajuste de Haberes Previsionales<\/a><\/li>\n<\/ul>\n","protected":false},"excerpt":{"rendered":"<p>Para ingresar al aula virtual, seleccione el curso o taller al que quiera acceder y luego ingrese el nombre de usuario y contrase\u00f1a que le fueron asignados: Cursos: Abogado del Ni\u00f1o Asistente jur\u00eddico Bullying y el delito de Grooming Defensa del Consumidor y del Usuario Delitos Inform\u00e1ticos Derecho Procesal &#8211; &hellip;<\/p>\n","protected":false},"author":1,"featured_media":0,"parent":0,"menu_order":0,"comment_status":"closed","ping_status":"closed","template":"","meta":{"footnotes":""},"class_list":["post-71970","page","type-page","status-publish","hentry"],"_links":{"self":[{"href":"https:\/\/www.todoelderecho.com.ar\/campus\/wp-json\/wp\/v2\/pages\/71970","targetHints":{"allow":["GET"]}}],"collection":[{"href":"https:\/\/www.todoelderecho.com.ar\/campus\/wp-json\/wp\/v2\/pages"}],"about":[{"href":"https:\/\/www.todoelderecho.com.ar\/campus\/wp-json\/wp\/v2\/types\/page"}],"author":[{"embeddable":true,"href":"https:\/\/www.todoelderecho.com.ar\/campus\/wp-json\/wp\/v2\/users\/1"}],"replies":[{"embeddable":true,"href":"https:\/\/www.todoelderecho.com.ar\/campus\/wp-json\/wp\/v2\/comments?post=71970"}],"version-history":[{"count":0,"href":"https:\/\/www.todoelderecho.com.ar\/campus\/wp-json\/wp\/v2\/pages\/71970\/revisions"}],"wp:attachment":[{"href":"https:\/\/www.todoelderecho.com.ar\/campus\/wp-json\/wp\/v2\/media?parent=71970"}],"curies":[{"name":"wp","href":"https:\/\/api.w.org\/{rel}","templated":true}]}}