{"id":72195,"date":"2021-01-19T16:01:33","date_gmt":"2021-01-19T16:01:33","guid":{"rendered":"https:\/\/www.todoelderecho.com.ar\/campus\/?page_id=72195"},"modified":"2021-01-19T16:04:57","modified_gmt":"2021-01-19T16:04:57","slug":"curso-de-uniones-convivenciales-inscripcion-exitosa","status":"publish","type":"page","link":"https:\/\/www.todoelderecho.com.ar\/campus\/curso-de-uniones-convivenciales-inscripcion-exitosa\/","title":{"rendered":"Curso de Uniones Convivenciales &#8211; Inscripci\u00f3n exitosa"},"content":{"rendered":"<p>Hemos recibido exitosamente su solicitud de INSCRIPCI\u00d3N AL CURSO DE UNIONES CONVIVENCIALES.<\/p>\n<p>Puede\u00a0abonar su inscripci\u00f3n mediante tarjeta de cr\u00e9dito, PagoFacil, RapiPago y\/o Transferencia Electr\u00f3nica o Dep\u00f3sito Bancario.<\/p>\n<p>Elija la forma de pago para abonar su inscripci\u00f3n:<\/p>\n<ul>\n<li><strong><a title=\"Haga click aqu\u00ed para obtener e imprimir el cup\u00f3n de pago para abonar en cualquier sucursal del pa\u00eds.\" href=\"http:\/\/cuentadigital.com\/string.php?id=3152&amp;precio=3200&amp;concepto=Curso+Uniones+Convivenciales&amp;site=TodoelDerecho.com\" target=\"_blank\" rel=\"noopener noreferrer\">PagoFacil y\/o RapiPago<br \/>\n<\/a><\/strong><span class=\"s1\">Puede abonar el importe en efectivo en cualquier sucursal de PagoFacil y\/o Rapipago o en todos los centros de cobro habilitado. importe: $3800 pesos<\/span><\/li>\n<\/ul>\n<ul>\n<li><a style=\"font-weight: bold;\" title=\"Haga click aqu\u00ed para abonar con tarjeta de cr\u00e9dito hasta en 12 cuotas.\" href=\"https:\/\/biz.payulatam.com\/L08d1b67855F230\">Tarjeta de D\u00e9bito y\/o Cr\u00e9dito<br \/>\n<\/a><span class=\"s1\">El importe de su compra podr\u00e1 ser abonado en pesos argentinos y en cuotas. La cantidad de cuotas y el inter\u00e9s aplicable es seg\u00fan la tarjeta que utilice.\u00a0Pague hasta en 12 cuotas.\u00a0<\/span>importe: $3200 pesos<\/li>\n<\/ul>\n<ul>\n<li><strong><a href=\"#null\">Transferencia electr\u00f3nica &#8211; Dep\u00f3sito bancario<\/a><\/strong><br \/>\nCBU: 0110009930000904843197 &#8211;\u00a0Nro de Cuenta 00420090484319 &#8211; CUIT: 27052943251 &#8211; Banco de la Naci\u00f3n Argentina &#8211; importe: $3800 pesos<\/li>\n<\/ul>\n<ul>\n<li><strong><a title=\"Puede abonar con Tarjeta de D\u00e9bito y\/o Cr\u00e9dito, PagoFacil y\/o RapiPago, Transferencia Electr\u00f3nica o Dep\u00f3sito Bancario desde nuestra tienda virtual.\" href=\"http:\/\/www.libreriajuridica.com.ar\/?add-to-cart=1816\">Desde nuestra tienda virtual<\/a><\/strong><\/li>\n<\/ul>\n<ul>\n<\/ul>\n<ul>\n<li>Luego de efectuado el pago env\u00edenos un e-mail a pagos@todoelderecho.com.ar que contenga en el asunto \u00abPago Realizado\u00bb con sus datos para proceder a la habilitaci\u00f3n de su cuenta en el aula virtual.<\/li>\n<\/ul>\n<p>&nbsp;<\/p>\n<p>El alumno quedar\u00e1 definitivamente dado de alta una vez que el pago sea acreditado.<\/p>\n<p>Ante cualquier consulta comun\u00edquese con nuestro soporte t\u00e9cnico:<\/p>\n<ul>\n<li>por e-mail:\u00a0<strong><a style=\"font-style: normal; font-weight: normal;\" href=\"mailto:info@todoelderecho.com.ar\">info@todoelderecho.com.ar<\/a><\/strong><\/li>\n<li>por chat:\u00a0<a href=\"https:\/\/chatserver.comm100.com\/ChatWindow.aspx?siteId=113877&amp;planId=1527&amp;partnerId=-1&amp;visitType=1&amp;byHref=1\">Chat con un operador<\/a><\/li>\n<li>por WhatsApp: <a href=\"https:\/\/wa.me\/5491163075969\" target=\"_blank\">https:\/\/wa.me\/5491163075969 <\/a<\/li>\n<\/ul>\n<p>www.todoelderecho.com<\/p>\n","protected":false},"excerpt":{"rendered":"<p>Hemos recibido exitosamente su solicitud de INSCRIPCI\u00d3N AL CURSO DE UNIONES CONVIVENCIALES. Puede\u00a0abonar su inscripci\u00f3n mediante tarjeta de cr\u00e9dito, PagoFacil, RapiPago y\/o Transferencia Electr\u00f3nica o Dep\u00f3sito Bancario. Elija la forma de pago para abonar su inscripci\u00f3n: PagoFacil y\/o RapiPago Puede abonar el importe en efectivo en cualquier sucursal de PagoFacil &hellip;<\/p>\n","protected":false},"author":1,"featured_media":0,"parent":0,"menu_order":0,"comment_status":"closed","ping_status":"closed","template":"sidebar-page.php","meta":{"footnotes":""},"class_list":["post-72195","page","type-page","status-publish","hentry"],"_links":{"self":[{"href":"https:\/\/www.todoelderecho.com.ar\/campus\/wp-json\/wp\/v2\/pages\/72195","targetHints":{"allow":["GET"]}}],"collection":[{"href":"https:\/\/www.todoelderecho.com.ar\/campus\/wp-json\/wp\/v2\/pages"}],"about":[{"href":"https:\/\/www.todoelderecho.com.ar\/campus\/wp-json\/wp\/v2\/types\/page"}],"author":[{"embeddable":true,"href":"https:\/\/www.todoelderecho.com.ar\/campus\/wp-json\/wp\/v2\/users\/1"}],"replies":[{"embeddable":true,"href":"https:\/\/www.todoelderecho.com.ar\/campus\/wp-json\/wp\/v2\/comments?post=72195"}],"version-history":[{"count":0,"href":"https:\/\/www.todoelderecho.com.ar\/campus\/wp-json\/wp\/v2\/pages\/72195\/revisions"}],"wp:attachment":[{"href":"https:\/\/www.todoelderecho.com.ar\/campus\/wp-json\/wp\/v2\/media?parent=72195"}],"curies":[{"name":"wp","href":"https:\/\/api.w.org\/{rel}","templated":true}]}}