{"id":808,"date":"2014-10-27T16:38:15","date_gmt":"2014-10-27T16:38:15","guid":{"rendered":"http:\/\/www.todoelderecho.com.ar\/campus\/?page_id=808"},"modified":"2021-01-20T14:57:47","modified_gmt":"2021-01-20T14:57:47","slug":"riegos-del-trabajo","status":"publish","type":"page","link":"https:\/\/www.todoelderecho.com.ar\/campus\/riegos-del-trabajo\/","title":{"rendered":"Riesgos del Trabajo &#8211; Comisiones M\u00e9dicas"},"content":{"rendered":"<table border=\"0\" width=\"100%\">\n<tbody>\n<tr>\n<td>\n<p style=\"text-align: justify;\" align=\"JUSTIFY\">El curso est\u00e1 dirigido a profesionales, j\u00f3venes abogados, estudiantes de Derecho, procuradores, auxiliares de estudios jur\u00eddicos, profesiones afines y p\u00fablico en general con inter\u00e9s en el Derecho Laboral y m\u00e1s espec\u00edficamente en el tema de los ACCIDENTES LABORALES y las COMISIONES M\u00c9DICAS, especialmente ellos que quieran adquirir y profundizar conocimientos en el ejercicio profesional del Abogado. Se abordar\u00e1n los temas de estudio propuestos en forma te\u00f3rica y pr\u00e1ctica. Trat\u00e1ndose de una formaci\u00f3n cursada online, el alumno podr\u00e1 adaptar los horarios de trabajo seg\u00fan le sea m\u00e1s eficaz. Podr\u00e1s acceder, descargar e imprimir tanto los contenidos del curso como el material de estudio complementario que ponemos a disposici\u00f3n de los alumnos las 24hs, desde cualquier computadora con conexi\u00f3n a internet.<\/p>\n<p style=\"text-align: justify;\" align=\"JUSTIFY\">Modalidad:<br \/>\nOn-line mediante el uso de una plataforma tecnol\u00f3gica de \u00faltima generaci\u00f3n. El curso tiene 7 m\u00f3dulos en formato texto, es de autoaprendizaje y se realiza por internet. Los participantes podr\u00e1n conectarse cuando deseen sin restricciones de d\u00edas ni horarios. El alumno tendr\u00e1 acceso al material de estudio y a las actividades que podr\u00e1 utilizar desde su computadora, bajarlo o imprimirlo. La capacitaci\u00f3n se realiza de manera autoevaluativa y las actividades se autocorrigen. Con la finalizaci\u00f3n del \u00faltimo m\u00f3dulo el alumno podr\u00e1 solicitar su certificado de participaci\u00f3n y lo recibir\u00e1 en formato digital por correo electr\u00f3nico.<\/p>\n<p style=\"text-align: justify;\" align=\"JUSTIFY\">Material de estudio: Ponemos a disposici\u00f3n de los alumnos fallos, legislaci\u00f3n y modelos de escritos para el ejercicio profesional.<\/p>\n<p style=\"text-align: justify;\" align=\"JUSTIFY\">Medios de pago: Arancel del curso completo: $3800 pesos finales PagoFacil \u2013 Tarjeta de cr\u00e9dito y\/o d\u00e9bito \u2013 Transferencia electr\u00f3nica \u2013 Dep\u00f3sito bancario.<\/p>\n<p>Introducci\u00f3n<\/p>\n<p>M\u00d3DULO I<br \/>\nComisiones M\u00e9dicas Jurisdiccionales<br \/>\nConcepto<br \/>\nAplicaci\u00f3n<br \/>\nC\u00f3mo se inician<br \/>\nC\u00f3mo funcionan<br \/>\nConsecuencias<\/p>\n<p>M\u00d3DULO II<br \/>\nLegislaci\u00f3n Argentina<br \/>\nConstituci\u00f3n Nacional<br \/>\nLey 26.773<br \/>\nLey 27.348<br \/>\nResoluci\u00f3n 298\/2017<br \/>\nLeyes Provinciales<\/p>\n<p>M\u00d3DULO III<br \/>\nDebate doctrinario<br \/>\nOpini\u00f3n legal del Colegio de Abogados de C\u00f3rdoba<br \/>\nDebate parlamentario. Antecedentes. El Senado de la Provincia de Buenos Aires no adhiere a la nueva ley de riesgos del trabajo<br \/>\nLegislatura de la Provincia de C\u00f3rdoba<br \/>\nSanci\u00f3n de adhesi\u00f3n de la Provincia de Buenos Aires a la Ley Complementaria de Riesgos del Trabajo N\u00b0 27.348<br \/>\nPosturas antag\u00f3nicas sustentadas por doctrina y jurisprudencia actualmente imperante<br \/>\nConclusiones<br \/>\nBibliograf\u00eda<br \/>\nDoctrina<br \/>\nLegislaci\u00f3n<br \/>\nJurisprudencia<\/p>\n<p>M\u00d3DULO IV<br \/>\nModelos pr\u00e1cticos. Demanda por accidente de trabajo.<br \/>\nJurisprudencia tem\u00e1tica. Referencia normativa<br \/>\nModelo de demanda laboral por accidente de trabajo, reclamo de prestaciones de la ley 26.773 y el decreto 1694\/09 &#8211;<br \/>\nPromueve demanda por accidente de trabajo. Demanda prestaciones dec. ley 1694\/09. Plantea inconstitucionalidad. Formula reserva del caso federal.<\/p>\n<p>M\u00d3DULO V<br \/>\nModelos pr\u00e1cticos. Demanda por accidente de trabajo in itinere.<br \/>\nJurisprudencia tem\u00e1tica. Referencia normativa<br \/>\nModelo de demanda por accidente in itinere por ley 26.773 y decreto 1694\/09 &#8211;<br \/>\nPromueve demanda por accidente de trabajo in itinere. Demanda prestaciones dec. ley 1694\/09 y ley 26.773. Plantea inconstitucionalidad. Reserva del caso federal.<br \/>\nJurisprudencia<br \/>\nReferencia normativa<\/p>\n<p>M\u00d3DULO VI<br \/>\nModelos pr\u00e1cticos. Demanda por accidente de trabajo con petici\u00f3n de inconstitucionalidad de la Ley N\u00b0 27.348 y Decreto N\u00b0 298\/2017.<br \/>\nJurisprudencia tem\u00e1tica. Referencia normativa<br \/>\nModelo de demanda por accidente de trabajo solicitando declaraci\u00f3n de inconstitucionalidad de la ley 27.348 y del decreto 298\/17 &#8211;<br \/>\nJurisprudencia<br \/>\nReferencia normativa<\/p>\n<p>M\u00d3DULO VII<br \/>\nPr\u00e1ctica procesal en accidentes del trabajo y enfermedades profesionales. Modelos de telegramas. Apelaci\u00f3n del dictamen de la Comisi\u00f3n M\u00e9dica y Modelo de informe pericial m\u00e9dico<br \/>\nModelos de telegramas<br \/>\nDenuncia de siniestro a la ART con intimaciones<br \/>\nDenuncia al empleador solicitando informe ART<br \/>\nComunicaci\u00f3n ante quita de traslados del trabajador<br \/>\nTelegrama para solicitar el reingreso al servicio de la ART<br \/>\nTrabajador \u201cen negro\u201d denuncia siniestro laboral al empleador<br \/>\nRespuesta del empleador a telegrama<br \/>\nTelegrama para denunciar una enfermedad profesional a la ART<br \/>\nIntimaci\u00f3n del trabajador a la ART a que abone prestaciones<br \/>\nApelaci\u00f3n del Dictamen de la Comisi\u00f3n M\u00e9dica<br \/>\nModelo de informe pericial m\u00e9dico<\/p>\n<p style=\"text-align: justify;\">*EL MATERIAL DE ESTUDIO BRINDADO COMPRENDE JURISPRUDENCIA SOBRE LOS PUNTOS TRATADOS Y MODELOS DE PR\u00c1CTICA PROFESIONAL.<\/p>\n<\/td>\n<\/tr>\n<\/tbody>\n<\/table>\n<p><span style=\"color: #ff0000;\">*Al comprar la inscripci\u00f3n al Curso recibir\u00e1 en su email el link del curso o taller, nombre de usuario y contrase\u00f1a asignado para acceder a las aulas.<\/span><\/p>\n<p style=\"text-align: left;\"><span style=\"color: #800080;\"><strong>Inscripci\u00f3n al Curso:<\/strong><\/span><\/p>\n<p style=\"text-align: left;\"><span style=\"font-weight: 300;\">         <script type=\"text\/javascript\">\n         function cp_contactformtoemail_pform_doValidate_1(form)\n         {\n            document.cp_contactformtoemail_pform_1.cp_ref_page.value = document.location;\n            $dexQuery = jQuery.noConflict();            {\n                var cpefb_error = 0;\n                $dexQuery(\"#cp_contactformtoemail_pform_1\").find(\".cpefb_error\").each(function(index){\n                    if ($dexQuery(this).css(\"display\")!=\"none\")\n                        cpefb_error++;\n                    });\n                if (cpefb_error) return false;\n                if (document.cp_contactformtoemail_pform_1.cp_contactformtoemail_pform_status.value != '0')\n                           return false;\n                document.getElementById(\"refpage_1\").value = document.location;\n                cfte_blink(\".pbSubmit\");\n                document.cp_contactformtoemail_pform_1.cp_contactformtoemail_pform_status.value = '2';return true;            }\n         }\n         function cfte_blink(selector){\n                 try {\n                     $dexQuery = jQuery.noConflict();\n                     $dexQuery(selector).fadeOut(700, function(){\n                         $dexQuery(this).fadeIn(700, function(){\n                             try {\n                                 if (document.cp_contactformtoemail_pform_1.cp_contactformtoemail_pform_status.value != '0')\n                                     cfte_blink(this);\n                             } catch (e) {}\n                         });\n                     });\n                 } catch (e) {}\n         }\n         function cp_contactformtoemail_cerror_1(){$dexQuery = jQuery.noConflict();$dexQuery(\"#hdcaptcha_error_1\").css('top',$dexQuery(\"#hdcaptcha_cp_contactformtoemail_post_1\").outerHeight());$dexQuery(\"#hdcaptcha_error_1\").css(\"display\",\"inline\");}\n        <\/script>\n        <div id=\"cftedialog\" style=\"display:none;\"><\/div>\n        <form class=\"cpp_form no-prefetch\" name=\"cp_contactformtoemail_pform_1\" id=\"cp_contactformtoemail_pform_1\" action=\"\/campus\/riegos-del-trabajo\/?ahbnocache=847639\" method=\"post\" enctype=\"multipart\/form-data\" onsubmit=\"return cp_contactformtoemail_pform_doValidate_1(this);\"><input type=\"hidden\" name=\"cp_pform_psequence\" value=\"_1\" \/><input type=\"hidden\" name=\"cp_contactformtoemail_pform_process\" value=\"1\" \/><input type=\"hidden\" name=\"cp_contactformtoemail_id\" value=\"27\" \/><input type=\"hidden\" name=\"cp_ref_page\" value=\"\" \/><input type=\"hidden\" name=\"form_structure_1\" id=\"form_structure_1\" size=\"180\" value=\"[[{&quot;name&quot;:&quot;fieldname1&quot;,&quot;index&quot;:0,&quot;title&quot;:&quot;Nombre y Apellido&quot;,&quot;required&quot;:true,&quot;shortlabel&quot;:&quot;&quot;,&quot;ftype&quot;:&quot;ftext&quot;,&quot;userhelp&quot;:&quot;&quot;,&quot;userhelpTooltip&quot;:&quot;&quot;,&quot;csslayout&quot;:&quot;&quot;,&quot;predefined&quot;:&quot;&quot;,&quot;predefinedClick&quot;:false,&quot;size&quot;:&quot;medium&quot;,&quot;minlength&quot;:&quot;&quot;,&quot;maxlength&quot;:&quot;&quot;,&quot;equalTo&quot;:&quot;&quot;},{&quot;name&quot;:&quot;email&quot;,&quot;index&quot;:1,&quot;title&quot;:&quot;Email&quot;,&quot;ftype&quot;:&quot;femail&quot;,&quot;userhelp&quot;:&quot;&quot;,&quot;csslayout&quot;:&quot;&quot;,&quot;required&quot;:true,&quot;predefined&quot;:&quot;&quot;,&quot;size&quot;:&quot;medium&quot;,&quot;shortlabel&quot;:&quot;&quot;,&quot;userhelpTooltip&quot;:&quot;&quot;,&quot;predefinedClick&quot;:false,&quot;equalTo&quot;:&quot;&quot;},{&quot;name&quot;:&quot;subject&quot;,&quot;index&quot;:2,&quot;title&quot;:&quot;Tel\\u00e9fono&quot;,&quot;required&quot;:true,&quot;ftype&quot;:&quot;ftext&quot;,&quot;userhelp&quot;:&quot;&quot;,&quot;csslayout&quot;:&quot;&quot;,&quot;predefined&quot;:&quot;&quot;,&quot;size&quot;:&quot;medium&quot;,&quot;shortlabel&quot;:&quot;&quot;,&quot;userhelpTooltip&quot;:&quot;&quot;,&quot;predefinedClick&quot;:false,&quot;minlength&quot;:&quot;&quot;,&quot;maxlength&quot;:&quot;&quot;,&quot;equalTo&quot;:&quot;&quot;},{&quot;name&quot;:&quot;fieldname2&quot;,&quot;index&quot;:3,&quot;title&quot;:&quot;Domicilio&quot;,&quot;required&quot;:true,&quot;shortlabel&quot;:&quot;&quot;,&quot;ftype&quot;:&quot;ftext&quot;,&quot;userhelp&quot;:&quot;&quot;,&quot;userhelpTooltip&quot;:&quot;&quot;,&quot;csslayout&quot;:&quot;&quot;,&quot;predefined&quot;:&quot;&quot;,&quot;predefinedClick&quot;:false,&quot;size&quot;:&quot;medium&quot;,&quot;minlength&quot;:&quot;&quot;,&quot;maxlength&quot;:&quot;&quot;,&quot;equalTo&quot;:&quot;&quot;},{&quot;name&quot;:&quot;fieldname3&quot;,&quot;index&quot;:4,&quot;title&quot;:&quot;Provincia y Localidad&quot;,&quot;shortlabel&quot;:&quot;&quot;,&quot;ftype&quot;:&quot;ftext&quot;,&quot;userhelp&quot;:&quot;&quot;,&quot;userhelpTooltip&quot;:&quot;&quot;,&quot;csslayout&quot;:&quot;&quot;,&quot;predefined&quot;:&quot;&quot;,&quot;predefinedClick&quot;:false,&quot;required&quot;:false,&quot;size&quot;:&quot;medium&quot;,&quot;minlength&quot;:&quot;&quot;,&quot;maxlength&quot;:&quot;&quot;,&quot;equalTo&quot;:&quot;&quot;},{&quot;name&quot;:&quot;fieldname4&quot;,&quot;index&quot;:5,&quot;title&quot;:&quot;C\\u00f3digo Postal&quot;,&quot;shortlabel&quot;:&quot;&quot;,&quot;ftype&quot;:&quot;ftext&quot;,&quot;userhelp&quot;:&quot;&quot;,&quot;userhelpTooltip&quot;:&quot;&quot;,&quot;csslayout&quot;:&quot;&quot;,&quot;predefined&quot;:&quot;&quot;,&quot;predefinedClick&quot;:false,&quot;required&quot;:false,&quot;size&quot;:&quot;medium&quot;,&quot;minlength&quot;:&quot;&quot;,&quot;maxlength&quot;:&quot;&quot;,&quot;equalTo&quot;:&quot;&quot;},{&quot;name&quot;:&quot;fieldname5&quot;,&quot;index&quot;:6,&quot;title&quot;:&quot;Profesi\\u00f3n&quot;,&quot;shortlabel&quot;:&quot;&quot;,&quot;ftype&quot;:&quot;ftext&quot;,&quot;userhelp&quot;:&quot;&quot;,&quot;userhelpTooltip&quot;:&quot;&quot;,&quot;csslayout&quot;:&quot;&quot;,&quot;predefined&quot;:&quot;&quot;,&quot;predefinedClick&quot;:false,&quot;required&quot;:false,&quot;size&quot;:&quot;medium&quot;,&quot;minlength&quot;:&quot;&quot;,&quot;maxlength&quot;:&quot;&quot;,&quot;equalTo&quot;:&quot;&quot;},{&quot;name&quot;:&quot;fieldname6&quot;,&quot;index&quot;:7,&quot;title&quot;:&quot;Elija su nombre de usuario&quot;,&quot;required&quot;:true,&quot;shortlabel&quot;:&quot;&quot;,&quot;ftype&quot;:&quot;ftext&quot;,&quot;userhelp&quot;:&quot;&quot;,&quot;userhelpTooltip&quot;:&quot;&quot;,&quot;csslayout&quot;:&quot;&quot;,&quot;predefined&quot;:&quot;&quot;,&quot;predefinedClick&quot;:false,&quot;size&quot;:&quot;medium&quot;,&quot;minlength&quot;:&quot;&quot;,&quot;maxlength&quot;:&quot;&quot;,&quot;equalTo&quot;:&quot;&quot;},{&quot;name&quot;:&quot;fieldname7&quot;,&quot;index&quot;:8,&quot;title&quot;:&quot;Elija su contrase\\u00f1a&quot;,&quot;required&quot;:true,&quot;shortlabel&quot;:&quot;&quot;,&quot;ftype&quot;:&quot;ftext&quot;,&quot;userhelp&quot;:&quot;&quot;,&quot;userhelpTooltip&quot;:&quot;&quot;,&quot;csslayout&quot;:&quot;&quot;,&quot;predefined&quot;:&quot;&quot;,&quot;predefinedClick&quot;:false,&quot;size&quot;:&quot;medium&quot;,&quot;minlength&quot;:&quot;&quot;,&quot;maxlength&quot;:&quot;&quot;,&quot;equalTo&quot;:&quot;&quot;},{&quot;name&quot;:&quot;message&quot;,&quot;index&quot;:9,&quot;size&quot;:&quot;large&quot;,&quot;required&quot;:false,&quot;title&quot;:&quot;Detalle de su inscripci\\u00f3n:&quot;,&quot;ftype&quot;:&quot;ftextarea&quot;,&quot;userhelp&quot;:&quot;&quot;,&quot;csslayout&quot;:&quot;&quot;,&quot;predefined&quot;:&quot;Inscripci\\u00f3n al curso on line - Riesgos del Trabajo. Accidentes e Infortunios Laborales. Precio: $3800 pesos (\\u00fanico pago)&quot;,&quot;shortlabel&quot;:&quot;&quot;,&quot;userhelpTooltip&quot;:&quot;&quot;,&quot;predefinedClick&quot;:false,&quot;minlength&quot;:&quot;&quot;,&quot;maxlength&quot;:&quot;&quot;}],[{&quot;title&quot;:&quot;&quot;,&quot;description&quot;:&quot;&quot;,&quot;formlayout&quot;:&quot;top_aligned&quot;}]]\" \/><input type=\"hidden\" name=\"refpage_1\" id=\"refpage_1\" value=\"\"><input type=\"hidden\" name=\"cp_contactformtoemail_pform_status\" value=\"0\" \/><input name=\"anonce\" type=\"hidden\" value=\"b697ab3ecd\"\/><input name=\"cftehp\" id=\"cftehp_1\" type=\"hidden\" value=\"1\"\/>\r\n<div id=\"fbuilder\">    \r\n    <div id=\"fbuilder_1\">\r\n        <div id=\"formheader_1\"><\/div>\r\n        <div id=\"fieldlist_1\"><\/div>\r\n    <\/div>\r\n<\/div>    \r\n<div style=\"display:none\">\r\n<input name=\"cftecontrolmessage\" type=\"text\" value=\"\"\/> \r\n<div id=\"cpcaptchalayer_1\" class=\"cpcaptchalayer\">\r\n<\/div>\r\n<\/div>\r\n<div id=\"cp_subbtn_1\" class=\"cp_subbtn\">Inscribirme al curso<\/div>\r\n<\/form>\r\n<script>\r\ntry{document.getElementById(\"cftehp_1\").value=\"25\";}catch(e){}\r\n<\/script>\r\n                                  <link href=\"https:\/\/www.todoelderecho.com.ar\/campus\/wp-content\/plugins\/contact-form-to-email\/css\/stylepublic.css\" type=\"text\/css\" rel=\"stylesheet\" \/>\n                 <link href=\"https:\/\/www.todoelderecho.com.ar\/campus\/wp-content\/plugins\/contact-form-to-email\/css\/cupertino\/jquery-ui-1.8.20.custom.css\" type=\"text\/css\" rel=\"stylesheet\" \/>\n                 <script type='text\/javascript' src='https:\/\/www.todoelderecho.com.ar\/campus\/wp-content\/plugins\/contact-form-to-email\/..\/..\/..\/wp-includes\/js\/jquery\/jquery.js'><\/script>\n                 <script type='text\/javascript' src='https:\/\/www.todoelderecho.com.ar\/campus\/wp-content\/plugins\/contact-form-to-email\/..\/..\/..\/wp-includes\/js\/jquery\/ui\/core.min.js'><\/script>\n                 <script type='text\/javascript' src='https:\/\/www.todoelderecho.com.ar\/campus\/wp-content\/plugins\/contact-form-to-email\/..\/..\/..\/wp-includes\/js\/jquery\/ui\/datepicker.min.js'><\/script>\n                 <script type='text\/javascript' src='https:\/\/www.todoelderecho.com.ar\/campus\/wp-content\/plugins\/contact-form-to-email\/..\/..\/..\/wp-includes\/js\/jquery\/ui\/tooltip.min.js'><\/script>                 \n                 <script type='text\/javascript' src='https:\/\/www.todoelderecho.com.ar\/campus\/wp-content\/plugins\/contact-form-to-email\/js\/jquery.validate.js'><\/script>\n                 <script type='text\/javascript'>\n                 \/* <![CDATA[ *\/\n                 var cp_contactformtoemail_fbuilder_config_1 = {\"obj\":\"{\\\"pub\\\":true,\\\"identifier\\\":\\\"_1\\\",\\\"messages\\\": {\\n    \\t                \\t\\\"required\\\": \\\"es requerido.\\\",\\n    \\t                \\t\\\"email\\\": \\\"Ingrese su direcci\u00f3n de correo electr\u00f3nico.\\\",\\n    \\t                \\t\\\"datemmddyyyy\\\": \\\"Please enter a valid date with this format(mm\/dd\/yyyy)\\\",\\n    \\t                \\t\\\"dateddmmyyyy\\\": \\\"Please enter a valid date with this format(dd\/mm\/yyyy)\\\",\\n    \\t                \\t\\\"number\\\": \\\"Please enter a valid number.\\\",\\n    \\t                \\t\\\"digits\\\": \\\"Please enter only digits.\\\",\\n    \\t                \\t\\\"max\\\": \\\"Please enter a value less than or equal to %0%.\\\",\\n    \\t                \\t\\\"min\\\": \\\"Please enter a value greater than or equal to %0%.\\\",\\\"previous\\\": \\\"anterior\\\",\\\"next\\\": \\\"siguiente\\\"\\n    \\t                }}\"};\n                 \/* ]]> *\/\n                 <\/script>\n                 <script type='text\/javascript' src='https:\/\/www.todoelderecho.com.ar\/campus\/wp-content\/plugins\/contact-form-to-email\/js\/fbuilderf.jquery.js?nc=3'><\/script>\n                 <script type='text\/javascript' src='\/campus?cp_cfte_resources=customjs'><\/script>\n            <\/span><\/p>\n<h6 style=\"color: #555555; text-align: justify;\"><span style=\"color: #373737;\"><span style=\"color: #000080;\"><strong>Formas de Pago:<\/strong><\/span>\u00a0Puede abonar su inscripci\u00f3n mediante Tarjeta de D\u00e9bito y\/o Cr\u00e9dito, en cualquier sucursal de PagoFacil y\/o RapiPago, como as\u00ed tambi\u00e9n obtener los datos necesarios para realizar una Transferencia Electr\u00f3nica o Dep\u00f3sito Bancario.<\/span><\/h6>\n<p>&nbsp;<\/p>\n<h1 style=\"padding-left: 30px;\">Elija la forma de pago para\u00a0abonar su inscripci\u00f3n:<\/h1>\n<h1 style=\"padding-left: 30px;\"><a href=\"http:\/\/www.libreriajuridica.com.ar\/producto\/suscripcion-anual-a-bases-de-datos-de-derecho-argentino\/?add-to-cart=241\"><img decoding=\"async\" src=\"https:\/\/i0.wp.com\/www.todoelderecho.com\/bases\/flecha_roja.gif?resize=11%2C11\" alt=\"\" \/><\/a><span style=\"color: #ffffff;\">\u00a0<\/span><a title=\"Haga click aqu\u00ed para obtener e imprimir el cup\u00f3n de pago para abonar en cualquier sucursal del pa\u00eds.\" href=\"http:\/\/cuentadigital.com\/string.php?id=3152&amp;precio=3200&amp;concepto=Curso+sobre+Riegos+del+Trabajo&amp;site=TodoelDerecho.com\" target=\"_blank\" rel=\"noopener noreferrer\">PagoFacil y\/o RapiPago<\/a><\/h1>\n<h1 style=\"padding-left: 30px;\"><a href=\"http:\/\/www.libreriajuridica.com.ar\/producto\/suscripcion-anual-a-bases-de-datos-de-derecho-argentino\/?add-to-cart=241\"><img decoding=\"async\" src=\"https:\/\/i0.wp.com\/www.todoelderecho.com\/bases\/flecha_roja.gif?resize=11%2C11\" alt=\"\" \/><\/a><span style=\"color: #ffffff;\">\u00a0<\/span><a title=\"Haga click aqu\u00ed para abonar con tarjeta de cr\u00e9dito hasta en 12 cuotas.\" href=\"https:\/\/biz.payulatam.com\/L08d1b62780CE1E\">Tarjeta de D\u00e9bito y\/o Cr\u00e9dito<\/a><\/h1>\n<h1 style=\"padding-left: 30px;\"><a href=\"http:\/\/www.libreriajuridica.com.ar\/producto\/suscripcion-anual-a-bases-de-datos-de-derecho-argentino\/?add-to-cart=241\"><img decoding=\"async\" src=\"https:\/\/i0.wp.com\/www.todoelderecho.com\/bases\/flecha_roja.gif?resize=11%2C11\" alt=\"\" \/><\/a><span style=\"color: #ffffff;\">\u00a0<\/span><a title=\"Recibir\u00e1 un email con los datos necesarios para realizar una transferencia electr\u00f3nica o dep\u00f3sito bancario.\" href=\"#\">Transferencia electr\u00f3nica &#8211; Dep\u00f3sito bancario<\/a><\/h1>\n<h1 style=\"padding-left: 30px;\"><a href=\"http:\/\/www.libreriajuridica.com.ar\/producto\/suscripcion-anual-a-bases-de-datos-de-derecho-argentino\/?add-to-cart=241\"><img decoding=\"async\" src=\"https:\/\/i0.wp.com\/www.todoelderecho.com\/bases\/flecha_roja.gif?resize=11%2C11\" alt=\"\" \/><\/a><span style=\"color: #ffffff;\">\u00a0<\/span><a title=\"Puede abonar con Tarjeta de D\u00e9bito y\/o Cr\u00e9dito, PagoFacil y\/o RapiPago, Transferencia Electr\u00f3nica o Dep\u00f3sito Bancario desde nuestra tienda virtual.\" href=\"http:\/\/www.libreriajuridica.com.ar\/?add-to-cart=881\">Desde nuestra tienda virtual<\/a><\/h1>\n<h1 style=\"padding-left: 30px;\"><a href=\"http:\/\/www.libreriajuridica.com.ar\/producto\/suscripcion-anual-a-bases-de-datos-de-derecho-argentino\/?add-to-cart=241\"><\/a><\/h1>\n<p style=\"color: #444444;\"><img decoding=\"async\" src=\"https:\/\/i0.wp.com\/www.campusjuridico.com\/todas_formas2.png?w=750\" alt=\"\" width=\"550\" height=\"131\" \/><\/p>\n","protected":false},"excerpt":{"rendered":"<p>El curso est\u00e1 dirigido a profesionales, j\u00f3venes abogados, estudiantes de Derecho, procuradores, auxiliares de estudios jur\u00eddicos, profesiones afines y p\u00fablico en general con inter\u00e9s en el Derecho Laboral y m\u00e1s espec\u00edficamente en el tema de los ACCIDENTES LABORALES y las COMISIONES M\u00c9DICAS, especialmente ellos que quieran adquirir y profundizar conocimientos &hellip;<\/p>\n","protected":false},"author":1,"featured_media":9524,"parent":0,"menu_order":0,"comment_status":"closed","ping_status":"closed","template":"sidebar-page.php","meta":{"footnotes":""},"class_list":["post-808","page","type-page","status-publish","has-post-thumbnail","hentry"],"_links":{"self":[{"href":"https:\/\/www.todoelderecho.com.ar\/campus\/wp-json\/wp\/v2\/pages\/808","targetHints":{"allow":["GET"]}}],"collection":[{"href":"https:\/\/www.todoelderecho.com.ar\/campus\/wp-json\/wp\/v2\/pages"}],"about":[{"href":"https:\/\/www.todoelderecho.com.ar\/campus\/wp-json\/wp\/v2\/types\/page"}],"author":[{"embeddable":true,"href":"https:\/\/www.todoelderecho.com.ar\/campus\/wp-json\/wp\/v2\/users\/1"}],"replies":[{"embeddable":true,"href":"https:\/\/www.todoelderecho.com.ar\/campus\/wp-json\/wp\/v2\/comments?post=808"}],"version-history":[{"count":0,"href":"https:\/\/www.todoelderecho.com.ar\/campus\/wp-json\/wp\/v2\/pages\/808\/revisions"}],"wp:featuredmedia":[{"embeddable":true,"href":"https:\/\/www.todoelderecho.com.ar\/campus\/wp-json\/wp\/v2\/media\/9524"}],"wp:attachment":[{"href":"https:\/\/www.todoelderecho.com.ar\/campus\/wp-json\/wp\/v2\/media?parent=808"}],"curies":[{"name":"wp","href":"https:\/\/api.w.org\/{rel}","templated":true}]}}