{"id":8470,"date":"2017-07-04T15:13:09","date_gmt":"2017-07-04T15:13:09","guid":{"rendered":"http:\/\/www.todoelderecho.com.ar\/campus\/?page_id=8470"},"modified":"2021-01-19T18:32:45","modified_gmt":"2021-01-19T18:32:45","slug":"pack-de-reales-inscripcion-exitosa","status":"publish","type":"page","link":"https:\/\/www.todoelderecho.com.ar\/campus\/pack-de-reales-inscripcion-exitosa\/","title":{"rendered":"Pack de Reales &#8211; Inscripci\u00f3n exitosa"},"content":{"rendered":"<p>Hemos recibido exitosamente su solicitud de INSCRIPCI\u00d3N AL PACK DE CURSOS DE REALES.<\/p>\n<p>Puede\u00a0abonar su inscripci\u00f3n mediante tarjeta de cr\u00e9dito en cuotas, tarjeta de d\u00e9bito, PagoFacil, RapiPago y\/o Transferencia Electr\u00f3nica o Dep\u00f3sito Bancario.<\/p>\n<p>Elija la forma de pago para abonar su inscripci\u00f3n:<\/p>\n<ul>\n<li><strong><a title=\"Haga click aqu\u00ed para obtener e imprimir el cup\u00f3n de pago para abonar en cualquier sucursal del pa\u00eds.\" href=\"http:\/\/cuentadigital.com\/string.php?id=3152&amp;precio=4800&amp;concepto=Pack+Derechos+Reales&amp;site=TodoelDerecho.com\" target=\"_blank\" rel=\"noopener noreferrer\">PagoFacil y\/o RapiPago<br \/>\n<\/a><\/strong><span class=\"s1\">El importe de su compra podr\u00e1 ser abonado en pesos argentinos en cualquier sucursal de PagoFacil y\/o Rapipago del pa\u00eds.\u00a0<\/span>importe: $5600 pesos<\/li>\n<\/ul>\n<ul>\n<li><a style=\"font-weight: bold;\" title=\"Haga click aqu\u00ed para abonar con tarjeta de cr\u00e9dito hasta en 12 cuotas.\" href=\"https:\/\/biz.payulatam.com\/L08d1b6F951830B\">Tarjeta de D\u00e9bito y\/o Cr\u00e9dito<br \/>\n<\/a><span class=\"s1\">El importe de su compra podr\u00e1 ser abonado en pesos argentinos y en cuotas. La cantidad de cuotas y el inter\u00e9s aplicable es seg\u00fan la tarjeta que utilice.\u00a0Pague hasta en 12 cuotas.\u00a0<\/span>importe: $5600 pesos<\/li>\n<\/ul>\n<ul>\n<li><strong><a href=\"#null\">Transferencia electr\u00f3nica &#8211; Dep\u00f3sito bancario<\/a><\/strong><br \/>\nCBU: 0110009930000904843197 &#8211;\u00a0<span style=\"font-weight: 300;\"><span style=\"font-weight: 300;\"><span style=\"font-weight: 300;\"><span style=\"font-weight: 300;\">Nro de Cuenta 00420090484319 &#8211; CUIT: 27052943251 &#8211; Banco de la Naci\u00f3n Argentina &#8211; importe: $5600 pesos<\/span><\/span><\/span><\/span><\/li>\n<\/ul>\n<ul>\n<li><strong><strong><strong><a title=\"Puede abonar con Tarjeta de D\u00e9bito y\/o Cr\u00e9dito, PagoFacil y\/o RapiPago, Transferencia Electr\u00f3nica o Dep\u00f3sito Bancario desde nuestra tienda virtual.\" href=\"http:\/\/www.libreriajuridica.com.ar\/?add-to-cart=1316\">Desde nuestra tienda virtual<\/a><\/strong><\/strong><\/strong><\/li>\n<\/ul>\n<ul>\n<\/ul>\n<ul>\n<li>Luego de efectuado el pago env\u00edenos un e-mail a pagos@todoelderecho.com.ar que contenga en el asunto \u00abPago Realizado\u00bb con sus datos para proceder a la habilitaci\u00f3n de su cuenta en el aula virtual.<\/li>\n<\/ul>\n<p>&nbsp;<\/p>\n<p>El alumno quedar\u00e1 definitivamente dado de alta una vez que el pago sea acreditado.<\/p>\n<p>Ante cualquier consulta comun\u00edquese con nuestro soporte t\u00e9cnico:<\/p>\n<ul>\n<li>por e-mail: <strong><a style=\"font-style: normal; font-weight: normal;\" href=\"mailto:info@todoelderecho.com.ar\">info@todoelderecho.com.ar<\/a><\/strong><\/li>\n<li><span style=\"font-weight: 300;\">por chat: <a href=\"https:\/\/chatserver.comm100.com\/ChatWindow.aspx?siteId=113877&amp;planId=1527&amp;partnerId=-1&amp;visitType=1&amp;byHref=1\">Chat con un operador<\/a><\/span><\/li>\n<li><span style=\"font-weight: 300;\">por WhatsApp: <a href=\"https:\/\/wa.me\/5491163075969\" target=\"_blank\">https:\/\/wa.me\/5491163075969 <\/a<\/span><\/li>\n<\/ul>\n<p>www.todoelderecho.com<\/p>\n","protected":false},"excerpt":{"rendered":"<p>Hemos recibido exitosamente su solicitud de INSCRIPCI\u00d3N AL PACK DE CURSOS DE REALES. Puede\u00a0abonar su inscripci\u00f3n mediante tarjeta de cr\u00e9dito en cuotas, tarjeta de d\u00e9bito, PagoFacil, RapiPago y\/o Transferencia Electr\u00f3nica o Dep\u00f3sito Bancario. Elija la forma de pago para abonar su inscripci\u00f3n: PagoFacil y\/o RapiPago El importe de su compra &hellip;<\/p>\n","protected":false},"author":1,"featured_media":0,"parent":0,"menu_order":0,"comment_status":"closed","ping_status":"closed","template":"sidebar-page.php","meta":{"footnotes":""},"class_list":["post-8470","page","type-page","status-publish","hentry"],"_links":{"self":[{"href":"https:\/\/www.todoelderecho.com.ar\/campus\/wp-json\/wp\/v2\/pages\/8470","targetHints":{"allow":["GET"]}}],"collection":[{"href":"https:\/\/www.todoelderecho.com.ar\/campus\/wp-json\/wp\/v2\/pages"}],"about":[{"href":"https:\/\/www.todoelderecho.com.ar\/campus\/wp-json\/wp\/v2\/types\/page"}],"author":[{"embeddable":true,"href":"https:\/\/www.todoelderecho.com.ar\/campus\/wp-json\/wp\/v2\/users\/1"}],"replies":[{"embeddable":true,"href":"https:\/\/www.todoelderecho.com.ar\/campus\/wp-json\/wp\/v2\/comments?post=8470"}],"version-history":[{"count":0,"href":"https:\/\/www.todoelderecho.com.ar\/campus\/wp-json\/wp\/v2\/pages\/8470\/revisions"}],"wp:attachment":[{"href":"https:\/\/www.todoelderecho.com.ar\/campus\/wp-json\/wp\/v2\/media?parent=8470"}],"curies":[{"name":"wp","href":"https:\/\/api.w.org\/{rel}","templated":true}]}}