{"id":71350,"date":"2025-08-21T12:20:19","date_gmt":"2025-08-21T15:20:19","guid":{"rendered":"https:\/\/www.todoelderecho.com.ar\/campus\/?post_type=product&#038;p=71350"},"modified":"2025-08-21T12:44:39","modified_gmt":"2025-08-21T15:44:39","slug":"pack-previsional","status":"publish","type":"product","link":"https:\/\/www.todoelderecho.com.ar\/campus\/shop\/cursos-y-talleres\/packs\/pack-previsional\/","title":{"rendered":"Pack de Cursos y Talleres en Derecho Previsional"},"content":{"rendered":"<p style=\"text-align: justify;\">EL PACK DE DERECHO DE DERECHO PREVISIONAL\u00a0INCLUYE LOS SIGUIENTES CURSOS Y TALLERES:<\/p>\n<ul style=\"text-align: justify;\">\n<li><strong>TALLER DE NUEVA MORATORIA PREVISIONAL<\/strong><\/li>\n<li><strong>TALLER DE JUICIO POR REAJUSTE DE HABERES PREVISIONALES<\/strong><\/li>\n<li><strong>CURSO DE PR\u00c1CTICA EN JUBILACIONES Y PENSIONES<\/strong><\/li>\n<\/ul>\n<p style=\"text-align: justify;\">Los cursos y\u00a0talleres est\u00e1n dirigidos a profesionales, abogados, estudiantes de Derecho, profesiones a fines y p\u00fablico en general con inter\u00e9s en el Derecho Previsional. Trat\u00e1ndose de una formaci\u00f3n cursada online, el alumno podr\u00e1 adaptar los horarios de trabajo seg\u00fan le sea m\u00e1s eficaz. Podr\u00e1s acceder, descargar e imprimir tanto los contenidos del curso como el material de estudio complementario que ponemos a disposici\u00f3n de los alumnos las 24hs, desde cualquier computadora con conexi\u00f3n a internet.<\/p>\n<p style=\"text-align: justify;\">Modalidad:<br \/>\nOn-line mediante el uso de una plataforma tecnol\u00f3gica de \u00faltima generaci\u00f3n. Las capacitaciones se realizan por internet. Los cursos y talleres de autoaprendizaje est\u00e1n estructurados en m\u00f3dulos en formato texto. Asimismo, cada m\u00f3dulo tendr\u00e1 una Gu\u00eda de Repaso y\/o Actividades (no obligatorias).<br \/>\nLos participantes podr\u00e1n conectarse cuando deseen sin restricciones de d\u00edas ni horarios. El alumno tendr\u00e1 acceso al material de estudio y a las actividades que podr\u00e1 utilizar desde su computadora, bajarlo o imprimirlo. La capacitaci\u00f3n se realiza de manera autoevaluativa y las actividades se autocorrigen. Con la finalizaci\u00f3n del \u00faltimo m\u00f3dulo el alumno podr\u00e1 solicitar su certificado de participaci\u00f3n y lo recibir\u00e1 en formato digital por correo electr\u00f3nico.<\/p>\n<table border=\"0\" width=\"100%\">\n<tbody>\n<tr>\n<td>\n<p align=\"JUSTIFY\">Material de estudio:<br \/>\nPonemos a disposici\u00f3n de los alumnos fallos, legislaci\u00f3n y modelos de escritos para el ejercicio profesional.<\/p>\n<p align=\"JUSTIFY\">Medios de pago:<br \/>\nPagoFacil y\/o RapiPago \u2013 Tarjeta de cr\u00e9dito y\/o d\u00e9bito \u2013 Transferencia electr\u00f3nica \u2013 Dep\u00f3sito bancario.<\/p>\n<\/td>\n<\/tr>\n<\/tbody>\n<\/table>\n<p style=\"color: #555555; text-align: justify;\"><span style=\"color: #ff0000;\">*Al comprar la inscripci\u00f3n al Pack recibir\u00e1 en su email el Link de acceso, nombre de usuario y contrase\u00f1a asignados para acceder a las aulas.<\/span><\/p>\n<p style=\"text-align: center;\"><a href=\"https:\/\/www.todoelderecho.com.ar\/campus\/shop\/cursos-y-talleres\/?add-to-cart=71350\">Comprar<\/a><\/p>\n","protected":false},"excerpt":{"rendered":"<p>Acceso a 3 capacitaciones en Derecho Previsional:<\/p>\n<ul>\n<li><strong>TALLER DE NUEVA MORATORIA PREVISIONAL<\/strong><\/li>\n<li><strong>TALLER DE JUICIO POR REAJUSTE DE HABERES PREVISIONALES<\/strong><\/li>\n<li><strong>CURSO DE PR\u00c1CTICA EN JUBILACIONES Y PENSIONES<\/strong><\/li>\n<\/ul>\n","protected":false},"featured_media":71473,"template":"","meta":[],"product_brand":[],"product_cat":[9438,9428],"product_tag":[9451,9454,9452,9455,9453],"class_list":{"0":"post-71350","1":"product","2":"type-product","3":"status-publish","4":"has-post-thumbnail","6":"product_cat-cursos-y-talleres","7":"product_cat-packs","8":"product_tag-derecho-previsional","9":"product_tag-juicio-por-reajuste-de-haberes-previsionales","10":"product_tag-moratoria-previsional","11":"product_tag-practica-en-jubilaciones-y-pensiones","12":"product_tag-practica-en-seguridad-social","14":"first","15":"instock","16":"virtual","17":"purchasable","18":"product-type-simple"},"_links":{"self":[{"href":"https:\/\/www.todoelderecho.com.ar\/campus\/wp-json\/wp\/v2\/product\/71350","targetHints":{"allow":["GET"]}}],"collection":[{"href":"https:\/\/www.todoelderecho.com.ar\/campus\/wp-json\/wp\/v2\/product"}],"about":[{"href":"https:\/\/www.todoelderecho.com.ar\/campus\/wp-json\/wp\/v2\/types\/product"}],"wp:featuredmedia":[{"embeddable":true,"href":"https:\/\/www.todoelderecho.com.ar\/campus\/wp-json\/wp\/v2\/media\/71473"}],"wp:attachment":[{"href":"https:\/\/www.todoelderecho.com.ar\/campus\/wp-json\/wp\/v2\/media?parent=71350"}],"wp:term":[{"taxonomy":"product_brand","embeddable":true,"href":"https:\/\/www.todoelderecho.com.ar\/campus\/wp-json\/wp\/v2\/product_brand?post=71350"},{"taxonomy":"product_cat","embeddable":true,"href":"https:\/\/www.todoelderecho.com.ar\/campus\/wp-json\/wp\/v2\/product_cat?post=71350"},{"taxonomy":"product_tag","embeddable":true,"href":"https:\/\/www.todoelderecho.com.ar\/campus\/wp-json\/wp\/v2\/product_tag?post=71350"}],"curies":[{"name":"wp","href":"https:\/\/api.w.org\/{rel}","templated":true}]}}