{"id":71354,"date":"2025-12-09T12:00:36","date_gmt":"2025-12-09T15:00:36","guid":{"rendered":"https:\/\/www.todoelderecho.com.ar\/campus\/?post_type=product&#038;p=71354"},"modified":"2025-12-09T12:16:07","modified_gmt":"2025-12-09T15:16:07","slug":"pack-familia","status":"publish","type":"product","link":"https:\/\/www.todoelderecho.com.ar\/campus\/shop\/cursos-y-talleres\/packs\/pack-familia\/","title":{"rendered":"Pack de Cursos en Derecho de Familia"},"content":{"rendered":"<p style=\"text-align: justify;\">EL PACK DE DERECHO DE FAMILIA\u00a0INCLUYE LOS SIGUIENTES CURSOS:<\/p>\n<ul style=\"text-align: justify;\">\n<li><strong>CURSO DE PR\u00c1CTICA EN DERECHO DE FAMILIA<\/strong><\/li>\n<li><strong>CURSO DE PR\u00c1CTICA EN SUCESIONES<\/strong><\/li>\n<li><strong>CURSO DE UNIONES CONVIVENCIALES<\/strong><\/li>\n<\/ul>\n<p style=\"text-align: justify;\">Los cursos est\u00e1n dirigido a profesionales, abogados, estudiantes de Derecho, profesiones a fines y p\u00fablico en general con inter\u00e9s en el abordaje y estudio del DERECHO DE FAMILIA EN EL C\u00d3DIGO CIVIL. Se estudiar\u00e1n las propuestas de reforma desde un punto de vista acad\u00e9mico y te\u00f3rico. Trat\u00e1ndose de una formaci\u00f3n cursada online, el alumno podr\u00e1 adaptar los horarios de trabajo seg\u00fan le sea m\u00e1s eficaz. Podr\u00e1s acceder, descargar e imprimir tanto los contenidos del curso como el material de estudio complementario que ponemos a disposici\u00f3n de los alumnos las 24hs, desde cualquier computadora con conexi\u00f3n a internet.<\/p>\n<p style=\"text-align: justify;\">Modalidad:<br \/>\nOn-line mediante el uso de una plataforma tecnol\u00f3gica de \u00faltima generaci\u00f3n. Las capacitaciones se realizan por internet. Los cursos de autoaprendizaje est\u00e1n estructurados en m\u00f3dulos en formato texto. Asimismo, cada m\u00f3dulo tendr\u00e1 una Gu\u00eda de Repaso y\/o Actividades (no obligatorias).<br \/>\nLos participantes podr\u00e1n conectarse cuando deseen sin restricciones de d\u00edas ni horarios. El alumno tendr\u00e1 acceso al material de estudio y a las actividades que podr\u00e1 utilizar desde su computadora, bajarlo o imprimirlo. La capacitaci\u00f3n se realiza de manera autoevaluativa y las actividades se autocorrigen. Con la finalizaci\u00f3n del \u00faltimo m\u00f3dulo el alumno podr\u00e1 solicitar su certificado de participaci\u00f3n y lo recibir\u00e1 en formato digital por correo electr\u00f3nico.<\/p>\n<table border=\"0\" width=\"100%\">\n<tbody>\n<tr>\n<td>\n<p align=\"JUSTIFY\">Material de estudio:<br \/>\nPonemos a disposici\u00f3n de los alumnos fallos, legislaci\u00f3n y modelos de escritos para el ejercicio profesional.<\/p>\n<p align=\"JUSTIFY\">Medios de pago:<br \/>\nPagoFacil y\/o RapiPago \u2013 Tarjeta de cr\u00e9dito y\/o d\u00e9bito \u2013 Transferencia electr\u00f3nica \u2013 Dep\u00f3sito bancario.<\/p>\n<\/td>\n<\/tr>\n<\/tbody>\n<\/table>\n<p style=\"color: #555555; text-align: justify;\"><span style=\"color: #ff0000;\">*Al comprar la inscripci\u00f3n al Pack recibir\u00e1 en su email el Link de acceso, nombre de usuario y contrase\u00f1a asignados para acceder a las aulas.<\/span><\/p>\n<p style=\"text-align: center;\"><a href=\"https:\/\/www.todoelderecho.com.ar\/campus\/shop\/cursos-y-talleres\/?add-to-cart=71354\">Comprar<\/a><\/p>\n<p>&nbsp;<\/p>\n","protected":false},"excerpt":{"rendered":"<p>Acceso a 3 capacitaciones en Derecho de Familia:<\/p>\n<ul>\n<li><strong>CURSO DE PR\u00c1CTICA EN DERECHO DE FAMILIA<\/strong><\/li>\n<li><strong>CURSO DE PR\u00c1CTICA EN SUCESIONES<\/strong><\/li>\n<li><strong>CURSO DE UNIONES CONVIVENCIALES<\/strong><\/li>\n<\/ul>\n","protected":false},"featured_media":71910,"template":"","meta":[],"product_brand":[],"product_cat":[9438,9428],"product_tag":[9459,9475,9511],"class_list":{"0":"post-71354","1":"product","2":"type-product","3":"status-publish","4":"has-post-thumbnail","6":"product_cat-cursos-y-talleres","7":"product_cat-packs","8":"product_tag-practica-en-derecho-de-familia","9":"product_tag-practica-en-sucesiones","10":"product_tag-uniones-convivenciales","12":"first","13":"instock","14":"virtual","15":"purchasable","16":"product-type-simple"},"_links":{"self":[{"href":"https:\/\/www.todoelderecho.com.ar\/campus\/wp-json\/wp\/v2\/product\/71354","targetHints":{"allow":["GET"]}}],"collection":[{"href":"https:\/\/www.todoelderecho.com.ar\/campus\/wp-json\/wp\/v2\/product"}],"about":[{"href":"https:\/\/www.todoelderecho.com.ar\/campus\/wp-json\/wp\/v2\/types\/product"}],"wp:featuredmedia":[{"embeddable":true,"href":"https:\/\/www.todoelderecho.com.ar\/campus\/wp-json\/wp\/v2\/media\/71910"}],"wp:attachment":[{"href":"https:\/\/www.todoelderecho.com.ar\/campus\/wp-json\/wp\/v2\/media?parent=71354"}],"wp:term":[{"taxonomy":"product_brand","embeddable":true,"href":"https:\/\/www.todoelderecho.com.ar\/campus\/wp-json\/wp\/v2\/product_brand?post=71354"},{"taxonomy":"product_cat","embeddable":true,"href":"https:\/\/www.todoelderecho.com.ar\/campus\/wp-json\/wp\/v2\/product_cat?post=71354"},{"taxonomy":"product_tag","embeddable":true,"href":"https:\/\/www.todoelderecho.com.ar\/campus\/wp-json\/wp\/v2\/product_tag?post=71354"}],"curies":[{"name":"wp","href":"https:\/\/api.w.org\/{rel}","templated":true}]}}