{"id":72031,"date":"2025-11-07T09:00:53","date_gmt":"2025-11-07T12:00:53","guid":{"rendered":"https:\/\/www.todoelderecho.com.ar\/campus\/?post_type=product&#038;p=72031"},"modified":"2025-11-07T09:47:09","modified_gmt":"2025-11-07T12:47:09","slug":"curso-sobre-el-bullying-y-el-delito-de-grooming","status":"publish","type":"product","link":"https:\/\/www.todoelderecho.com.ar\/campus\/shop\/cursos-y-talleres\/cursos\/curso-sobre-el-bullying-y-el-delito-de-grooming\/","title":{"rendered":"Curso sobre el Bullying y el delito de Grooming"},"content":{"rendered":"<p style=\"text-align: justify;\" align=\"JUSTIFY\">El curso est\u00e1 dirigido a profesionales, abogados, estudiantes de Derecho, profesiones a fines y p\u00fablico en general con inter\u00e9s en la problem\u00e1tica del Bullying y el delito de Grooming. Se abordar\u00e1n los temas de estudio en forma te\u00f3rica y jurisprudencial. Trat\u00e1ndose de una formaci\u00f3n cursada online, el alumno podr\u00e1 adaptar los horarios de trabajo seg\u00fan le sea m\u00e1s eficaz. Podr\u00e1s acceder, descargar e imprimir tanto los contenidos del curso como el material de estudio complementario que ponemos a disposici\u00f3n de los alumnos las 24hs, desde cualquier computadora con conexi\u00f3n a internet.<\/p>\n<p style=\"text-align: justify;\">Modalidad:<br \/>\nOn-line mediante el uso de una plataforma tecnol\u00f3gica de \u00faltima generaci\u00f3n. El curso tiene 8 m\u00f3dulos en formato texto, es de autoaprendizaje y se realiza por internet. Los participantes podr\u00e1n conectarse cuando deseen sin restricciones de d\u00edas ni horarios. El alumno tendr\u00e1 acceso al material de estudio y a las actividades que podr\u00e1 utilizar desde su computadora, bajarlo o imprimirlo. La capacitaci\u00f3n se realiza de manera autoevaluativa y las actividades se autocorrigen. Con la finalizaci\u00f3n del \u00faltimo m\u00f3dulo el alumno podr\u00e1 solicitar su certificado de participaci\u00f3n y lo recibir\u00e1 en formato digital por correo electr\u00f3nico.<\/p>\n<p>Material de estudio:<br \/>\nPonemos a disposici\u00f3n de los alumnos fallos, legislaci\u00f3n y modelos de escritos para el ejercicio profesional.<\/p>\n<p style=\"text-align: justify;\" align=\"JUSTIFY\">Medios de pago:<br \/>\nArancel del curso completo: $12900 pesos finales<br \/>\nPagoFacil \u2013 Tarjeta de cr\u00e9dito y\/o d\u00e9bito \u2013 Transferencia electr\u00f3nica \u2013 Dep\u00f3sito bancario.<\/p>\n<p align=\"JUSTIFY\"><strong>PROGRAMA DEL CURSO<\/strong><\/p>\n<p>Bullying<br \/>\nIntroducci\u00f3n<br \/>\nM\u00d3DULO I<br \/>\nBullying. Aspectos generales<br \/>\nIntroducci\u00f3n<br \/>\nDefinici\u00f3n<br \/>\nEl cyberbullying<br \/>\nLegislaci\u00f3n nacional sobre bullying<br \/>\nLa ley N\u00ba 23.849. Convenci\u00f3n sobre los Derechos del Ni\u00f1o<br \/>\nLey N\u00b0 26.892. Ley para la promoci\u00f3n de la convivencia y el abordaje de la conflictividad social en las instituciones educativas<br \/>\nLos aspectos m\u00e1s relevantes de la ley<br \/>\nObservaciones a la ley<br \/>\nConclusi\u00f3n<\/p>\n<p>M\u00d3DULO II<br \/>\nLa responsabilidad civil de los padres por hechos cometidos por sus hijos menores<br \/>\nIntroducci\u00f3n<br \/>\nLa responsabilidad civil de los padres en el C\u00f3digo Civil y Comercial<br \/>\nEximentes<br \/>\nResponsabilidad concurrente<br \/>\nConclusi\u00f3n<\/p>\n<p>M\u00d3DULO III<br \/>\nBullying y responsabilidad civil de los institutos educativos<br \/>\nIntroducci\u00f3n<br \/>\nBreves consideraciones sobre la responsabilidad civil de los establecimientos educativos<br \/>\nFactor objetivo de responsabilidad en el CCyC<br \/>\nSobre el seguro de responsabilidad civil<br \/>\nLa funci\u00f3n preventiva en el C\u00f3digo Civil y Comercial de la Naci\u00f3n<br \/>\nEximentes<br \/>\nLa Ley Nacional de Responsabilidad del Estado en casos de bullying<br \/>\nConclusi\u00f3n<\/p>\n<p>M\u00d3DULO IV<br \/>\nReflexiones sobre el Bullying o Acoso Escolar. Jurisprudencia<br \/>\nIntroducci\u00f3n<br \/>\nLa previsibilidad de infortunios. Sucesos que no constituyen caso fortuito seg\u00fan la jurisprudencia.<br \/>\nCaso fortuito<br \/>\nDatos de relevancia sobre el bulliyng<br \/>\nConclusi\u00f3n<br \/>\nCONCLUSIONES FINALES<br \/>\nBibliograf\u00eda<br \/>\nJurisprudencia<br \/>\nLegislaci\u00f3n<\/p>\n<p>El Delito de Grooming<br \/>\nIntroducci\u00f3n<\/p>\n<p>M\u00d3DULO V<br \/>\nAspectos primordiales de la Ley de Grooming<br \/>\nEl nacimiento de la Ley 26.904 y su nuevo art. 131. C.P<br \/>\nElementos esenciales del delito de Grooming<br \/>\nFases para la consumaci\u00f3n de este delito<br \/>\nLas TIC y sus Redes Sociales, breve descripci\u00f3n<\/p>\n<p>M\u00d3DULO VI<br \/>\nPosturas Doctrinarias<br \/>\nDoctrina que critica la sanci\u00f3n de la Ley 26.904<br \/>\nDoctrina que defiende la sanci\u00f3n de la Ley 26.904<br \/>\nAntecedentes Doctrinarios<br \/>\nEl Grooming en los Anteproyectos de modificaci\u00f3n del C\u00f3digo Penal no aprobados<br \/>\nAnteproyecto del 2014<br \/>\nAnteproyecto del 2018<\/p>\n<p>M\u00d3DULO VII<br \/>\nAn\u00e1lisis Jurisprudencial<br \/>\nFallos Nacionales m\u00e1s destacados<br \/>\nFallos Internacionales m\u00e1s destacados<\/p>\n<p>M\u00d3DULO VIII<br \/>\nDerecho Comparado<br \/>\nDerecho Comparado con Europa<br \/>\nEspa\u00f1a<br \/>\nReino Unido<br \/>\nDerecho Comparado con pa\u00edses de Am\u00e9rica<br \/>\nChile<br \/>\nPer\u00fa<br \/>\nBrasil<br \/>\nCosta Rica<br \/>\nCONCLUSIONES FINALES<br \/>\nBIBLIOGRAF\u00cdA<\/p>\n<p><span style=\"color: #ff0000;\">*Al comprar la inscripci\u00f3n al Curso recibir\u00e1 en su email el link del curso o taller, nombre de usuario y contrase\u00f1a asignado para acceder a las aulas.<\/span><\/p>\n<p style=\"text-align: center;\"><a href=\"https:\/\/www.todoelderecho.com.ar\/campus\/shop\/cursos-y-talleres\/?add-to-cart=72031\">Comprar<\/a><\/p>\n","protected":false},"excerpt":{"rendered":"<p style=\"text-align: justify;\">El curso est\u00e1 dirigido a profesionales, abogados, estudiantes de Derecho, profesiones a fines y p\u00fablico en general con inter\u00e9s en la problem\u00e1tica del Bullying y el delito de Grooming.<\/p>\n","protected":false},"featured_media":72032,"template":"","meta":[],"product_brand":[],"product_cat":[9438,9479],"product_tag":[9505,9501,9506],"class_list":{"0":"post-72031","1":"product","2":"type-product","3":"status-publish","4":"has-post-thumbnail","6":"product_cat-cursos-y-talleres","7":"product_cat-cursos","8":"product_tag-bullying","9":"product_tag-derecho-penal","10":"product_tag-grooming","12":"first","13":"instock","14":"virtual","15":"purchasable","16":"product-type-simple"},"_links":{"self":[{"href":"https:\/\/www.todoelderecho.com.ar\/campus\/wp-json\/wp\/v2\/product\/72031","targetHints":{"allow":["GET"]}}],"collection":[{"href":"https:\/\/www.todoelderecho.com.ar\/campus\/wp-json\/wp\/v2\/product"}],"about":[{"href":"https:\/\/www.todoelderecho.com.ar\/campus\/wp-json\/wp\/v2\/types\/product"}],"wp:featuredmedia":[{"embeddable":true,"href":"https:\/\/www.todoelderecho.com.ar\/campus\/wp-json\/wp\/v2\/media\/72032"}],"wp:attachment":[{"href":"https:\/\/www.todoelderecho.com.ar\/campus\/wp-json\/wp\/v2\/media?parent=72031"}],"wp:term":[{"taxonomy":"product_brand","embeddable":true,"href":"https:\/\/www.todoelderecho.com.ar\/campus\/wp-json\/wp\/v2\/product_brand?post=72031"},{"taxonomy":"product_cat","embeddable":true,"href":"https:\/\/www.todoelderecho.com.ar\/campus\/wp-json\/wp\/v2\/product_cat?post=72031"},{"taxonomy":"product_tag","embeddable":true,"href":"https:\/\/www.todoelderecho.com.ar\/campus\/wp-json\/wp\/v2\/product_tag?post=72031"}],"curies":[{"name":"wp","href":"https:\/\/api.w.org\/{rel}","templated":true}]}}