{"id":72034,"date":"2025-10-23T08:35:42","date_gmt":"2025-10-23T11:35:42","guid":{"rendered":"https:\/\/www.todoelderecho.com.ar\/campus\/?post_type=product&#038;p=72034"},"modified":"2025-10-23T10:14:51","modified_gmt":"2025-10-23T13:14:51","slug":"curso-del-abogado-del-nino","status":"publish","type":"product","link":"https:\/\/www.todoelderecho.com.ar\/campus\/shop\/cursos-y-talleres\/cursos\/curso-del-abogado-del-nino\/","title":{"rendered":"Curso del Abogado del Ni\u00f1o"},"content":{"rendered":"<p style=\"text-align: justify;\" align=\"JUSTIFY\">El curso est\u00e1 dirigido a profesionales, abogados, estudiantes de Derecho, profesiones a fines y p\u00fablico en general con inter\u00e9s en la tem\u00e1tica del Abogado del Ni\u00f1o y la Protecci\u00f3n Integral de Derechos de Ni\u00f1as, Ni\u00f1os y Adolescentes. Se abordar\u00e1 el tema de estudio en forma te\u00f3rica y jurisprudencial. Trat\u00e1ndose de una formaci\u00f3n cursada online, el alumno podr\u00e1 adaptar los horarios de trabajo seg\u00fan le sea m\u00e1s eficaz. Podr\u00e1s acceder, descargar e imprimir tanto los contenidos del curso como el material de estudio complementario que ponemos a disposici\u00f3n de los alumnos las 24hs, desde cualquier computadora con conexi\u00f3n a internet.<\/p>\n<p style=\"text-align: justify;\">Modalidad:<br \/>\nOn-line mediante el uso de una plataforma tecnol\u00f3gica de \u00faltima generaci\u00f3n. El curso tiene 4 m\u00f3dulos en formato texto, es de autoaprendizaje y se realiza por internet. Los participantes podr\u00e1n conectarse cuando deseen sin restricciones de d\u00edas ni horarios. El alumno tendr\u00e1 acceso al material de estudio y a las actividades que podr\u00e1 utilizar desde su computadora, bajarlo o imprimirlo. La capacitaci\u00f3n se realiza de manera autoevaluativa y las actividades se autocorrigen. Con la finalizaci\u00f3n del \u00faltimo m\u00f3dulo el alumno podr\u00e1 solicitar su certificado de participaci\u00f3n y lo recibir\u00e1 en formato digital por correo electr\u00f3nico.<\/p>\n<p>Material de estudio:<br \/>\nPonemos a disposici\u00f3n de los alumnos fallos, legislaci\u00f3n y modelos de escritos para el ejercicio profesional.<\/p>\n<p style=\"text-align: justify;\" align=\"JUSTIFY\">Medios de pago:<br \/>\nArancel del curso completo: $12900 pesos finales<br \/>\nPagoFacil \u2013 Tarjeta de cr\u00e9dito y\/o d\u00e9bito \u2013 Transferencia electr\u00f3nica \u2013 Dep\u00f3sito bancario.<\/p>\n<p align=\"JUSTIFY\"><strong>PROGRAMA DEL CURSO<\/strong><\/p>\n<p>M\u00d3DULO I<br \/>\nAntecedentes Hist\u00f3rico<br \/>\nFundamento Constitucional, Convencional y legal del abogado del ni\u00f1o<br \/>\nDerecho del ni\u00f1o a participar con un representante legal y que su opini\u00f3n sea tenida en cuenta<br \/>\n\u00bfpor qu\u00e9 los ni\u00f1os, ni\u00f1as y adolescentes tendr\u00edan que expresar su opini\u00f3n por medio de un abogado?<br \/>\nRelaci\u00f3n con el Ministerio P\u00fablico Tutelar. El Asesor Letrado<br \/>\nOtros representantes de los intereses y derechos del ni\u00f1o<br \/>\nTutor Ad Hoc o Ad Litem<br \/>\nRepresentantes Legales<br \/>\nEl Juez<\/p>\n<p>M\u00d3DULO II<br \/>\nLA CAPACIDAD PROGRESIVA DE LOS NI\u00d1OS, NI\u00d1AS<br \/>\nDefinici\u00f3n de la Capacidad<br \/>\nEl contenido del principio de la capacidad progresiva en la Convenci\u00f3n de los Derechos del Ni\u00f1o<br \/>\nLey 26.061 de Protecci\u00f3n Integral de Derechos de Ni\u00f1as, Ni\u00f1os y Adolescentes<br \/>\n2.4. La determinaci\u00f3n de la capacidad progresiva<\/p>\n<p>M\u00d3DULO III<br \/>\nPOSICIONES DOCTRINARIAS Y JURISPRUDENCIALES SOBRE LA REPRESENTACI\u00d3N DEL INTER\u00c9S DE NI\u00d1OS, NI\u00d1AS Y ADOLESCENTES<br \/>\nEl derecho del ni\u00f1o a ser escuchado<br \/>\nRepresentaci\u00f3n del ni\u00f1o en el proceso<br \/>\nDoctrina y jurisprudencia sobre la protecci\u00f3n integral del ni\u00f1o<br \/>\nEl rol del abogado del ni\u00f1o: corrientes restrictivas vs. corrientes amplias<\/p>\n<p>M\u00d3DULO IV<br \/>\nLA FIGURA DEL ABOGADO DEL NI\u00d1O EN LAS PROVINCIAS<br \/>\nProvincia de Buenos Aires<br \/>\nProvincia de C\u00f3rdoba<br \/>\nProvincia de Santa Fe<br \/>\nProvincia de R\u00edo Negro<br \/>\nConclusiones Finales<\/p>\n<p><span style=\"color: #ff0000;\">*Al comprar la inscripci\u00f3n al Curso recibir\u00e1 en su email el link del curso o taller, nombre de usuario y contrase\u00f1a asignado para acceder a las aulas.<\/span><\/p>\n<p style=\"text-align: center;\"><a href=\"https:\/\/www.todoelderecho.com.ar\/campus\/shop\/cursos-y-talleres\/?add-to-cart=72034\">Comprar<\/a><\/p>\n","protected":false},"excerpt":{"rendered":"<p style=\"text-align: justify;\">El curso est\u00e1 dirigido a profesionales, abogados, estudiantes de Derecho, profesiones a fines y p\u00fablico en general con inter\u00e9s en la tem\u00e1tica del Abogado del Ni\u00f1o y la Protecci\u00f3n Integral de Derechos de Ni\u00f1as, Ni\u00f1os y Adolescentes.<\/p>\n","protected":false},"featured_media":72035,"template":"","meta":[],"product_brand":[],"product_cat":[9438,9479],"product_tag":[9509,9507,9508],"class_list":{"0":"post-72034","1":"product","2":"type-product","3":"status-publish","4":"has-post-thumbnail","6":"product_cat-cursos-y-talleres","7":"product_cat-cursos","8":"product_tag-abogado-del-nino","9":"product_tag-derechos-de-ninas","10":"product_tag-ninos-y-adolescentes","12":"first","13":"instock","14":"virtual","15":"purchasable","16":"product-type-simple"},"_links":{"self":[{"href":"https:\/\/www.todoelderecho.com.ar\/campus\/wp-json\/wp\/v2\/product\/72034","targetHints":{"allow":["GET"]}}],"collection":[{"href":"https:\/\/www.todoelderecho.com.ar\/campus\/wp-json\/wp\/v2\/product"}],"about":[{"href":"https:\/\/www.todoelderecho.com.ar\/campus\/wp-json\/wp\/v2\/types\/product"}],"wp:featuredmedia":[{"embeddable":true,"href":"https:\/\/www.todoelderecho.com.ar\/campus\/wp-json\/wp\/v2\/media\/72035"}],"wp:attachment":[{"href":"https:\/\/www.todoelderecho.com.ar\/campus\/wp-json\/wp\/v2\/media?parent=72034"}],"wp:term":[{"taxonomy":"product_brand","embeddable":true,"href":"https:\/\/www.todoelderecho.com.ar\/campus\/wp-json\/wp\/v2\/product_brand?post=72034"},{"taxonomy":"product_cat","embeddable":true,"href":"https:\/\/www.todoelderecho.com.ar\/campus\/wp-json\/wp\/v2\/product_cat?post=72034"},{"taxonomy":"product_tag","embeddable":true,"href":"https:\/\/www.todoelderecho.com.ar\/campus\/wp-json\/wp\/v2\/product_tag?post=72034"}],"curies":[{"name":"wp","href":"https:\/\/api.w.org\/{rel}","templated":true}]}}