{"id":72037,"date":"2025-12-26T14:07:29","date_gmt":"2025-12-26T17:07:29","guid":{"rendered":"https:\/\/www.todoelderecho.com.ar\/campus\/?post_type=product&#038;p=72037"},"modified":"2025-12-26T15:10:06","modified_gmt":"2025-12-26T18:10:06","slug":"curso-de-delitos-informaticos","status":"publish","type":"product","link":"https:\/\/www.todoelderecho.com.ar\/campus\/shop\/cursos-y-talleres\/cursos\/curso-de-delitos-informaticos\/","title":{"rendered":"Curso de Delitos Inform\u00e1ticos"},"content":{"rendered":"<p style=\"text-align: justify;\" align=\"JUSTIFY\">El curso est\u00e1 dirigido a profesionales, abogados, estudiantes de Derecho, profesiones a fines y p\u00fablico en general con inter\u00e9s en el Derecho inform\u00e1tico. Se abordar\u00e1n los temas de estudio en forma te\u00f3rica y jurisprudencial. Trat\u00e1ndose de una formaci\u00f3n cursada online, el alumno podr\u00e1 adaptar los horarios de trabajo seg\u00fan le sea m\u00e1s eficaz. Podr\u00e1s acceder, descargar e imprimir tanto los contenidos del curso como el material de estudio complementario que ponemos a disposici\u00f3n de los alumnos las 24hs, desde cualquier computadora con conexi\u00f3n a internet.<\/p>\n<p style=\"text-align: justify;\">Modalidad:<br \/>\nOn-line mediante el uso de una plataforma tecnol\u00f3gica de \u00faltima generaci\u00f3n. El curso tiene 4 m\u00f3dulos en formato texto, es de autoaprendizaje y se realiza por internet. Los participantes podr\u00e1n conectarse cuando deseen sin restricciones de d\u00edas ni horarios. El alumno tendr\u00e1 acceso al material de estudio y a las actividades que podr\u00e1 utilizar desde su computadora, bajarlo o imprimirlo. La capacitaci\u00f3n se realiza de manera autoevaluativa y las actividades se autocorrigen. Con la finalizaci\u00f3n del \u00faltimo m\u00f3dulo el alumno podr\u00e1 solicitar su certificado de participaci\u00f3n y lo recibir\u00e1 en formato digital por correo electr\u00f3nico.<\/p>\n<p>Material de estudio:<br \/>\nPonemos a disposici\u00f3n de los alumnos fallos, legislaci\u00f3n y modelos de escritos para el ejercicio profesional.<\/p>\n<p style=\"text-align: justify;\" align=\"JUSTIFY\">Medios de pago:<br \/>\nArancel del curso completo: $12900 pesos finales<br \/>\nPagoFacil \u2013 Tarjeta de cr\u00e9dito y\/o d\u00e9bito \u2013 Transferencia electr\u00f3nica \u2013 Dep\u00f3sito bancario.<\/p>\n<p align=\"JUSTIFY\"><strong>PROGRAMA DEL CURSO<\/strong><\/p>\n<p>Introducci\u00f3n<\/p>\n<p>M\u00f3dulo I<br \/>\nPrimeras aproximaciones sobre los delitos inform\u00e1ticos<br \/>\nIntroducci\u00f3n<br \/>\nConcepto del delito inform\u00e1tico<br \/>\nPrincipales caracter\u00edsticas del delito inform\u00e1tico<br \/>\nSujetos intervinientes en los delitos inform\u00e1ticos<br \/>\nSujeto activo: quien comete el delito<br \/>\nCaracter\u00edsticas especiales del delincuente<br \/>\nSujeto pasivo: v\u00edctima del delito<br \/>\nSistemas electr\u00f3nicos como medios de comisi\u00f3n de los delitos inform\u00e1ticos<br \/>\nCorreo electr\u00f3nico<br \/>\nMensajes de texto<br \/>\nRedes sociales<br \/>\nConclusiones parciales<\/p>\n<p>M\u00f3dulo II<br \/>\nAn\u00e1lisis doctrinario de los principales delitos inform\u00e1ticos<br \/>\nIntroducci\u00f3n<br \/>\nNaturaleza jur\u00eddica y bien jur\u00eddico protegido de los delitos inform\u00e1ticos<br \/>\nDefinici\u00f3n de los principales delitos inform\u00e1ticos<br \/>\nEstafa inform\u00e1tica<br \/>\nFraude<br \/>\nSabotaje inform\u00e1tico<br \/>\nCiberterrorismo<br \/>\nCalumnias e injurias<br \/>\nEspionaje inform\u00e1tico<br \/>\nOtros delitos inform\u00e1ticos conocidos<br \/>\nAmenazas y coacciones por internet<br \/>\nRobo de identidad<br \/>\nClasificaciones de los delitos inform\u00e1ticos<br \/>\nComo instrumento o medio<br \/>\nComo fin u objetivo<br \/>\nOtras clasificaciones<br \/>\nConclusiones parciales<\/p>\n<p>M\u00f3dulo III<br \/>\nAn\u00e1lisis legislativo del derecho internacional sobre delitos inform\u00e1ticos<br \/>\nIntroducci\u00f3n<br \/>\nRecepci\u00f3n legislativa de los delitos inform\u00e1ticos en tratados internacionales<br \/>\nLa Organizaci\u00f3n de las Naciones Unidas (ONU)<br \/>\nCongresos de las Naciones Unidas sobre Prevenci\u00f3n del Delito y Justicia Penal<br \/>\nEl delito inform\u00e1tico en la Uni\u00f3n Europea<br \/>\nConvenio de Budapest<br \/>\nRecepci\u00f3n legislativa de los delitos inform\u00e1ticos en leyes internas de otros<br \/>\npa\u00edses<br \/>\nEstados Unidos<br \/>\nFrancia<br \/>\nAlemania<br \/>\nReino Unido<br \/>\nEspa\u00f1a<br \/>\nVenezuela<br \/>\nConclusiones parciales<\/p>\n<p>M\u00f3dulo IV<br \/>\nAn\u00e1lisis legislativo y jurisprudencial del derecho interno argentino sobre delitos inform\u00e1ticos<br \/>\nIntroducci\u00f3n<br \/>\nAn\u00e1lisis legislativo del ordenamiento jur\u00eddico argentino<br \/>\nC\u00f3digo Penal argentino originario<br \/>\nLey de Propiedad Intelectual (Ley 11.723)<br \/>\nLey de Protecci\u00f3n de Datos Personales (Ley 25326)<br \/>\nLey 26.388 de modificaci\u00f3n de C\u00f3digo Penal<br \/>\nDistribuci\u00f3n y tenencia con fines de distribuci\u00f3n de pornograf\u00eda infantil<br \/>\nViolaci\u00f3n de correos electr\u00f3nicos<br \/>\nAcceso ileg\u00edtimo a sistemas inform\u00e1ticos<br \/>\nDa\u00f1o inform\u00e1tico y distribuci\u00f3n de c\u00f3digos maliciosos<br \/>\nInterrupci\u00f3n de comunicaciones o DoS<br \/>\nLey sobre grooming (Ley 26.904)<br \/>\nEl caso del Club Independiente<br \/>\nAn\u00e1lisis jurisprudencial sobre delitos inform\u00e1ticos<br \/>\nCausa \u201cCastelo, Pablo Alejandro s\/ recurso de casaci\u00f3n\u201d<br \/>\nCausa \u201cC.A.Q\u201d<br \/>\nConclusiones parciales<br \/>\nConclusi\u00f3n final<br \/>\nListado de bibliograf\u00eda<br \/>\nDoctrina<br \/>\nLegislaci\u00f3n<br \/>\nJurisprudencia<\/p>\n<p><span style=\"color: #ff0000;\">*Al comprar la inscripci\u00f3n al Curso recibir\u00e1 en su email el link del curso o taller, nombre de usuario y contrase\u00f1a asignado para acceder a las aulas.<\/span><\/p>\n<p style=\"text-align: center;\"><a href=\"https:\/\/www.todoelderecho.com.ar\/campus\/shop\/cursos-y-talleres\/?add-to-cart=72037\">Comprar<\/a><\/p>\n","protected":false},"excerpt":{"rendered":"<p style=\"text-align: justify;\">El curso est\u00e1 dirigido a profesionales, abogados, estudiantes de Derecho, profesiones a fines y p\u00fablico en general con inter\u00e9s en el Derecho inform\u00e1tico.<\/p>\n","protected":false},"featured_media":72038,"template":"","meta":[],"product_brand":[],"product_cat":[9438,9479],"product_tag":[9510],"class_list":{"0":"post-72037","1":"product","2":"type-product","3":"status-publish","4":"has-post-thumbnail","6":"product_cat-cursos-y-talleres","7":"product_cat-cursos","8":"product_tag-derecho-informatico","10":"first","11":"instock","12":"virtual","13":"purchasable","14":"product-type-simple"},"_links":{"self":[{"href":"https:\/\/www.todoelderecho.com.ar\/campus\/wp-json\/wp\/v2\/product\/72037","targetHints":{"allow":["GET"]}}],"collection":[{"href":"https:\/\/www.todoelderecho.com.ar\/campus\/wp-json\/wp\/v2\/product"}],"about":[{"href":"https:\/\/www.todoelderecho.com.ar\/campus\/wp-json\/wp\/v2\/types\/product"}],"wp:featuredmedia":[{"embeddable":true,"href":"https:\/\/www.todoelderecho.com.ar\/campus\/wp-json\/wp\/v2\/media\/72038"}],"wp:attachment":[{"href":"https:\/\/www.todoelderecho.com.ar\/campus\/wp-json\/wp\/v2\/media?parent=72037"}],"wp:term":[{"taxonomy":"product_brand","embeddable":true,"href":"https:\/\/www.todoelderecho.com.ar\/campus\/wp-json\/wp\/v2\/product_brand?post=72037"},{"taxonomy":"product_cat","embeddable":true,"href":"https:\/\/www.todoelderecho.com.ar\/campus\/wp-json\/wp\/v2\/product_cat?post=72037"},{"taxonomy":"product_tag","embeddable":true,"href":"https:\/\/www.todoelderecho.com.ar\/campus\/wp-json\/wp\/v2\/product_tag?post=72037"}],"curies":[{"name":"wp","href":"https:\/\/api.w.org\/{rel}","templated":true}]}}