{"id":72043,"date":"2025-09-18T10:15:09","date_gmt":"2025-09-18T13:15:09","guid":{"rendered":"https:\/\/www.todoelderecho.com.ar\/campus\/?post_type=product&#038;p=72043"},"modified":"2025-09-18T11:29:14","modified_gmt":"2025-09-18T14:29:14","slug":"curso-de-uniones-convivenciales","status":"publish","type":"product","link":"https:\/\/www.todoelderecho.com.ar\/campus\/shop\/cursos-y-talleres\/cursos\/curso-de-uniones-convivenciales\/","title":{"rendered":"Curso de Uniones Convivenciales"},"content":{"rendered":"<p style=\"text-align: justify;\" align=\"JUSTIFY\">El curso est\u00e1 dirigido a profesionales, abogados, estudiantes de Derecho, profesiones a fines y p\u00fablico en general con inter\u00e9s en el Derecho Familia. Se abordar\u00e1n los temas de estudio en forma te\u00f3rica, pr\u00e1ctica y jurisprudencial. Trat\u00e1ndose de una formaci\u00f3n cursada online, el alumno podr\u00e1 adaptar los horarios de trabajo seg\u00fan le sea m\u00e1s eficaz. Podr\u00e1s acceder, descargar e imprimir tanto los contenidos del curso como el material de estudio complementario que ponemos a disposici\u00f3n de los alumnos las 24hs, desde cualquier computadora con conexi\u00f3n a internet.<\/p>\n<p style=\"text-align: justify;\">Modalidad:<br \/>\nOn-line mediante el uso de una plataforma tecnol\u00f3gica de \u00faltima generaci\u00f3n. El curso tiene 5 m\u00f3dulos en formato texto y una Parte Pr\u00e1ctica con Modelos de Escritos, es de autoaprendizaje y se realiza por internet. Los participantes podr\u00e1n conectarse cuando deseen sin restricciones de d\u00edas ni horarios. El alumno tendr\u00e1 acceso al material de estudio y a las actividades que podr\u00e1 utilizar desde su computadora, bajarlo o imprimirlo. La capacitaci\u00f3n se realiza de manera autoevaluativa y las actividades se autocorrigen. Con la finalizaci\u00f3n del \u00faltimo m\u00f3dulo el alumno podr\u00e1 solicitar su certificado de participaci\u00f3n y lo recibir\u00e1 en formato digital por correo electr\u00f3nico.<\/p>\n<p>Material de estudio:<br \/>\nPonemos a disposici\u00f3n de los alumnos fallos, legislaci\u00f3n y modelos de escritos para el ejercicio profesional.<\/p>\n<p style=\"text-align: justify;\" align=\"JUSTIFY\">Medios de pago:<br \/>\nArancel del curso completo: $12900 pesos finales<br \/>\nPagoFacil \u2013 Tarjeta de cr\u00e9dito y\/o d\u00e9bito \u2013 Transferencia electr\u00f3nica \u2013 Dep\u00f3sito bancario.<\/p>\n<p align=\"JUSTIFY\"><strong>PROGRAMA DEL CURSO<\/strong><\/p>\n<p>Introducci\u00f3n<\/p>\n<p>M\u00d3DULO I<br \/>\nConcepto, caracteres, requisitos y exclusi\u00f3n de las uniones convivenciales<br \/>\nIntroducci\u00f3n<br \/>\nConcepto<br \/>\nCaracteres<br \/>\nRequisitos<br \/>\nUniones Excluidas<br \/>\nPrincipios fundamentales<br \/>\nConclusiones parciales<\/p>\n<p>M\u00d3DULO II<br \/>\nRegulaci\u00f3n de las uniones convivenciales. Registraci\u00f3n y prueba. Efectos durante la convivencia y ante su cese<br \/>\nIntroducci\u00f3n<br \/>\nRegulaci\u00f3n de las Uniones Convivenciales<br \/>\nRegistraci\u00f3n y prueba de su existencia. Extinci\u00f3n<br \/>\nPactos de convivencia y su caracterizaci\u00f3n<br \/>\nEfectos de las uniones convivenciales durante la convivencia &#8211; Relaciones patrimoniales<br \/>\nAsistencia<br \/>\nContribuci\u00f3n a los gastos del hogar<br \/>\nResponsabilidad por las deudas frente a terceros<br \/>\nResponsabilidad solidaria<br \/>\nCese de la uni\u00f3n convivencial. Causales y efectos<br \/>\nModelo de Uni\u00f3n Convivencial<br \/>\nModelo de pacto de conviviencia<br \/>\nPromueve Demanda por Compensaci\u00f3n Econ\u00f3mica (Uni\u00f3n Convivencial)<br \/>\nConclusiones parciales<\/p>\n<p>M\u00d3DULO III<br \/>\nDiversas posturas doctrinarias sobre la incorporaci\u00f3n de las uniones convivenciales en el CcyC<br \/>\nIntroducci\u00f3n<br \/>\nAnteproyecto de CcyC<br \/>\nConveniencia o no de su regulaci\u00f3n. Diversas posturas doctrinarias<br \/>\nArgumentos a favor de la regulaci\u00f3n<br \/>\nArgumentos en contra de la regulaci\u00f3n<br \/>\nConclusiones parciales<\/p>\n<p>M\u00d3DULO IV<br \/>\nAutonom\u00eda de la voluntad. Concepto. Principios que la condicionan<br \/>\nIntroducci\u00f3n<br \/>\nConcepto<br \/>\nAutonom\u00eda de la voluntad en las uniones convivenciales<br \/>\nPrincipios que condicionan la autonom\u00eda de los convivientes<br \/>\nConclusiones parciales<\/p>\n<p>M\u00d3DULO V<br \/>\nReconocimiento de las uniones convivenciales y de la autonom\u00eda de la voluntad en la jurisprudencia<br \/>\nIntroducci\u00f3n<br \/>\nEvoluci\u00f3n de la jurisprudencia respecto de las Uniones Convivenciales<br \/>\nDa\u00f1os patrimoniales y no patrimoniales<br \/>\nAdopci\u00f3n<br \/>\nAtribuci\u00f3n de la vivienda familiar<br \/>\nR\u00e9gimen patrimonial<br \/>\nLa Autonom\u00eda y la Jurisprudencia<br \/>\nConclusiones parciales<br \/>\nConclusi\u00f3n Final<br \/>\nBibliograf\u00eda<\/p>\n<p>PARTE PR\u00c1CTICA<br \/>\nPR\u00c1CTICA DEL R\u00c9GIMEN DE LAS UNIONES CONVIVENCIALES DEL C\u00d3DIGO CIVIL Y COMERCIAL DE LA NACI\u00d3N.<\/p>\n<p>ESCRITURA \u2013 ACTA DE NOTIFICACI\u00d3N DE LA VOLUNTAD UNILATERAL DE CESE DE LA UNI\u00d3N CONVIVENCIAL.<\/p>\n<p>MODELO DE PACTO CONVIVENCIAL POR ESCRITURA P\u00daBLICA.<\/p>\n<p>MODELO DE MODIFICACI\u00d3N DE PACTO CONVIVENCIAL POR ESCRITURA P\u00daBLICA.<\/p>\n<p>MODELO DE ESCRITURA P\u00daBLICA DE PACTO CONVIVENCIAL POR CESE DE LA CONVIVENCIA.<\/p>\n<p>MODELO DE ESCRITURA P\u00daBLICA DE DELEGACI\u00d3N EXTRAJUDICIAL DEL EJERCICIO DE LA RESPONSABILIDAD PARENTAL A FAVOR DEL PROGENITOR AFIN.<\/p>\n<p>La convivencia y su impacto en diferentes ramas de derecho: familia, contratos, derechos reales, sucesiones, normas de derecho internacional privado.<\/p>\n<p>SELECCI\u00d3N DE TODOS LOS ART\u00cdCULOS DE C\u00d3DIGO CIVIL Y COMERCIAL DE LA NACI\u00d3N (LEY 26.994 \u2013 27.017) QUE SE REFIEREN AL R\u00c9GIMEN DE LA CONVIVENCIA.<\/p>\n<p><span style=\"color: #ff0000;\">*Al comprar la inscripci\u00f3n al Curso recibir\u00e1 en su email el link del curso o taller, nombre de usuario y contrase\u00f1a asignado para acceder a las aulas.<\/span><\/p>\n<p style=\"text-align: center;\"><a href=\"https:\/\/www.todoelderecho.com.ar\/campus\/shop\/cursos-y-talleres\/?add-to-cart=72043\">Comprar<\/a><\/p>\n","protected":false},"excerpt":{"rendered":"<p style=\"text-align: justify;\">El curso est\u00e1 dirigido a profesionales, abogados, estudiantes de Derecho, profesiones a fines y p\u00fablico en general con inter\u00e9s en el Derecho Familia.<\/p>\n","protected":false},"featured_media":72044,"template":"","meta":[],"product_brand":[],"product_cat":[9438,9479],"product_tag":[9486,9511],"class_list":{"0":"post-72043","1":"product","2":"type-product","3":"status-publish","4":"has-post-thumbnail","6":"product_cat-cursos-y-talleres","7":"product_cat-cursos","8":"product_tag-derecho-de-familia","9":"product_tag-uniones-convivenciales","11":"first","12":"instock","13":"virtual","14":"purchasable","15":"product-type-simple"},"_links":{"self":[{"href":"https:\/\/www.todoelderecho.com.ar\/campus\/wp-json\/wp\/v2\/product\/72043","targetHints":{"allow":["GET"]}}],"collection":[{"href":"https:\/\/www.todoelderecho.com.ar\/campus\/wp-json\/wp\/v2\/product"}],"about":[{"href":"https:\/\/www.todoelderecho.com.ar\/campus\/wp-json\/wp\/v2\/types\/product"}],"wp:featuredmedia":[{"embeddable":true,"href":"https:\/\/www.todoelderecho.com.ar\/campus\/wp-json\/wp\/v2\/media\/72044"}],"wp:attachment":[{"href":"https:\/\/www.todoelderecho.com.ar\/campus\/wp-json\/wp\/v2\/media?parent=72043"}],"wp:term":[{"taxonomy":"product_brand","embeddable":true,"href":"https:\/\/www.todoelderecho.com.ar\/campus\/wp-json\/wp\/v2\/product_brand?post=72043"},{"taxonomy":"product_cat","embeddable":true,"href":"https:\/\/www.todoelderecho.com.ar\/campus\/wp-json\/wp\/v2\/product_cat?post=72043"},{"taxonomy":"product_tag","embeddable":true,"href":"https:\/\/www.todoelderecho.com.ar\/campus\/wp-json\/wp\/v2\/product_tag?post=72043"}],"curies":[{"name":"wp","href":"https:\/\/api.w.org\/{rel}","templated":true}]}}