{"id":73220,"date":"2025-08-13T08:30:01","date_gmt":"2025-08-13T11:30:01","guid":{"rendered":"https:\/\/www.todoelderecho.com.ar\/campus\/?post_type=product&#038;p=73220"},"modified":"2025-08-13T09:53:49","modified_gmt":"2025-08-13T12:53:49","slug":"suscripcion-a-la-biblioteca-juridica-por-12-meses","status":"publish","type":"product","link":"https:\/\/www.todoelderecho.com.ar\/campus\/shop\/promociones\/suscripcion-a-la-biblioteca-juridica-por-12-meses\/","title":{"rendered":"50% OFF &#8211; $29.700 &#8211; Acceso por 12 meses a la Biblioteca Jur\u00eddica"},"content":{"rendered":"<h1 style=\"color: #333333; padding-left: 30px; text-align: justify;\"><strong><span style=\"color: #333399;\">+ 15% OFF adicional abonando con QR y\/o Transferencia: <\/span><\/strong><strong><span style=\"color: #333399;\">$25.245<\/span><\/strong><\/h1>\n<h1 style=\"color: #333333; padding-left: 30px; text-align: justify;\"><strong><span style=\"color: #333399;\"><a href=\"https:\/\/www.todoelderecho.com.ar\/campus\/finalizar-compra\/?add-to-cart=73220\"><img decoding=\"async\" class=\"alignnone wp-image-84785 size-full\" src=\"https:\/\/www.escritosjuridicos.com\/wp-content\/uploads\/2023\/02\/comprar.png\" alt=\"\" width=\"101\" height=\"47\" \/><\/a><\/span><\/strong><\/h1>\n<h3 style=\"color: #333333; padding-left: 30px; text-align: justify;\"><img decoding=\"async\" class=\" wp-image-78394\" src=\"https:\/\/www.escritosjuridicos.com\/wp-content\/uploads\/2021\/07\/vineta_verde.png\" alt=\"\" width=\"20\" height=\"20\" \/> Consulte online\u00a0 m\u00e1s de 65.000 documentos jur\u00eddicos, Legislaci\u00f3n, Jurisprudencia y Modelos de Escritos.<\/h3>\n<h3 style=\"color: #333333; padding-left: 30px; text-align: justify;\"><img decoding=\"async\" class=\" wp-image-78394\" src=\"https:\/\/www.escritosjuridicos.com\/wp-content\/uploads\/2021\/07\/vineta_verde.png\" alt=\"\" width=\"20\" height=\"20\" \/> Jurisprudencia: 40.000 fallos a texto completo\u00a0 del orden Nacional y Provincial emanADos de los distintos tribunales del pa\u00eds.<\/h3>\n<h3 style=\"color: #333333; padding-left: 30px; text-align: justify;\"><img decoding=\"async\" class=\" wp-image-78394\" src=\"https:\/\/www.escritosjuridicos.com\/wp-content\/uploads\/2021\/07\/vineta_verde.png\" alt=\"\" width=\"20\" height=\"20\" \/> Legislaci\u00f3n: m\u00e1s de 20.000 normas Nacionales y Provinciales, Leyes, Decretos, Resoluciones.<\/h3>\n<h3 style=\"color: #333333; padding-left: 30px; text-align: justify;\"><img decoding=\"async\" class=\" wp-image-78394\" src=\"https:\/\/www.escritosjuridicos.com\/wp-content\/uploads\/2021\/07\/vineta_verde.png\" alt=\"\" width=\"20\" height=\"20\" \/> Modelos de Escritos: 5.400 modelos referidos a una gran cantidad de temas. Contratos, Cartas Documento, Demandas, Contestaciones, Oficios, Recursos, etc.<\/h3>\n<h3 style=\"color: #333333; padding-left: 30px; text-align: justify;\"><img decoding=\"async\" class=\" wp-image-78394\" src=\"https:\/\/www.escritosjuridicos.com\/wp-content\/uploads\/2021\/07\/vineta_verde.png\" alt=\"\" width=\"20\" height=\"20\" \/> Tendr\u00e1 acceso ilimitado a todos los documentos y a sus actualizaciones por 12 meses corridos.<\/h3>\n<h3 style=\"color: #333333; padding-left: 30px; text-align: justify;\"><img decoding=\"async\" class=\" wp-image-78394\" src=\"https:\/\/www.escritosjuridicos.com\/wp-content\/uploads\/2021\/07\/vineta_verde.png\" alt=\"\" width=\"20\" height=\"20\" \/> Con su nombre de usuario y contrase\u00f1a podr\u00e1 acceder a todos los contenidos disponibles.<\/h3>\n<h3 style=\"padding-left: 30px; text-align: justify;\"><span style=\"color: #ff0000;\"><strong>*<\/strong><\/span>Luego de realizado el pago, recibir\u00e1 un correo electr\u00f3nico con su nombre de usuario, contrase\u00f1a para acceder a la Biblioteca Jur\u00eddica.<\/h3>\n","protected":false},"excerpt":{"rendered":"<p>+ 15% OFF adicional abonando con QR y\/o Transferencia: $25.245 Consulte online\u00a0 m\u00e1s de 65.000 documentos jur\u00eddicos, Legislaci\u00f3n, Jurisprudencia y Modelos de Escritos. Jurisprudencia: 40.000 fallos a texto completo\u00a0 del orden Nacional y Provincial emanADos de los distintos tribunales del pa\u00eds. Legislaci\u00f3n: m\u00e1s de 20.000 normas Nacionales y Provinciales, Leyes, &hellip;<\/p>\n","protected":false},"featured_media":73632,"template":"","meta":[],"product_brand":[],"product_cat":[9524,9478,9525],"product_tag":[],"class_list":{"0":"post-73220","1":"product","2":"type-product","3":"status-publish","4":"has-post-thumbnail","6":"product_cat-biblioteca","7":"product_cat-promociones","8":"product_cat-scuo","10":"first","11":"instock","12":"sale","13":"featured","14":"virtual","15":"purchasable","16":"product-type-simple"},"_links":{"self":[{"href":"https:\/\/www.todoelderecho.com.ar\/campus\/wp-json\/wp\/v2\/product\/73220","targetHints":{"allow":["GET"]}}],"collection":[{"href":"https:\/\/www.todoelderecho.com.ar\/campus\/wp-json\/wp\/v2\/product"}],"about":[{"href":"https:\/\/www.todoelderecho.com.ar\/campus\/wp-json\/wp\/v2\/types\/product"}],"wp:featuredmedia":[{"embeddable":true,"href":"https:\/\/www.todoelderecho.com.ar\/campus\/wp-json\/wp\/v2\/media\/73632"}],"wp:attachment":[{"href":"https:\/\/www.todoelderecho.com.ar\/campus\/wp-json\/wp\/v2\/media?parent=73220"}],"wp:term":[{"taxonomy":"product_brand","embeddable":true,"href":"https:\/\/www.todoelderecho.com.ar\/campus\/wp-json\/wp\/v2\/product_brand?post=73220"},{"taxonomy":"product_cat","embeddable":true,"href":"https:\/\/www.todoelderecho.com.ar\/campus\/wp-json\/wp\/v2\/product_cat?post=73220"},{"taxonomy":"product_tag","embeddable":true,"href":"https:\/\/www.todoelderecho.com.ar\/campus\/wp-json\/wp\/v2\/product_tag?post=73220"}],"curies":[{"name":"wp","href":"https:\/\/api.w.org\/{rel}","templated":true}]}}