{"id":73635,"date":"2025-09-18T17:10:57","date_gmt":"2025-09-18T20:10:57","guid":{"rendered":"https:\/\/www.todoelderecho.com.ar\/campus\/?post_type=product&#038;p=146592"},"modified":"2025-09-18T18:25:42","modified_gmt":"2025-09-18T21:25:42","slug":"suscripcion-a-biblioteca-juridica-por-12-meses-premium","status":"publish","type":"product","link":"https:\/\/www.todoelderecho.com.ar\/campus\/shop\/promociones\/suscripcion-a-biblioteca-juridica-por-12-meses-premium\/","title":{"rendered":"50% OFF &#8211; $59.400 &#8211; PREMIUM ANUAL &#8211; Suscripci\u00f3n a Biblioteca Jur\u00eddica por 12 meses"},"content":{"rendered":"<h1 style=\"text-align: center;\"><\/h1>\n<h1 style=\"color: #333333; padding-left: 30px;\"><strong><span style=\"color: #333399;\">.15% DE DESCUENTO CON TRANSFERENCIA BANCARIA<br \/>\n<\/span><\/strong><strong><span style=\"color: #333399;\">.HASTA 3 CUOTAS SIN INTER\u00c9S<\/span><\/strong><strong><span style=\"color: #333399;\"><br \/>\n<a href=\"https:\/\/www.todoelderecho.com.ar\/campus\/finalizar-compra\/?add-to-cart=73635\"><img decoding=\"async\" class=\"alignnone wp-image-84785 size-full\" src=\"https:\/\/www.escritosjuridicos.com\/wp-content\/uploads\/2023\/02\/comprar.png\" alt=\"\" width=\"101\" height=\"47\" \/><\/a><\/span><\/strong><\/h1>\n<h3 style=\"color: #333333; padding-left: 30px; text-align: justify;\"><img decoding=\"async\" class=\" wp-image-78394\" src=\"https:\/\/www.escritosjuridicos.com\/wp-content\/uploads\/2021\/07\/vineta_verde.png\" alt=\"\" width=\"20\" height=\"20\" \/> Acceso ilimitado a m\u00e1s de 1.000.000 de documentos jur\u00eddicos actualizados diariamente. Incluye Legislaci\u00f3n, Jurisprudencia y Modelos de Escritos.<\/h3>\n<h3 style=\"color: #333333; padding-left: 30px; text-align: justify;\"><img decoding=\"async\" class=\" wp-image-78394\" src=\"https:\/\/www.escritosjuridicos.com\/wp-content\/uploads\/2021\/07\/vineta_verde.png\" alt=\"\" width=\"20\" height=\"20\" \/> Incluye fallos de tribunales nacionales, federales, provinciales y de la CABA. Sumarios y textos completos. Legislaci\u00f3n nacional y provincial. Acceso completo a m\u00e1s de 5400 modelos de escritos, oficios, contratos, demandas, contestaciones, recursos, cartas documento, notificaciones prejudiciales y judiciales.<\/h3>\n<h3 style=\"color: #333333; padding-left: 30px; text-align: justify;\"><img decoding=\"async\" class=\" wp-image-78394\" src=\"https:\/\/www.escritosjuridicos.com\/wp-content\/uploads\/2021\/07\/vineta_verde.png\" alt=\"\" width=\"20\" height=\"20\" \/> Buscadores integrados con facilidad y simplicidad en sus b\u00fasquedas: B\u00fasqueda simple, avanzada, por voces y por tribunal.<\/h3>\n<h3 style=\"color: #333333; padding-left: 30px; text-align: justify;\"><img decoding=\"async\" class=\" wp-image-78394\" src=\"https:\/\/www.escritosjuridicos.com\/wp-content\/uploads\/2021\/07\/vineta_verde.png\" alt=\"\" width=\"20\" height=\"20\" \/> Acceso a todos los documentos y a sus actualizaciones por 12 meses corridos. Sin pagos mensuales ni renovaci\u00f3n autom\u00e1tica.<\/h3>\n<h3 style=\"color: #333333; padding-left: 30px; text-align: justify;\"><img decoding=\"async\" class=\" wp-image-78394\" src=\"https:\/\/www.escritosjuridicos.com\/wp-content\/uploads\/2021\/07\/vineta_verde.png\" alt=\"\" width=\"20\" height=\"20\" \/> Con su nombre de usuario y contrase\u00f1a podr\u00e1 acceder a los nuevos documentos que se cargan diariamente en el sitio web.<\/h3>\n<h3 style=\"color: #333333; padding-left: 30px; text-align: justify;\"><img decoding=\"async\" class=\" wp-image-78394\" src=\"https:\/\/www.escritosjuridicos.com\/wp-content\/uploads\/2021\/07\/vineta_verde.png\" alt=\"\" width=\"20\" height=\"20\" \/>\u00a0 Tendr\u00e1 toda la informaci\u00f3n jur\u00eddica actualizada que necesita diariamente para el ejercicio profesional.<\/h3>\n","protected":false},"excerpt":{"rendered":"<p>.15% DE DESCUENTO CON TRANSFERENCIA BANCARIA .HASTA 3 CUOTAS SIN INTER\u00c9S Acceso ilimitado a m\u00e1s de 1.000.000 de documentos jur\u00eddicos actualizados diariamente. Incluye Legislaci\u00f3n, Jurisprudencia y Modelos de Escritos. Incluye fallos de tribunales nacionales, federales, provinciales y de la CABA. Sumarios y textos completos. Legislaci\u00f3n nacional y provincial. Acceso completo &hellip;<\/p>\n","protected":false},"featured_media":73632,"template":"","meta":[],"product_brand":[],"product_cat":[9524,9526,9478],"product_tag":[],"class_list":{"0":"post-73635","1":"product","2":"type-product","3":"status-publish","4":"has-post-thumbnail","6":"product_cat-biblioteca","7":"product_cat-premium","8":"product_cat-promociones","10":"first","11":"instock","12":"sale","13":"featured","14":"virtual","15":"purchasable","16":"product-type-simple"},"_links":{"self":[{"href":"https:\/\/www.todoelderecho.com.ar\/campus\/wp-json\/wp\/v2\/product\/73635","targetHints":{"allow":["GET"]}}],"collection":[{"href":"https:\/\/www.todoelderecho.com.ar\/campus\/wp-json\/wp\/v2\/product"}],"about":[{"href":"https:\/\/www.todoelderecho.com.ar\/campus\/wp-json\/wp\/v2\/types\/product"}],"wp:featuredmedia":[{"embeddable":true,"href":"https:\/\/www.todoelderecho.com.ar\/campus\/wp-json\/wp\/v2\/media\/73632"}],"wp:attachment":[{"href":"https:\/\/www.todoelderecho.com.ar\/campus\/wp-json\/wp\/v2\/media?parent=73635"}],"wp:term":[{"taxonomy":"product_brand","embeddable":true,"href":"https:\/\/www.todoelderecho.com.ar\/campus\/wp-json\/wp\/v2\/product_brand?post=73635"},{"taxonomy":"product_cat","embeddable":true,"href":"https:\/\/www.todoelderecho.com.ar\/campus\/wp-json\/wp\/v2\/product_cat?post=73635"},{"taxonomy":"product_tag","embeddable":true,"href":"https:\/\/www.todoelderecho.com.ar\/campus\/wp-json\/wp\/v2\/product_tag?post=73635"}],"curies":[{"name":"wp","href":"https:\/\/api.w.org\/{rel}","templated":true}]}}