{"id":73774,"date":"2025-09-19T09:50:52","date_gmt":"2025-09-19T12:50:52","guid":{"rendered":"https:\/\/www.todoelderecho.com.ar\/campus\/?post_type=product&#038;p=73774"},"modified":"2025-09-19T11:34:50","modified_gmt":"2025-09-19T14:34:50","slug":"curso-sobre-la-reforma-laboral-ley-bases-ley-27-742","status":"publish","type":"product","link":"https:\/\/www.todoelderecho.com.ar\/campus\/shop\/cursos-y-talleres\/cursos\/curso-sobre-la-reforma-laboral-ley-bases-ley-27-742\/","title":{"rendered":"Curso sobre la Reforma Laboral &#8211; Ley Bases (Ley 27.742)"},"content":{"rendered":"<p style=\"text-align: justify;\" align=\"JUSTIFY\">El curso est\u00e1 dirigido a profesionales, abogados, estudiantes de Derecho, profesiones a fines y p\u00fablico en general con inter\u00e9s en la Pr\u00e1ctica del Derecho Laboral.<\/p>\n<p align=\"JUSTIFY\">Con un enfoque te\u00f3rico &#8211; pr\u00e1ctico, se analizar\u00e1 la reforma introducida por la Ley 27.742. En ese sentido, se estudiar\u00e1n las modificaciones efectuadas y las implicancias de su aplicaci\u00f3n inmediata.<\/p>\n<p style=\"text-align: justify;\" align=\"JUSTIFY\">Trat\u00e1ndose de una formaci\u00f3n cursada online, el alumno podr\u00e1 adaptar los horarios de trabajo seg\u00fan le sea m\u00e1s eficaz. Podr\u00e1s acceder, descargar e imprimir tanto los contenidos del curso como el material de estudio complementario que ponemos a disposici\u00f3n de los alumnos las 24hs, desde cualquier computadora con conexi\u00f3n a internet.<\/p>\n<p style=\"text-align: justify;\">Modalidad:<br \/>\nOn-line mediante el uso de una plataforma tecnol\u00f3gica de \u00faltima generaci\u00f3n. El curso tiene 4 m\u00f3dulos en formato texto, es de autoaprendizaje y se realiza por internet. Los participantes podr\u00e1n conectarse cuando deseen sin restricciones de d\u00edas ni horarios. El alumno tendr\u00e1 acceso al material de estudio y a las actividades que podr\u00e1 utilizar desde su computadora, bajarlo o imprimirlo. La capacitaci\u00f3n se realiza de manera autoevaluativa y las actividades se autocorrigen. Con la finalizaci\u00f3n del \u00faltimo m\u00f3dulo el alumno podr\u00e1 solicitar su certificado de participaci\u00f3n y lo recibir\u00e1 en formato digital por correo electr\u00f3nico.<\/p>\n<p>Material de estudio:<br \/>\nPonemos a disposici\u00f3n de los alumnos fallos, legislaci\u00f3n y modelos de escritos para el ejercicio profesional.<\/p>\n<p style=\"text-align: justify;\" align=\"JUSTIFY\">Medios de pago:<br \/>\nArancel del curso completo: $12900 pesos finales<br \/>\nPagoFacil \u2013 Tarjeta de cr\u00e9dito y\/o d\u00e9bito \u2013 Transferencia electr\u00f3nica \u2013 Dep\u00f3sito bancario.<\/p>\n<p align=\"JUSTIFY\"><strong>PROGRAMA DEL CURSO<\/strong><\/p>\n<h3 class=\"western\" align=\"justify\"><span style=\"font-size: x-large;\">CURSO SOBRE LA REFORMA LABORAL INTRODUCIDA POR LA LEY 27.742.<\/span><\/h3>\n<h3 class=\"western\" align=\"justify\"><span style=\"font-size: x-large;\">LEY DE BASES Y PUNTOS DE PARTIDA PARA LA LIBERTAD DE LOS ARGENTINOS <\/span><\/h3>\n<h3 class=\"western\" align=\"justify\"><span style=\"font-size: x-large;\">Introducci\u00f3n a la Reforma Laboral introducida por la Ley 27.742.<\/span><\/h3>\n<h3 class=\"western\" align=\"justify\"><span style=\"font-size: x-large;\">Art\u00edculos m\u00e1s relevantes.<\/span><\/h3>\n<p class=\"western\" align=\"justify\"><span style=\"font-size: x-large;\"><b>Otras modificaciones.<\/b><\/span><\/p>\n<p class=\"western\" align=\"justify\"><span style=\"font-size: x-large;\"><b>An\u00e1lisis detallado de los art\u00edculos m\u00e1s relevantes.<\/b><\/span><\/p>\n<p class=\"western\" align=\"justify\"><span style=\"font-size: x-large;\"><b>Cuadro comparativo que detalla los cambios introducidos por la Ley 27.742 en relaci\u00f3n con la Ley de Contrato de Trabajo (LCT).<\/b><\/span><\/p>\n<p class=\"western\" align=\"justify\"><span style=\"font-size: x-large;\"><b>Resumen de los cambios principales.<\/b><\/span><\/p>\n<p class=\"western\" align=\"justify\"><span style=\"font-size: x-large;\"><b>Reglamentaci\u00f3n de la Reforma Laboral: Claves de la Ley 27.742.<\/b><\/span><\/p>\n<p class=\"western\" align=\"justify\"><span style=\"font-size: x-large;\"><b>Decreto 847\/2024.<\/b><\/span><\/p>\n<p class=\"western\" align=\"justify\"><span style=\"font-size: x-large;\"><b>Principales Aspectos.<\/b><\/span><\/p>\n<ul>\n<li>\n<p class=\"western\" align=\"justify\"><span style=\"font-size: x-large;\">Promoci\u00f3n del Empleo Registrado <\/span><\/p>\n<\/li>\n<li>\n<p class=\"western\" align=\"justify\"><span style=\"font-size: x-large;\">Modernizaci\u00f3n Laboral<\/span><\/p>\n<\/li>\n<li>\n<p class=\"western\" align=\"justify\"><span style=\"font-size: x-large;\">Otros puntos importantes<\/span><\/p>\n<\/li>\n<\/ul>\n<p class=\"western\" align=\"justify\"><span style=\"font-size: x-large;\"><b>Implementaci\u00f3n de la Ley N.\u00ba 27.742.<\/b><\/span><\/p>\n<p class=\"western\" align=\"justify\"><span style=\"font-size: x-large;\"><b>Anexos del Decreto 847\/2024\u200b.<\/b><\/span><\/p>\n<p class=\"western\" align=\"justify\"><span style=\"font-size: x-large;\"><b>Anexos I y II.<\/b><\/span><\/p>\n<p class=\"western\" align=\"justify\"><span style=\"font-size: x-large;\"><b>An\u00e1lisis.<\/b><\/span><\/p>\n<p class=\"western\" align=\"justify\"><span style=\"font-size: x-large;\"><b>Puntos principales.<\/b><\/span><\/p>\n<p class=\"western\" align=\"justify\"><span style=\"font-size: x-large;\"><b>Conclusi\u00f3n.<\/b><\/span><\/p>\n<p class=\"western\" align=\"justify\"><span style=\"font-size: x-large;\"><b>Derogadas las multas por la \u00abLey Bases\u00bb (27.742): \u00bfSe Puede reclamar igualmente los resarcimientos adicionales por omisi\u00f3n, irregularidad registral o falta de pago?<\/b><\/span><\/p>\n<p class=\"western\" align=\"justify\"><span style=\"font-size: x-large;\"><b>La Ley de Bases y las multas laborales: Aplicaci\u00f3n a los litigios actualmente en tr\u00e1mite.<\/b><\/span><\/p>\n<p class=\"western\" align=\"justify\"><span style=\"font-size: x-large;\"><b>Jurisprudencia<\/b><\/span><\/p>\n<p class=\"western\" align=\"justify\"><span style=\"font-size: x-large;\"><b>Modelos de Escritos Laborales: <\/b><\/span><\/p>\n<p class=\"western\" align=\"justify\"><span style=\"font-size: x-large;\"><b>Telegramas del Trabajador<\/b><\/span><\/p>\n<p>*EL MATERIAL DE ESTUDIO BRINDADO COMPRENDE MODELOS DE PR\u00c1CTICA PROFESIONAL.<\/p>\n<p><span style=\"color: #ff0000;\">*Al comprar la inscripci\u00f3n al Curso recibir\u00e1 en su email el link del curso o taller, nombre de usuario y contrase\u00f1a asignado para acceder a las aulas.<\/span><\/p>\n<p style=\"text-align: center;\"><a href=\"https:\/\/www.todoelderecho.com.ar\/campus\/shop\/cursos-y-talleres\/?add-to-cart=73774\">Comprar<\/a><\/p>\n","protected":false},"excerpt":{"rendered":"<p>El curso est\u00e1 dirigido a profesionales, abogados, estudiantes de Derecho, profesiones a fines y p\u00fablico en general con inter\u00e9s en la Pr\u00e1ctica del Derecho Laboral.<\/p>\n","protected":false},"featured_media":73775,"template":"","meta":[],"product_brand":[],"product_cat":[9438,9479],"product_tag":[9482,9528,9462,9527],"class_list":{"0":"post-73774","1":"product","2":"type-product","3":"status-publish","4":"has-post-thumbnail","6":"product_cat-cursos-y-talleres","7":"product_cat-cursos","8":"product_tag-derecho-laboral","9":"product_tag-ley-de-bases","10":"product_tag-practica-en-derecho-laboral","11":"product_tag-reforma-laboral","13":"first","14":"instock","15":"featured","16":"virtual","17":"purchasable","18":"product-type-simple"},"_links":{"self":[{"href":"https:\/\/www.todoelderecho.com.ar\/campus\/wp-json\/wp\/v2\/product\/73774","targetHints":{"allow":["GET"]}}],"collection":[{"href":"https:\/\/www.todoelderecho.com.ar\/campus\/wp-json\/wp\/v2\/product"}],"about":[{"href":"https:\/\/www.todoelderecho.com.ar\/campus\/wp-json\/wp\/v2\/types\/product"}],"wp:featuredmedia":[{"embeddable":true,"href":"https:\/\/www.todoelderecho.com.ar\/campus\/wp-json\/wp\/v2\/media\/73775"}],"wp:attachment":[{"href":"https:\/\/www.todoelderecho.com.ar\/campus\/wp-json\/wp\/v2\/media?parent=73774"}],"wp:term":[{"taxonomy":"product_brand","embeddable":true,"href":"https:\/\/www.todoelderecho.com.ar\/campus\/wp-json\/wp\/v2\/product_brand?post=73774"},{"taxonomy":"product_cat","embeddable":true,"href":"https:\/\/www.todoelderecho.com.ar\/campus\/wp-json\/wp\/v2\/product_cat?post=73774"},{"taxonomy":"product_tag","embeddable":true,"href":"https:\/\/www.todoelderecho.com.ar\/campus\/wp-json\/wp\/v2\/product_tag?post=73774"}],"curies":[{"name":"wp","href":"https:\/\/api.w.org\/{rel}","templated":true}]}}